{"id":780025,"date":"2025-12-30T12:22:27","date_gmt":"2025-12-30T09:22:27","guid":{"rendered":"https:\/\/roveyayinevi.com.tr\/index.php\/urun\/the-sistem\/"},"modified":"2026-04-15T03:44:42","modified_gmt":"2026-04-15T00:44:42","slug":"the-sistem","status":"publish","type":"product","link":"https:\/\/roveyayinevi.com.tr\/index.php\/urun\/the-sistem\/","title":{"rendered":"The Sistem"},"content":{"rendered":"<p>E\u011fitim Sistemi ad\u0131yla bildi\u011fimiz uygulamalar Sanayi Devrimi i\u00e7in ihtiya\u00e7 duyulan toplum yap\u0131s\u0131n\u0131 olu\u015fturacak kararlar \u00fczerine in\u015fa edilmi\u015ftir. End\u00fcstrile\u015fmeden, istatistik biliminden, standartla\u015fmadan, ortalamac\u0131 anlay\u0131\u015ftan, zek\u00e2 testlerinden, s\u0131ralama tutkusundan etkilenmi\u015f ve kapitalizm taraf\u0131ndan misyonu de\u011fi\u015ftirilmi\u015ftir.   T\u00fcm d\u00fcnyadaki e\u011fitim sistemleri, bilimin beynimizin nas\u0131l \u00e7al\u0131\u015ft\u0131\u011f\u0131na dair bulgular\u0131 ve teknoloji \u00e7a\u011f\u0131nda ya\u015f\u0131yor oldu\u011fumuz ger\u00e7e\u011fi ile \u00e7eli\u015fmektedir. \u0130ki y\u00fczy\u0131ld\u0131r idealle\u015ftirilen ortalama insan anlay\u0131\u015f\u0131ndan kurtulman\u0131n yolu, ki\u015finin kendini e\u011fitmesidir.<\/p>\n","protected":false},"excerpt":{"rendered":"<p>E\u011fitim Sistemi ad\u0131yla bildi\u011fimiz uygulamalar Sanayi Devrimi i\u00e7in ihtiya\u00e7 duyulan toplum yap\u0131s\u0131n\u0131 olu\u015fturacak kararlar \u00fczerine in\u015fa edilmi\u015ftir. End\u00fcstrile\u015fmeden, istatistik biliminden, standartla\u015fmadan, ortalamac\u0131 anlay\u0131\u015ftan, zek\u00e2 testlerinden, s\u0131ralama<span class=\"excerpt-hellip\"> [\u2026]<\/span><\/p>\n","protected":false},"featured_media":0,"template":"","meta":{"_monsterinsights_skip_tracking":false,"_monsterinsights_sitenote_active":false,"_monsterinsights_sitenote_note":"","_monsterinsights_sitenote_category":0},"product_brand":[],"product_cat":[12357],"product_tag":[],"class_list":{"0":"post-780025","1":"product","2":"type-product","3":"status-publish","5":"product_cat-psikoloji","6":"pa_cilt-ciltsiz","7":"pa_tur-kitap","8":"pa_yayinevi-timas-yayinlari","9":"pa_yazar-abdullah-reha-nazli","11":"first","12":"instock","13":"sale","14":"shipping-taxable","15":"purchasable","16":"product-type-simple"},"_links":{"self":[{"href":"https:\/\/roveyayinevi.com.tr\/index.php\/wp-json\/wp\/v2\/product\/780025","targetHints":{"allow":["GET"]}}],"collection":[{"href":"https:\/\/roveyayinevi.com.tr\/index.php\/wp-json\/wp\/v2\/product"}],"about":[{"href":"https:\/\/roveyayinevi.com.tr\/index.php\/wp-json\/wp\/v2\/types\/product"}],"wp:attachment":[{"href":"https:\/\/roveyayinevi.com.tr\/index.php\/wp-json\/wp\/v2\/media?parent=780025"}],"wp:term":[{"taxonomy":"product_brand","embeddable":true,"href":"https:\/\/roveyayinevi.com.tr\/index.php\/wp-json\/wp\/v2\/product_brand?post=780025"},{"taxonomy":"product_cat","embeddable":true,"href":"https:\/\/roveyayinevi.com.tr\/index.php\/wp-json\/wp\/v2\/product_cat?post=780025"},{"taxonomy":"product_tag","embeddable":true,"href":"https:\/\/roveyayinevi.com.tr\/index.php\/wp-json\/wp\/v2\/product_tag?post=780025"}],"curies":[{"name":"wp","href":"https:\/\/api.w.org\/{rel}","templated":true}]}}