{"id":780023,"date":"2025-12-30T12:22:21","date_gmt":"2025-12-30T09:22:21","guid":{"rendered":"https:\/\/roveyayinevi.com.tr\/index.php\/urun\/paleontoloji\/"},"modified":"2026-04-15T03:44:42","modified_gmt":"2026-04-15T00:44:42","slug":"paleontoloji","status":"publish","type":"product","link":"https:\/\/roveyayinevi.com.tr\/index.php\/urun\/paleontoloji\/","title":{"rendered":"Paleontoloji"},"content":{"rendered":"<p>Paleontoloji, yani fosil bilimi, eski d\u00f6nemlerdeki ya\u015fam\u0131 inceler. Hen\u00fcz insanlar\u0131n olmad\u0131\u011f\u0131 d\u00f6nemler bile paleontolojinin \u00e7al\u0131\u015fma alan\u0131na girer! Paleontoloji, dinozorlar hakk\u0131nda bilgi edinir ve d\u00fcnyan\u0131n eskiden nas\u0131l g\u00f6r\u00fcnd\u00fc\u011f\u00fcn\u00fc anlamak i\u00e7in fosilleri inceler. Gelece\u011fin paleontologlar\u0131 bu kitapta fosillerin nas\u0131l olu\u015ftu\u011funa, nerelerde bulunabilece\u011fine ve bize ge\u00e7mi\u015f hakk\u0131nda neler s\u00f6yleyebilece\u011fine dair \u00e7ok \u015fey \u00f6\u011frenecek! E\u011flenceli etkinlikleri ve yal\u0131n anlat\u0131m\u0131yla bu kitap belki de \u00f6m\u00fcr boyu s\u00fcrecek bir yolculu\u011fun ilk ad\u0131m\u0131 olacak! <\/p>\n","protected":false},"excerpt":{"rendered":"<p>Paleontoloji, yani fosil bilimi, eski d\u00f6nemlerdeki ya\u015fam\u0131 inceler. Hen\u00fcz insanlar\u0131n olmad\u0131\u011f\u0131 d\u00f6nemler bile paleontolojinin \u00e7al\u0131\u015fma alan\u0131na girer! Paleontoloji, dinozorlar hakk\u0131nda bilgi edinir ve d\u00fcnyan\u0131n eskiden nas\u0131l<span class=\"excerpt-hellip\"> [\u2026]<\/span><\/p>\n","protected":false},"featured_media":0,"template":"","meta":{"_monsterinsights_skip_tracking":false,"_monsterinsights_sitenote_active":false,"_monsterinsights_sitenote_note":"","_monsterinsights_sitenote_category":0},"product_brand":[],"product_cat":[13829,12274],"product_tag":[],"class_list":{"0":"post-780023","1":"product","2":"type-product","3":"status-publish","5":"product_cat-bilimsel-kitaplar","6":"product_cat-cocuk-ve-genclik-kitaplari","7":"pa_cilt-ciltsiz","8":"pa_tur-kitap","9":"pa_yayinevi-is-bankasi-kultur-yayinlari","10":"pa_yazar-jenny-jacoby","12":"first","13":"instock","14":"sale","15":"shipping-taxable","16":"purchasable","17":"product-type-simple"},"_links":{"self":[{"href":"https:\/\/roveyayinevi.com.tr\/index.php\/wp-json\/wp\/v2\/product\/780023","targetHints":{"allow":["GET"]}}],"collection":[{"href":"https:\/\/roveyayinevi.com.tr\/index.php\/wp-json\/wp\/v2\/product"}],"about":[{"href":"https:\/\/roveyayinevi.com.tr\/index.php\/wp-json\/wp\/v2\/types\/product"}],"wp:attachment":[{"href":"https:\/\/roveyayinevi.com.tr\/index.php\/wp-json\/wp\/v2\/media?parent=780023"}],"wp:term":[{"taxonomy":"product_brand","embeddable":true,"href":"https:\/\/roveyayinevi.com.tr\/index.php\/wp-json\/wp\/v2\/product_brand?post=780023"},{"taxonomy":"product_cat","embeddable":true,"href":"https:\/\/roveyayinevi.com.tr\/index.php\/wp-json\/wp\/v2\/product_cat?post=780023"},{"taxonomy":"product_tag","embeddable":true,"href":"https:\/\/roveyayinevi.com.tr\/index.php\/wp-json\/wp\/v2\/product_tag?post=780023"}],"curies":[{"name":"wp","href":"https:\/\/api.w.org\/{rel}","templated":true}]}}