{"id":780022,"date":"2025-12-30T12:22:18","date_gmt":"2025-12-30T09:22:18","guid":{"rendered":"https:\/\/roveyayinevi.com.tr\/index.php\/urun\/kis-kusu\/"},"modified":"2026-04-15T03:44:42","modified_gmt":"2026-04-15T00:44:42","slug":"kis-kusu","status":"publish","type":"product","link":"https:\/\/roveyayinevi.com.tr\/index.php\/urun\/kis-kusu\/","title":{"rendered":"K\u0131\u015f Ku\u015fu"},"content":{"rendered":"<p>B\u00fclb\u00fcl\u00fcn kanad\u0131 k\u0131r\u0131lm\u0131\u015ft\u0131. Bu nedenle, k\u0131\u015f\u0131 ge\u00e7irmek \u00fczere g\u00fcneye u\u00e7amam\u0131\u015ft\u0131. \u015eimdi ne yapacakt\u0131? Buz gibi k\u0131\u015f g\u00fcnlerini, gecelerini nas\u0131l ge\u00e7irecekti&#8230; Ama b\u00fclb\u00fcl\u00fcn hen\u00fcz bilmedi\u011fi bir \u015fey vard\u0131: Asla yaln\u0131z kalmayacakt\u0131. Hayat\u0131n zorluklar\u0131yla beraber ba\u015f edebilmek, umut ve dayan\u0131\u015fma hakk\u0131nda \u015fiirsel bir \u00f6yk\u00fc. <\/p>\n","protected":false},"excerpt":{"rendered":"<p>B\u00fclb\u00fcl\u00fcn kanad\u0131 k\u0131r\u0131lm\u0131\u015ft\u0131. Bu nedenle, k\u0131\u015f\u0131 ge\u00e7irmek \u00fczere g\u00fcneye u\u00e7amam\u0131\u015ft\u0131. \u015eimdi ne yapacakt\u0131? Buz gibi k\u0131\u015f g\u00fcnlerini, gecelerini nas\u0131l ge\u00e7irecekti&#8230; Ama b\u00fclb\u00fcl\u00fcn hen\u00fcz bilmedi\u011fi bir \u015fey<span class=\"excerpt-hellip\"> [\u2026]<\/span><\/p>\n","protected":false},"featured_media":0,"template":"","meta":{"_monsterinsights_skip_tracking":false,"_monsterinsights_sitenote_active":false,"_monsterinsights_sitenote_note":"","_monsterinsights_sitenote_category":0},"product_brand":[],"product_cat":[12274,12518],"product_tag":[],"class_list":{"0":"post-780022","1":"product","2":"type-product","3":"status-publish","5":"product_cat-cocuk-ve-genclik-kitaplari","6":"product_cat-okul-oncesi-kitaplar","7":"pa_cilt-ciltsiz","8":"pa_tur-kitap","9":"pa_yayinevi-is-bankasi-kultur-yayinlari","10":"pa_yazar-kate-banks","12":"first","13":"instock","14":"sale","15":"shipping-taxable","16":"purchasable","17":"product-type-simple"},"_links":{"self":[{"href":"https:\/\/roveyayinevi.com.tr\/index.php\/wp-json\/wp\/v2\/product\/780022","targetHints":{"allow":["GET"]}}],"collection":[{"href":"https:\/\/roveyayinevi.com.tr\/index.php\/wp-json\/wp\/v2\/product"}],"about":[{"href":"https:\/\/roveyayinevi.com.tr\/index.php\/wp-json\/wp\/v2\/types\/product"}],"wp:attachment":[{"href":"https:\/\/roveyayinevi.com.tr\/index.php\/wp-json\/wp\/v2\/media?parent=780022"}],"wp:term":[{"taxonomy":"product_brand","embeddable":true,"href":"https:\/\/roveyayinevi.com.tr\/index.php\/wp-json\/wp\/v2\/product_brand?post=780022"},{"taxonomy":"product_cat","embeddable":true,"href":"https:\/\/roveyayinevi.com.tr\/index.php\/wp-json\/wp\/v2\/product_cat?post=780022"},{"taxonomy":"product_tag","embeddable":true,"href":"https:\/\/roveyayinevi.com.tr\/index.php\/wp-json\/wp\/v2\/product_tag?post=780022"}],"curies":[{"name":"wp","href":"https:\/\/api.w.org\/{rel}","templated":true}]}}