{"id":780019,"date":"2025-12-30T12:22:09","date_gmt":"2025-12-30T09:22:09","guid":{"rendered":"https:\/\/roveyayinevi.com.tr\/index.php\/urun\/dinozor-macerasi-kaz-bul-kesfet-ciltli\/"},"modified":"2026-04-15T03:44:42","modified_gmt":"2026-04-15T00:44:42","slug":"dinozor-macerasi-kaz-bul-kesfet-ciltli","status":"publish","type":"product","link":"https:\/\/roveyayinevi.com.tr\/index.php\/urun\/dinozor-macerasi-kaz-bul-kesfet-ciltli\/","title":{"rendered":"Dinozor Macerasi \u2013 Kaz, Bul, Ke\u015ffet! (Ciltli)"},"content":{"rendered":"<p>B\u00dcY\u00dcK D\u0130NOZOR MACERASINA HO\u015e GELD\u0130N! KAZI ALANLARINDA \u00c7ALI\u015eAN FOS\u0130LB\u0130L\u0130MC\u0130LERE KATIL VE FOS\u0130LLER\u0130N GE\u00c7M\u0130\u015e HAKKINDA B\u0130LG\u0130 ED\u0130NMEM\u0130ZE NASIL YARDIMCI OLDU\u011eUNU G\u00d6R. Dinozorlar\u0131n s\u0131rlar\u0131n\u0131 ortaya \u00e7\u0131karmak ve milyonlarca y\u0131l \u00f6nce D\u00fcnya\u2019da dola\u015fan bu ilgin\u00e7 hayvanlar hakk\u0131nda her \u015feyi \u00f6\u011frenmek i\u00e7in \u0131s\u0131yla \u015feffafla\u015fan siyah alanlar\u0131 \u201ckaz ve ke\u015ffet\u201d <\/p>\n","protected":false},"excerpt":{"rendered":"<p>B\u00dcY\u00dcK D\u0130NOZOR MACERASINA HO\u015e GELD\u0130N! KAZI ALANLARINDA \u00c7ALI\u015eAN FOS\u0130LB\u0130L\u0130MC\u0130LERE KATIL VE FOS\u0130LLER\u0130N GE\u00c7M\u0130\u015e HAKKINDA B\u0130LG\u0130 ED\u0130NMEM\u0130ZE NASIL YARDIMCI OLDU\u011eUNU G\u00d6R. Dinozorlar\u0131n s\u0131rlar\u0131n\u0131 ortaya \u00e7\u0131karmak ve milyonlarca<span class=\"excerpt-hellip\"> [\u2026]<\/span><\/p>\n","protected":false},"featured_media":0,"template":"","meta":{"_monsterinsights_skip_tracking":false,"_monsterinsights_sitenote_active":false,"_monsterinsights_sitenote_note":"","_monsterinsights_sitenote_category":0},"product_brand":[],"product_cat":[12274,12518],"product_tag":[],"class_list":{"0":"post-780019","1":"product","2":"type-product","3":"status-publish","5":"product_cat-cocuk-ve-genclik-kitaplari","6":"product_cat-okul-oncesi-kitaplar","7":"pa_cilt-ciltli","8":"pa_tur-kitap","9":"pa_yayinevi-is-bankasi-kultur-yayinlari","10":"pa_yazar-kolektif","12":"first","13":"instock","14":"sale","15":"shipping-taxable","16":"purchasable","17":"product-type-simple"},"_links":{"self":[{"href":"https:\/\/roveyayinevi.com.tr\/index.php\/wp-json\/wp\/v2\/product\/780019","targetHints":{"allow":["GET"]}}],"collection":[{"href":"https:\/\/roveyayinevi.com.tr\/index.php\/wp-json\/wp\/v2\/product"}],"about":[{"href":"https:\/\/roveyayinevi.com.tr\/index.php\/wp-json\/wp\/v2\/types\/product"}],"wp:attachment":[{"href":"https:\/\/roveyayinevi.com.tr\/index.php\/wp-json\/wp\/v2\/media?parent=780019"}],"wp:term":[{"taxonomy":"product_brand","embeddable":true,"href":"https:\/\/roveyayinevi.com.tr\/index.php\/wp-json\/wp\/v2\/product_brand?post=780019"},{"taxonomy":"product_cat","embeddable":true,"href":"https:\/\/roveyayinevi.com.tr\/index.php\/wp-json\/wp\/v2\/product_cat?post=780019"},{"taxonomy":"product_tag","embeddable":true,"href":"https:\/\/roveyayinevi.com.tr\/index.php\/wp-json\/wp\/v2\/product_tag?post=780019"}],"curies":[{"name":"wp","href":"https:\/\/api.w.org\/{rel}","templated":true}]}}