{"id":780017,"date":"2025-12-30T12:22:02","date_gmt":"2025-12-30T09:22:02","guid":{"rendered":"https:\/\/roveyayinevi.com.tr\/index.php\/urun\/sen-de-oyna-is-makineleri-ciltli\/"},"modified":"2026-04-15T03:44:42","modified_gmt":"2026-04-15T00:44:42","slug":"sen-de-oyna-is-makineleri-ciltli","status":"publish","type":"product","link":"https:\/\/roveyayinevi.com.tr\/index.php\/urun\/sen-de-oyna-is-makineleri-ciltli\/","title":{"rendered":"Sen De Oyna &#8211; \u0130\u015f Makineleri (Ciltli)"},"content":{"rendered":"<p>\u0130t, \u00e7ek, \u00e7evir, kayd\u0131r! Bu etkile\u015fimli kitapla, in\u015faat alanlar\u0131nda kullan\u0131lan makineleri tan\u0131maya haz\u0131r m\u0131s\u0131n?<\/p>\n","protected":false},"excerpt":{"rendered":"<p>\u0130t, \u00e7ek, \u00e7evir, kayd\u0131r! Bu etkile\u015fimli kitapla, in\u015faat alanlar\u0131nda kullan\u0131lan makineleri tan\u0131maya haz\u0131r m\u0131s\u0131n?<\/p>\n","protected":false},"featured_media":0,"template":"","meta":{"_monsterinsights_skip_tracking":false,"_monsterinsights_sitenote_active":false,"_monsterinsights_sitenote_note":"","_monsterinsights_sitenote_category":0},"product_brand":[],"product_cat":[12274,12518],"product_tag":[],"class_list":{"0":"post-780017","1":"product","2":"type-product","3":"status-publish","5":"product_cat-cocuk-ve-genclik-kitaplari","6":"product_cat-okul-oncesi-kitaplar","7":"pa_cilt-ciltli","8":"pa_tur-kitap","9":"pa_yayinevi-is-bankasi-kultur-yayinlari","10":"pa_yazar-kolektif","12":"first","13":"instock","14":"sale","15":"shipping-taxable","16":"purchasable","17":"product-type-simple"},"_links":{"self":[{"href":"https:\/\/roveyayinevi.com.tr\/index.php\/wp-json\/wp\/v2\/product\/780017","targetHints":{"allow":["GET"]}}],"collection":[{"href":"https:\/\/roveyayinevi.com.tr\/index.php\/wp-json\/wp\/v2\/product"}],"about":[{"href":"https:\/\/roveyayinevi.com.tr\/index.php\/wp-json\/wp\/v2\/types\/product"}],"wp:attachment":[{"href":"https:\/\/roveyayinevi.com.tr\/index.php\/wp-json\/wp\/v2\/media?parent=780017"}],"wp:term":[{"taxonomy":"product_brand","embeddable":true,"href":"https:\/\/roveyayinevi.com.tr\/index.php\/wp-json\/wp\/v2\/product_brand?post=780017"},{"taxonomy":"product_cat","embeddable":true,"href":"https:\/\/roveyayinevi.com.tr\/index.php\/wp-json\/wp\/v2\/product_cat?post=780017"},{"taxonomy":"product_tag","embeddable":true,"href":"https:\/\/roveyayinevi.com.tr\/index.php\/wp-json\/wp\/v2\/product_tag?post=780017"}],"curies":[{"name":"wp","href":"https:\/\/api.w.org\/{rel}","templated":true}]}}