{"id":780015,"date":"2025-12-30T12:21:55","date_gmt":"2025-12-30T09:21:55","guid":{"rendered":"https:\/\/roveyayinevi.com.tr\/index.php\/urun\/atmosfer\/"},"modified":"2026-04-15T03:44:42","modified_gmt":"2026-04-15T00:44:42","slug":"atmosfer","status":"publish","type":"product","link":"https:\/\/roveyayinevi.com.tr\/index.php\/urun\/atmosfer\/","title":{"rendered":"Atmosfer"},"content":{"rendered":"<p>Joan Goodwin, kendini bildi bileli y\u0131ld\u0131zlara tutkundu. D\u00fc\u015f\u00fcnceli ve i\u00e7ine kapan\u0131k yap\u0131s\u0131yla Joan, Rice \u00dcniversitesi\u2019nde fizik ve astronomi profes\u00f6rl\u00fc\u011f\u00fc yaparak ve zeki ye\u011feni Frances\u2019in teyzesi olarak ya\u015fad\u0131\u011f\u0131 hayat\u0131ndan son derece memnundu. Ta ki NASA\u2019n\u0131n, uzay meki\u011fi program\u0131na kat\u0131lacak ilk kad\u0131n biliminsanlar\u0131n\u0131 arad\u0131\u011f\u0131n\u0131 bildiren ilan\u0131na denk gelene kadar. O andan sonra uzaya giden say\u0131l\u0131 insandan biri olmak i\u00e7in yan\u0131p tutu\u015fmaya ba\u015flad\u0131.1980 yaz\u0131nda binlerce ba\u015fvuran aras\u0131ndan se\u00e7ilen Joan, Houston\u2019daki Johnson Uzay Merkezi\u2019nde e\u011fitime ba\u015flad\u0131. Ona, birbirinden yetkin adaylardan olu\u015fan s\u0131rad\u0131\u015f\u0131 bir grup e\u015flik ediyordu: Top Gun pilotu Hank Redmond her durumda sakinli\u011fini koruyabilen biliminsan\u0131 John Griffin; kimseyi memnun etmek gibi bir niyeti olmayan g\u00f6rev uzman\u0131 Lydia Danes; kendi s\u0131rlar\u0131n\u0131 ta\u015f\u0131yan iyi kalpli Donna Fitzgerald; bir motoru onarabilecek, herhangi bir u\u00e7a\u011f\u0131 u\u00e7urabilecek yetenekte, \u00e7ekici ve gizemli havac\u0131l\u0131k m\u00fchendisi Vanessa Ford.Yeni astronotlar beklenmedik dostluklar kurup ilk u\u00e7u\u015flar\u0131na haz\u0131rlan\u0131rken Joan hi\u00e7 tahmin etmedi\u011fi bir tutkuya ve a\u015fka kap\u0131 aralad\u0131. Bu ayd\u0131nlanma \u00fczerine Joan, evrendeki yerine dair bildi\u011fini sand\u0131\u011f\u0131 her \u015feyi sorgulamaya ba\u015flad\u0131.Derken Aral\u0131k 1984\u2019te, STS-LR9 g\u00f6revi s\u0131ras\u0131nda her \u015fey birden alt\u00fcst oldu\u2026 <\/p>\n","protected":false},"excerpt":{"rendered":"<p>Joan Goodwin, kendini bildi bileli y\u0131ld\u0131zlara tutkundu. D\u00fc\u015f\u00fcnceli ve i\u00e7ine kapan\u0131k yap\u0131s\u0131yla Joan, Rice \u00dcniversitesi\u2019nde fizik ve astronomi profes\u00f6rl\u00fc\u011f\u00fc yaparak ve zeki ye\u011feni Frances\u2019in teyzesi olarak<span class=\"excerpt-hellip\"> [\u2026]<\/span><\/p>\n","protected":false},"featured_media":0,"template":"","meta":{"_monsterinsights_skip_tracking":false,"_monsterinsights_sitenote_active":false,"_monsterinsights_sitenote_note":"","_monsterinsights_sitenote_category":0},"product_brand":[],"product_cat":[12291,12711],"product_tag":[],"class_list":{"0":"post-780015","1":"product","2":"type-product","3":"status-publish","5":"product_cat-edebiyat","6":"product_cat-roman-oyku","7":"pa_cilt-ciltsiz","8":"pa_tur-kitap","9":"pa_yayinevi-yabanci-yayinevi","10":"pa_yazar-taylor-jenkins-reid","12":"first","13":"instock","14":"sale","15":"shipping-taxable","16":"purchasable","17":"product-type-simple"},"_links":{"self":[{"href":"https:\/\/roveyayinevi.com.tr\/index.php\/wp-json\/wp\/v2\/product\/780015","targetHints":{"allow":["GET"]}}],"collection":[{"href":"https:\/\/roveyayinevi.com.tr\/index.php\/wp-json\/wp\/v2\/product"}],"about":[{"href":"https:\/\/roveyayinevi.com.tr\/index.php\/wp-json\/wp\/v2\/types\/product"}],"wp:attachment":[{"href":"https:\/\/roveyayinevi.com.tr\/index.php\/wp-json\/wp\/v2\/media?parent=780015"}],"wp:term":[{"taxonomy":"product_brand","embeddable":true,"href":"https:\/\/roveyayinevi.com.tr\/index.php\/wp-json\/wp\/v2\/product_brand?post=780015"},{"taxonomy":"product_cat","embeddable":true,"href":"https:\/\/roveyayinevi.com.tr\/index.php\/wp-json\/wp\/v2\/product_cat?post=780015"},{"taxonomy":"product_tag","embeddable":true,"href":"https:\/\/roveyayinevi.com.tr\/index.php\/wp-json\/wp\/v2\/product_tag?post=780015"}],"curies":[{"name":"wp","href":"https:\/\/api.w.org\/{rel}","templated":true}]}}