{"id":780013,"date":"2025-12-30T12:21:48","date_gmt":"2025-12-30T09:21:48","guid":{"rendered":"https:\/\/roveyayinevi.com.tr\/index.php\/urun\/gumus-elit\/"},"modified":"2026-04-15T03:44:42","modified_gmt":"2026-04-15T00:44:42","slug":"gumus-elit","status":"publish","type":"product","link":"https:\/\/roveyayinevi.com.tr\/index.php\/urun\/gumus-elit\/","title":{"rendered":"G\u00fcm\u00fc\u015f Elit"},"content":{"rendered":"<p>\u00d6zel yeteneklerin \u00f6l\u00fcmle cezaland\u0131r\u0131ld\u0131\u011f\u0131 bir d\u00fcnyada, hayatta kalmak i\u00e7in baz\u0131 kurallar vard\u0131r: K\u0130MSEYE G\u00dcVENME. Wren Darlington b\u00fct\u00fcn hayat\u0131n\u0131 saklanarak, \u00f6zel yeteneklerini geli\u015ftirerek ve Ba\u015fkald\u0131r\u0131\u2019ya yard\u0131m ederek ge\u00e7irmi\u015fti. K\u0131ta\u2019da Modifiye olmak idam anlam\u0131na geliyordu ve Wren ya\u015fayan en g\u00fc\u00e7l\u00fc Modlardan biriydi. B\u00fcy\u00fck bir dikkatsizlik sonucunda kendini d\u00fc\u015fman\u0131n elinde bulan Wren, en elit e\u011fitim program\u0131 olan G\u00fcm\u00fc\u015f Blok\u2019a kat\u0131lmak zorunda kalm\u0131\u015ft\u0131. Bu, ona d\u00fc\u015fmana i\u00e7eriden sald\u0131rma f\u0131rsat\u0131 sunsa da asl\u0131nda i\u015fi g\u00f6r\u00fcnd\u00fc\u011f\u00fc kadar kolay de\u011fildi. GER\u00c7EK K\u0130ML\u0130\u011e\u0130N\u0130 SAKLA. G\u00fcm\u00fc\u015f Blok\u2019ta e\u011fitim \u00f6l\u00fcmc\u00fcl olabilirdi; \u00f6zellikle de tehlikeli s\u0131rlar saklayan ve \u00f6lmesini isteyen insanlarla birlikte ya\u015famak zorunda kalan birisi i\u00e7in\u2026 EN B\u00dcY\u00dcK D\u00dc\u015eMANINA ASLA \u00c2\u015eIK OLMA. Risk giderek artarken Wren kendisini kan\u0131tlamak zorundayd\u0131 ama bu, ac\u0131mas\u0131z oldu\u011fu kadar kar\u015f\u0131 konulmaz bir \u00e7ekicili\u011fe sahip Y\u00fczba\u015f\u0131 Cross Redden g\u00f6z\u00fcn\u00fc onun \u00fczerinden ay\u0131rmazken tahmin etti\u011finden \u00e7ok daha zor olacakt\u0131. Bu s\u0131rada Modlar ve onlar\u0131 yok etmeye ant i\u00e7enler aras\u0131ndaki sava\u015f gitgide daha sert bir h\u00e2l al\u0131yordu. Wren\u2019in karar verme vakti gelmi\u015fti: Ya kendini koruyacakt\u0131 ya da K\u0131ta\u2019y\u0131 korumak i\u00e7in t\u00fcm tehlikelere ra\u011fmen elinden geleni yapacakt\u0131.  \u201cDani Francis, uzun zamand\u0131r okumay\u0131 heyecanla bekledi\u011fim romantik bir distopya kaleme alm\u0131\u015f. Tam anlam\u0131yla hayran kald\u0131m!\u201d \u2014ALI HAZELWOOD \u201cG\u00fcm\u00fc\u015f Elit, soluk solu\u011fa okutan temposu ve unutulmaz karakterleriyle tek oturu\u015fta bitirilecek bir roman. Elinizden b\u0131rakamayacaks\u0131n\u0131z.\u201d \u2014OLIVIA WILDENSTEIN \u201cBu kitap ba\u011f\u0131ml\u0131l\u0131k yarat\u0131yor. Sayfalar\u0131 yeterince h\u0131zl\u0131 \u00e7eviremedim!\u201d \u2014L. K. STEVEN \u201cFrancis, yaratt\u0131\u011f\u0131 evrenle aksiyonu bol bir kurgu sunarken, kusurlar\u0131yla bile insan\u0131 kendine \u00e7eken, duygusal a\u00e7\u0131dan katmanl\u0131 karakterler yarat\u0131yor. Bu serinin devam\u0131 merakla beklenecek.\u201d \u2014PUBLISHERS WEEKLY \u201cAkademi ortam\u0131n\u0131n b\u00fcy\u00fcs\u00fc, s\u00fcrekli artan bir gerilim ve yasak bir a\u015fk\u2026 G\u00fcm\u00fc\u015f Elit, okurlar\u0131n arad\u0131\u011f\u0131 o romantik ve s\u00fcr\u00fckleyici duyguyu tam isabet yakalayan bir roman.\u201d \u2014BOOKLIST \u201cC\u00fcretk\u00e2r, y\u00fcksek tempolu ve adrenalin y\u00fckl\u00fc bir distopik ilk roman.\u201d \u2014LIBRARY JOURNAL \u201cTempo o kadar y\u00fcksek ki sayfalar kendili\u011finden ak\u0131yor. Kurgu hem heyecan verici hem deba\u011f\u0131ml\u0131l\u0131k yarat\u0131c\u0131\u2026 Her b\u00f6l\u00fcm\u00fc sonras\u0131nda ne olaca\u011f\u0131n\u0131 \u00f6\u011frenmek i\u00e7in merakla okuyacaks\u0131n\u0131z.\u201d\u2014PASTE Uyar\u0131: Yeti\u015fkin okurlar i\u00e7indir. <\/p>\n","protected":false},"excerpt":{"rendered":"<p>\u00d6zel yeteneklerin \u00f6l\u00fcmle cezaland\u0131r\u0131ld\u0131\u011f\u0131 bir d\u00fcnyada, hayatta kalmak i\u00e7in baz\u0131 kurallar vard\u0131r: K\u0130MSEYE G\u00dcVENME. Wren Darlington b\u00fct\u00fcn hayat\u0131n\u0131 saklanarak, \u00f6zel yeteneklerini geli\u015ftirerek ve Ba\u015fkald\u0131r\u0131\u2019ya yard\u0131m ederek<span class=\"excerpt-hellip\"> [\u2026]<\/span><\/p>\n","protected":false},"featured_media":0,"template":"","meta":{"_monsterinsights_skip_tracking":false,"_monsterinsights_sitenote_active":false,"_monsterinsights_sitenote_note":"","_monsterinsights_sitenote_category":0},"product_brand":[],"product_cat":[12291,14777],"product_tag":[],"class_list":{"0":"post-780013","1":"product","2":"type-product","3":"status-publish","5":"product_cat-edebiyat","6":"product_cat-fantastik","7":"pa_cilt-ciltsiz","8":"pa_tur-kitap","9":"pa_yayinevi-yabanci-yayinevi","10":"pa_yazar-dani-francis","12":"first","13":"instock","14":"sale","15":"shipping-taxable","16":"purchasable","17":"product-type-simple"},"_links":{"self":[{"href":"https:\/\/roveyayinevi.com.tr\/index.php\/wp-json\/wp\/v2\/product\/780013","targetHints":{"allow":["GET"]}}],"collection":[{"href":"https:\/\/roveyayinevi.com.tr\/index.php\/wp-json\/wp\/v2\/product"}],"about":[{"href":"https:\/\/roveyayinevi.com.tr\/index.php\/wp-json\/wp\/v2\/types\/product"}],"wp:attachment":[{"href":"https:\/\/roveyayinevi.com.tr\/index.php\/wp-json\/wp\/v2\/media?parent=780013"}],"wp:term":[{"taxonomy":"product_brand","embeddable":true,"href":"https:\/\/roveyayinevi.com.tr\/index.php\/wp-json\/wp\/v2\/product_brand?post=780013"},{"taxonomy":"product_cat","embeddable":true,"href":"https:\/\/roveyayinevi.com.tr\/index.php\/wp-json\/wp\/v2\/product_cat?post=780013"},{"taxonomy":"product_tag","embeddable":true,"href":"https:\/\/roveyayinevi.com.tr\/index.php\/wp-json\/wp\/v2\/product_tag?post=780013"}],"curies":[{"name":"wp","href":"https:\/\/api.w.org\/{rel}","templated":true}]}}