{"id":780012,"date":"2025-12-30T12:21:46","date_gmt":"2025-12-30T09:21:46","guid":{"rendered":"https:\/\/roveyayinevi.com.tr\/index.php\/urun\/yetiskinler-icin-dehb-rehberi-odak-uretkenlik-ve-denge-icin-7-temel-ilke\/"},"modified":"2026-04-15T03:44:42","modified_gmt":"2026-04-15T00:44:42","slug":"yetiskinler-icin-dehb-rehberi-odak-uretkenlik-ve-denge-icin-7-temel-ilke","status":"publish","type":"product","link":"https:\/\/roveyayinevi.com.tr\/index.php\/urun\/yetiskinler-icin-dehb-rehberi-odak-uretkenlik-ve-denge-icin-7-temel-ilke\/","title":{"rendered":"Yeti\u015fkinler \u0130\u00e7in DEHB Rehberi \u2013 Odak, \u00dcretkenlik ve Denge \u0130\u00e7in 7 Temel \u0130lke"},"content":{"rendered":"<p>DEHB\u2019nizi y\u00f6netmeyin, onunla birlikte gu\u0308\u00e7lenin! DEHB\u2019niz varsa ya da oldu\u011fundan \u015fu\u0308pheleniyorsan\u0131z; yar\u0131m kalan i\u015fler, i\u015fe yaramayan al\u0131\u015fkanl\u0131klar ve bir tu\u0308rlu\u0308 \u201ckendinizi toparlayamama\u201d hissi art\u0131k hayat\u0131n\u0131z\u0131n fonu h\u00e2line geldiyse, bu kitap tam size g\u00f6re. Kendisi de DEHB\u2019li olan yeti\u015fkin DEHB psikiyatristi Dr. James Kustow, amac\u0131n yaln\u0131zca bu durumu \u201cidare etmek\u201d de\u011fil, onunla birlikte geli\u015fmek ve kendi potansiyelinizi ortaya \u00e7\u0131karmak oldu\u011funu anlat\u0131yor. Bu \u00e7\u0131\u011f\u0131r a\u00e7an rehber, \u00f6nce size \u00f6zgu\u0308 \u201cDEHB profilini\u201d ke\u015ffetmenize yard\u0131mc\u0131 oluyor; ard\u0131ndan hayat\u0131n\u0131z\u0131 sadele\u015ftirmeniz, zihinsel \u201cgu\u0308ru\u0308ltu\u0308yu\u0308\u201d azaltman\u0131z vebeyin sa\u011fl\u0131\u011f\u0131n\u0131z\u0131 gu\u0308\u00e7lendirmeniz i\u00e7in ad\u0131m ad\u0131m ilerleyen yedi su\u0308tunlu bir plan sunuyor. Yeti\u015fkinler \u0130\u00e7in DEHB Rehberi, sadece kendi yolculu\u011funuz i\u00e7in de\u011fil, sevdi\u011fi birinin ya\u015fad\u0131\u011f\u0131 zorluklar\u0131 anlamaya ve ona destek olmaya \u00e7al\u0131\u015fan herkes i\u00e7in de gu\u0308venilir ve gu\u0308\u00e7lu\u0308 bir rehber niteli\u011finde. <\/p>\n","protected":false},"excerpt":{"rendered":"<p>DEHB\u2019nizi y\u00f6netmeyin, onunla birlikte gu\u0308\u00e7lenin! DEHB\u2019niz varsa ya da oldu\u011fundan \u015fu\u0308pheleniyorsan\u0131z; yar\u0131m kalan i\u015fler, i\u015fe yaramayan al\u0131\u015fkanl\u0131klar ve bir tu\u0308rlu\u0308 \u201ckendinizi toparlayamama\u201d hissi art\u0131k hayat\u0131n\u0131z\u0131n fonu<span class=\"excerpt-hellip\"> [\u2026]<\/span><\/p>\n","protected":false},"featured_media":0,"template":"","meta":{"_monsterinsights_skip_tracking":false,"_monsterinsights_sitenote_active":false,"_monsterinsights_sitenote_note":"","_monsterinsights_sitenote_category":0},"product_brand":[],"product_cat":[12364,12376],"product_tag":[],"class_list":{"0":"post-780012","1":"product","2":"type-product","3":"status-publish","5":"product_cat-genel-konular","6":"product_cat-kisisel-gelisim","7":"pa_cilt-ciltsiz","8":"pa_tur-kitap","9":"pa_yayinevi-nova-kitap","10":"pa_yazar-james-kustow","12":"first","13":"instock","14":"sale","15":"shipping-taxable","16":"purchasable","17":"product-type-simple"},"_links":{"self":[{"href":"https:\/\/roveyayinevi.com.tr\/index.php\/wp-json\/wp\/v2\/product\/780012","targetHints":{"allow":["GET"]}}],"collection":[{"href":"https:\/\/roveyayinevi.com.tr\/index.php\/wp-json\/wp\/v2\/product"}],"about":[{"href":"https:\/\/roveyayinevi.com.tr\/index.php\/wp-json\/wp\/v2\/types\/product"}],"wp:attachment":[{"href":"https:\/\/roveyayinevi.com.tr\/index.php\/wp-json\/wp\/v2\/media?parent=780012"}],"wp:term":[{"taxonomy":"product_brand","embeddable":true,"href":"https:\/\/roveyayinevi.com.tr\/index.php\/wp-json\/wp\/v2\/product_brand?post=780012"},{"taxonomy":"product_cat","embeddable":true,"href":"https:\/\/roveyayinevi.com.tr\/index.php\/wp-json\/wp\/v2\/product_cat?post=780012"},{"taxonomy":"product_tag","embeddable":true,"href":"https:\/\/roveyayinevi.com.tr\/index.php\/wp-json\/wp\/v2\/product_tag?post=780012"}],"curies":[{"name":"wp","href":"https:\/\/api.w.org\/{rel}","templated":true}]}}