{"id":780005,"date":"2025-12-30T12:21:06","date_gmt":"2025-12-30T09:21:06","guid":{"rendered":"https:\/\/roveyayinevi.com.tr\/index.php\/urun\/ambessa\/"},"modified":"2026-04-15T03:44:42","modified_gmt":"2026-04-15T00:44:42","slug":"ambessa","status":"publish","type":"product","link":"https:\/\/roveyayinevi.com.tr\/index.php\/urun\/ambessa\/","title":{"rendered":"Ambessa"},"content":{"rendered":"<p>ARCANE: LEAGUE OF LEGENDS EVREN\u0130NDEN \u2013NETFLIX\u2019TEK\u0130 \u00d6D\u00dcLL\u00dc AN\u0130MASYON SER\u0130S\u0130NDEN\u2013 DAHA \u00d6NCE H\u0130\u00c7 ANLATILMAMI\u015e B\u0130R H\u0130K\u00c2YE GEL\u0130YOR:AMBESSA MEDARDA\u2019NIN G\u00dcCE Y\u00dcKSEL\u0130\u015e\u0130N\u0130N H\u0130K\u00c2YES\u0130. Medarda her \u015feyin \u00fcst\u00fcndedir. Sava\u015f\u00e7\u0131, general, anne. Ondan korkulur \u00e7\u00fcnk\u00fc Medarda ailesi, s\u00f6z konusu \u015fan ve ihti\u015fam oldu\u011funda rakip tan\u0131maz. Ambessa ordulara ve fetihlere \u00f6nc\u00fcl\u00fck etmi\u015ftir. Efsanevi yarat\u0131klar \u00f6ld\u00fcrm\u00fc\u015ft\u00fcr. R\u00fctbesi y\u00fckselirken a\u011f\u0131r bedeller \u00f6demi\u015ftir. Ve bunlar\u0131n kar\u015f\u0131l\u0131\u011f\u0131nda da \u00f6d\u00fcllendirilmi\u015ftir: \u00d6l\u00fcm diyar\u0131na girmi\u015f ve ona geni\u015f Noxus \u0130mparatorlu\u011fu\u2019nun taht\u0131nda kendisini g\u00f6rd\u00fc\u011f\u00fc bir vizyon bah\u015fedilmi\u015ftir.\u0130mparatorlu\u011fu y\u00f6netmeden \u00f6nce, kendi klan\u0131n\u0131n ba\u015f\u0131na ge\u00e7mek zorundad\u0131r. Ancak bu unvan, kuzeni ve bir zamanlar en g\u00fcvendi\u011fi dostu olan Ta\u2019Fik taraf\u0131ndan da talep edilmektedir. Ta\u2019Fik, Ambessa\u2019n\u0131n kanl\u0131 ge\u00e7mi\u015finin g\u00fcnahlar\u0131n\u0131 biliyordur. Ve onun y\u00fckselmesine asla izin veremeyece\u011fini de. Medardalar\u0131n ruhu i\u00e7in bir sava\u015f ba\u015flayacak. Ama sava\u015f yaln\u0131zca sava\u015f meydanlar\u0131nda verilmeyecek. Ambessa\u2019n\u0131n k\u0131z\u0131 Mel, herkesin kalbinin etraf\u0131ndaki duvarlar\u0131 kolayl\u0131kla y\u0131kabilen bir zek\u00e2ya sahiptir ve bu yetene\u011fini annesi i\u00e7in kullanacakt\u0131r. Oysa Ambessa, onda sadece \u00f6l\u00fcmc\u00fcl i\u00e7g\u00fcd\u00fclerden yoksun bir \u00e7ocuk g\u00f6r\u00fcyordur.Ailesi taraf\u0131ndan ihanete u\u011frarken, d\u00fc\u015fmanlar\u0131 her yandan yakla\u015f\u0131rken ve g\u00f6r\u00fcnmez g\u00fc\u00e7ler g\u00f6lgelerde hareket ederken, her g\u00fcn bir \u00f6ncekinden daha tehlikeli h\u00e2le gelir. Ama Ambessa boyun e\u011fmeyecektir. D\u00fcnyay\u0131 yak\u0131p k\u00fcl etmeye bile raz\u0131d\u0131r, yeter ki hak etti\u011fi yeri alabilsin.<\/p>\n","protected":false},"excerpt":{"rendered":"<p>ARCANE: LEAGUE OF LEGENDS EVREN\u0130NDEN \u2013NETFLIX\u2019TEK\u0130 \u00d6D\u00dcLL\u00dc AN\u0130MASYON SER\u0130S\u0130NDEN\u2013 DAHA \u00d6NCE H\u0130\u00c7 ANLATILMAMI\u015e B\u0130R H\u0130K\u00c2YE GEL\u0130YOR:AMBESSA MEDARDA\u2019NIN G\u00dcCE Y\u00dcKSEL\u0130\u015e\u0130N\u0130N H\u0130K\u00c2YES\u0130. Medarda her \u015feyin \u00fcst\u00fcndedir. Sava\u015f\u00e7\u0131, general,<span class=\"excerpt-hellip\"> [\u2026]<\/span><\/p>\n","protected":false},"featured_media":0,"template":"","meta":{"_monsterinsights_skip_tracking":false,"_monsterinsights_sitenote_active":false,"_monsterinsights_sitenote_note":"","_monsterinsights_sitenote_category":0},"product_brand":[],"product_cat":[12291,14777],"product_tag":[],"class_list":{"0":"post-780005","1":"product","2":"type-product","3":"status-publish","5":"product_cat-edebiyat","6":"product_cat-fantastik","7":"pa_cilt-ciltsiz","8":"pa_tur-kitap","9":"pa_yayinevi-ithaki-yayinlari","10":"pa_yazar-c-l-clark","12":"first","13":"instock","14":"sale","15":"shipping-taxable","16":"purchasable","17":"product-type-simple"},"_links":{"self":[{"href":"https:\/\/roveyayinevi.com.tr\/index.php\/wp-json\/wp\/v2\/product\/780005","targetHints":{"allow":["GET"]}}],"collection":[{"href":"https:\/\/roveyayinevi.com.tr\/index.php\/wp-json\/wp\/v2\/product"}],"about":[{"href":"https:\/\/roveyayinevi.com.tr\/index.php\/wp-json\/wp\/v2\/types\/product"}],"wp:attachment":[{"href":"https:\/\/roveyayinevi.com.tr\/index.php\/wp-json\/wp\/v2\/media?parent=780005"}],"wp:term":[{"taxonomy":"product_brand","embeddable":true,"href":"https:\/\/roveyayinevi.com.tr\/index.php\/wp-json\/wp\/v2\/product_brand?post=780005"},{"taxonomy":"product_cat","embeddable":true,"href":"https:\/\/roveyayinevi.com.tr\/index.php\/wp-json\/wp\/v2\/product_cat?post=780005"},{"taxonomy":"product_tag","embeddable":true,"href":"https:\/\/roveyayinevi.com.tr\/index.php\/wp-json\/wp\/v2\/product_tag?post=780005"}],"curies":[{"name":"wp","href":"https:\/\/api.w.org\/{rel}","templated":true}]}}