{"id":780004,"date":"2025-12-30T12:21:02","date_gmt":"2025-12-30T09:21:02","guid":{"rendered":"https:\/\/roveyayinevi.com.tr\/index.php\/urun\/aksamcilar\/"},"modified":"2026-04-15T03:44:42","modified_gmt":"2026-04-15T00:44:42","slug":"aksamcilar","status":"publish","type":"product","link":"https:\/\/roveyayinevi.com.tr\/index.php\/urun\/aksamcilar\/","title":{"rendered":"Ak\u015famc\u0131lar"},"content":{"rendered":"<p>Yaz\u0131 hayat\u0131 1910\u2019lu y\u0131llarda ba\u015flayan Osman Cemal Kayg\u0131l\u0131, T\u00fcrk edebiyat\u0131nda, Cumhuriyet&#8217;in erken d\u00f6nemindeki \u015fehir ya\u015fam\u0131n\u0131, halk k\u00fclt\u00fcr\u00fcn\u00fc ve g\u00fcndelik hayat\u0131n mizah\u0131n\u0131 ustal\u0131kla yans\u0131tan isimlerin ba\u015f\u0131nda geliyor. Tiyatro oyunu, roman, ara\u015ft\u0131rma, an\u0131 gibi bir\u00e7ok edebi t\u00fcrde eser vermi\u015f olan Kayg\u0131l\u0131, \u00f6zellikle \u0130stanbul\u2019un sokaklar\u0131n\u0131, kahvehanelerini, esnaf\u0131n\u0131 ve s\u0131radan insanlar\u0131n\u0131 canl\u0131 bir g\u00f6zlem g\u00fcc\u00fcyle anlatm\u0131\u015f, d\u00f6neminin mizah bas\u0131n\u0131nda yer alan yaz\u0131lar\u0131yla halk dilini edebiyata ta\u015f\u0131m\u0131\u015ft\u0131r ve bu y\u00f6n\u00fcyle hem bir halk anlat\u0131c\u0131s\u0131 hem de \u0130stanbul folklorunun titiz bir kay\u0131t\u00e7\u0131s\u0131 olarak an\u0131lmaktad\u0131r. Onun eserlerinde g\u00f6r\u00fclen mizah, yaln\u0131zca g\u00fclmece unsuru de\u011fil, ayn\u0131 zamanda alt s\u0131n\u0131flar\u0131n hayata tutunma bi\u00e7imidir. Kayg\u0131l\u0131, bir \u201c\u015fehir halkbilimcisi\u201d titizli\u011fiyle yapt\u0131\u011f\u0131 g\u00f6zlemler arac\u0131l\u0131\u011f\u0131yla okuruna \u0130stanbul\u2019un ta\u015fral\u0131 kalm\u0131\u015f y\u00fcz\u00fcn\u00fc g\u00f6sterirken, bir yandan da Bat\u0131 tiyatrosunu, m\u00fczi\u011fini ve edebiyat\u0131n\u0131 yak\u0131ndan takip ederek edindi\u011fi derin bilgisini geleneksel ve \u00e7a\u011fda\u015f k\u00fclt\u00fcrel \u00f6\u011feleri bir arada yorumlayarak eserlerine yans\u0131tm\u0131\u015ft\u0131r.Yazar\u0131n bizzat kendi an\u0131lar\u0131ndan yola \u00e7\u0131karak kaleme ald\u0131\u011f\u0131, 1930\u2019lar \u0130stanbul\u2019unun ak\u015famc\u0131lar\u0131n\u0131 kaydetti\u011fi, hem kurmaca hem ger\u00e7ek\u00e7i \u00f6\u011feler i\u00e7eren Ak\u015famc\u0131lar \u2013 Eski Bir Ak\u015famc\u0131n\u0131n Defterinden, bir d\u00f6nemin sofra adab\u0131na, edebiyat ve m\u00fczik zevkine, renkli \u201c\u00e2lemlerine\u201d tutulan bir ayna niteli\u011fi ta\u015f\u0131yor. Elinizdeki kitap, Son Telgraf gazetesinde 1937-1938 y\u0131llar\u0131nda tefrika edilen yaz\u0131lar ile daha evvel bas\u0131lm\u0131\u015f n\u00fcshalar kar\u015f\u0131la\u015ft\u0131r\u0131larak haz\u0131rlanm\u0131\u015ft\u0131r.\u201cBu topi\u011fi sen mi yap\u0131yorsun, yoksa mayrik mi?\u201d\u201cMayrik yapoor, ben satoorum!\u201d\u201c\u00d6yleyse haydi sat bakal\u0131m da g\u00f6relim!\u201dHerif eline kutusunu al\u0131r, ba\u011f\u0131rarak dola\u015fmaya ba\u015flar:\u201cHani ya baharl\u0131d\u0131r topik! Zencefillidir, \u015fekerlidir topik!\u201dYeni gelmi\u015f ve daha ilk kadehini yuvarlamam\u0131\u015f olan bal\u0131k\u00e7\u0131 k\u0131l\u0131kl\u0131,posb\u0131y\u0131kl\u0131, ya\u015fl\u0131 bir Ermeni:\u201cZo \u00e7\u0131ld\u0131rd\u0131n sen, yoksam alay edoorsun, topi\u011fin zencefillisi, \u015fekerlisi oloor!\u201d<\/p>\n","protected":false},"excerpt":{"rendered":"<p>Yaz\u0131 hayat\u0131 1910\u2019lu y\u0131llarda ba\u015flayan Osman Cemal Kayg\u0131l\u0131, T\u00fcrk edebiyat\u0131nda, Cumhuriyet&#8217;in erken d\u00f6nemindeki \u015fehir ya\u015fam\u0131n\u0131, halk k\u00fclt\u00fcr\u00fcn\u00fc ve g\u00fcndelik hayat\u0131n mizah\u0131n\u0131 ustal\u0131kla yans\u0131tan isimlerin ba\u015f\u0131nda geliyor.<span class=\"excerpt-hellip\"> [\u2026]<\/span><\/p>\n","protected":false},"featured_media":0,"template":"","meta":{"_monsterinsights_skip_tracking":false,"_monsterinsights_sitenote_active":false,"_monsterinsights_sitenote_note":"","_monsterinsights_sitenote_category":0},"product_brand":[],"product_cat":[18545,12291],"product_tag":[],"class_list":{"0":"post-780004","1":"product","2":"type-product","3":"status-publish","5":"product_cat-anlati","6":"product_cat-edebiyat","7":"pa_cilt-ciltsiz","8":"pa_tur-kitap","9":"pa_yayinevi-everest-yayinlari","10":"pa_yazar-osman-cemal-kaygili","12":"first","13":"instock","14":"sale","15":"shipping-taxable","16":"purchasable","17":"product-type-simple"},"_links":{"self":[{"href":"https:\/\/roveyayinevi.com.tr\/index.php\/wp-json\/wp\/v2\/product\/780004","targetHints":{"allow":["GET"]}}],"collection":[{"href":"https:\/\/roveyayinevi.com.tr\/index.php\/wp-json\/wp\/v2\/product"}],"about":[{"href":"https:\/\/roveyayinevi.com.tr\/index.php\/wp-json\/wp\/v2\/types\/product"}],"wp:attachment":[{"href":"https:\/\/roveyayinevi.com.tr\/index.php\/wp-json\/wp\/v2\/media?parent=780004"}],"wp:term":[{"taxonomy":"product_brand","embeddable":true,"href":"https:\/\/roveyayinevi.com.tr\/index.php\/wp-json\/wp\/v2\/product_brand?post=780004"},{"taxonomy":"product_cat","embeddable":true,"href":"https:\/\/roveyayinevi.com.tr\/index.php\/wp-json\/wp\/v2\/product_cat?post=780004"},{"taxonomy":"product_tag","embeddable":true,"href":"https:\/\/roveyayinevi.com.tr\/index.php\/wp-json\/wp\/v2\/product_tag?post=780004"}],"curies":[{"name":"wp","href":"https:\/\/api.w.org\/{rel}","templated":true}]}}