{"id":780003,"date":"2025-12-30T12:20:59","date_gmt":"2025-12-30T09:20:59","guid":{"rendered":"https:\/\/roveyayinevi.com.tr\/index.php\/urun\/kastamonulu-ahmed-ziyaeddin-efendinin-usulculugu\/"},"modified":"2026-04-15T03:44:42","modified_gmt":"2026-04-15T00:44:42","slug":"kastamonulu-ahmed-ziyaeddin-efendinin-usulculugu","status":"publish","type":"product","link":"https:\/\/roveyayinevi.com.tr\/index.php\/urun\/kastamonulu-ahmed-ziyaeddin-efendinin-usulculugu\/","title":{"rendered":"Kastamonulu Ahmed Ziyaeddin Efendi\u2019nin Usulc\u00fcl\u00fc\u011f\u00fc"},"content":{"rendered":"<p>B\u00d6L\u00dcMLER 1. B\u00f6l\u00fcm: Dr. \u00d6\u011fr. \u00dcyesi Yunus YAL\u00c7IN taraf\u0131ndan kaleme al\u0131nm\u0131\u015ft\u0131r. \u201cEvliy\u00e2 Efendiz\u00e2de Ahmed Ziy\u00e2eddin el-Efendi\u2019nin F\u0131k\u0131h\u00e7\u0131l\u0131k Y\u00f6n\u00fc ve Hul\u00e2sat\u00fc\u2019l-Efk\u00e2r \u0130simli Us\u00fbl Eserinin F\u0131k\u0131h Literat\u00fcr\u00fcndeki Yeri\u201d ba\u015fl\u0131\u011f\u0131n\u0131 ta\u015f\u0131maktad\u0131r. Bu b\u00f6l\u00fcmde m\u00fcellifin hayat\u0131, ilm\u00ee \u015fahsiyeti ve eserleri tan\u0131t\u0131lm\u0131\u015f; Hul\u00e2sat\u00fc\u2019l-Efk\u00e2r\u2019\u0131n telif amac\u0131, ilm\u00ee dayanaklar\u0131 ve literat\u00fcrdeki konumu incelenmi\u015ftir. 2. B\u00f6l\u00fcm: Dr. \u00d6\u011fr. \u00dcyesi Yunus YAL\u00c7IN taraf\u0131ndan kaleme al\u0131nm\u0131\u015ft\u0131r. \u201cEvliy\u00e2 Efendiz\u00e2de Ahmed Ziy\u00e2eddin Efendi\u2019nin Hul\u00e2sat\u00fc\u2019l-Efk\u00e2r\u2019\u0131nda H\u00e2s Laf\u0131zlarla \u0130lgili B\u00f6l\u00fcm\u00fcn De\u011ferlendirilmesi\u201d ba\u015fl\u0131\u011f\u0131n\u0131 ta\u015f\u0131maktad\u0131r. M\u00fcellifin laf\u0131z teorisi i\u00e7erisindeki \u201ch\u00e2s laf\u0131zlar\u201da yakla\u015f\u0131m\u0131n\u0131 konu edinmektedir. Hanef\u00ee us\u00fbl gelene\u011findeki benzer g\u00f6r\u00fc\u015flerle kar\u015f\u0131la\u015ft\u0131rmal\u0131 bir analiz yap\u0131lm\u0131\u015ft\u0131r. 3. B\u00f6l\u00fcm: Dr. \u00d6\u011fr. \u00dcyesi Ramazan AKSOY taraf\u0131ndan kaleme al\u0131nm\u0131\u015ft\u0131r. \u201cEvliy\u00e2 Efendiz\u00e2de Ahmed Ziy\u00e2eddin Efendi\u2019nin Hul\u00e2sat\u00fc\u2019l-Efk\u00e2r\u2019\u0131nda \u0130stinbat Metotlar\u0131 (Laf\u0131zlar\u0131n T\u00e2bi Tutuldu\u011fu Vecihler)\u201d ba\u015fl\u0131\u011f\u0131n\u0131 ta\u015f\u0131maktad\u0131r. Bu b\u00f6l\u00fcmde m\u00fcellifin Kur\u2019an ve s\u00fcnnet laf\u0131zlar\u0131ndan h\u00fck\u00fcm \u00e7\u0131karma y\u00f6ntemleri ele al\u0131nm\u0131\u015f; \u201cv\u00fcc\u00fbhu\u2019n-nazm\u201d, \u201cv\u00fcc\u00fbhu\u2019l-bey\u00e2n\u201d, \u201cv\u00fcc\u00fbhu\u2019l-isti\u2018m\u00e2l\u201d ve \u201cv\u00fcc\u00fbhu\u2019lvuk\u00fbf\u201d kavramlar\u0131 ayr\u0131nt\u0131l\u0131 bi\u00e7imde a\u00e7\u0131klanm\u0131\u015ft\u0131r. 4. B\u00f6l\u00fcm: Dr. \u00d6\u011fr. \u00dcyesi Abdullah ERDEM taraf\u0131ndan yaz\u0131lm\u0131\u015ft\u0131r. \u201cEvliy\u00e2 Efendiz\u00e2de Ahmed Ziy\u00e2eddin Efendi\u2019nin Us\u00fbl D\u00fc\u015f\u00fcncesi (Me\u015fr\u00fb\u00e2t, S\u00fcnnete Ait Konular, Naslar Aras\u0131 Te\u00e2ruz, Beyan Teorisi ve Ef\u2018\u00e2l-i Neb\u00ee)\u201d ba\u015fl\u0131\u011f\u0131n\u0131 ta\u015f\u0131maktad\u0131r. M\u00fcellifin \u015fer\u2018\u00ee deliller aras\u0131ndaki ili\u015fkiye, s\u00fcnnetin bilgi de\u011feri ve beyan teorisine dair g\u00f6r\u00fc\u015fleri de\u011ferlendirilmektedir. 5. B\u00f6l\u00fcm: Do\u00e7. Dr. Ramazan \u00c7\u00d6KL\u00dc taraf\u0131ndan kaleme al\u0131nm\u0131\u015ft\u0131r. \u201cEvliy\u00e2 Efendiz\u00e2de Ahmed Ziy\u00e2eddin Efendi\u2019nin Us\u00fbl D\u00fc\u015f\u00fcncesi (\u0130cm\u00e2, K\u0131yas, \u0130\u00e7tihad, Ahk\u00e2m, Ehliyet, Haramlar ve \u00c7e\u015fitli Meseleler)\u201d ba\u015fl\u0131\u011f\u0131n\u0131 ta\u015f\u0131maktad\u0131r. Bu b\u00f6l\u00fcmde m\u00fcellifin i\u00e7tihat, k\u0131yas, icm\u00e2 ve ahk\u00e2m teorisine dair tahlilleri, klasik us\u00fbl kaynaklar\u0131yla kar\u015f\u0131la\u015ft\u0131rmal\u0131 olarak ele al\u0131nm\u0131\u015ft\u0131r. <\/p>\n","protected":false},"excerpt":{"rendered":"<p>B\u00d6L\u00dcMLER 1. B\u00f6l\u00fcm: Dr. \u00d6\u011fr. \u00dcyesi Yunus YAL\u00c7IN taraf\u0131ndan kaleme al\u0131nm\u0131\u015ft\u0131r. \u201cEvliy\u00e2 Efendiz\u00e2de Ahmed Ziy\u00e2eddin el-Efendi\u2019nin F\u0131k\u0131h\u00e7\u0131l\u0131k Y\u00f6n\u00fc ve Hul\u00e2sat\u00fc\u2019l-Efk\u00e2r \u0130simli Us\u00fbl Eserinin F\u0131k\u0131h Literat\u00fcr\u00fcndeki Yeri\u201d<span class=\"excerpt-hellip\"> [\u2026]<\/span><\/p>\n","protected":false},"featured_media":0,"template":"","meta":{"_monsterinsights_skip_tracking":false,"_monsterinsights_sitenote_active":false,"_monsterinsights_sitenote_note":"","_monsterinsights_sitenote_category":0},"product_brand":[],"product_cat":[12573,12566],"product_tag":[],"class_list":{"0":"post-780003","1":"product","2":"type-product","3":"status-publish","5":"product_cat-akademik-kitaplar","6":"product_cat-egitim","7":"pa_cilt-ciltsiz","8":"pa_tur-kitap","9":"pa_yayinevi-soncag-akademik-kitaplar","10":"pa_yazar-kolektif","12":"first","13":"instock","14":"sale","15":"shipping-taxable","16":"purchasable","17":"product-type-simple"},"_links":{"self":[{"href":"https:\/\/roveyayinevi.com.tr\/index.php\/wp-json\/wp\/v2\/product\/780003","targetHints":{"allow":["GET"]}}],"collection":[{"href":"https:\/\/roveyayinevi.com.tr\/index.php\/wp-json\/wp\/v2\/product"}],"about":[{"href":"https:\/\/roveyayinevi.com.tr\/index.php\/wp-json\/wp\/v2\/types\/product"}],"wp:attachment":[{"href":"https:\/\/roveyayinevi.com.tr\/index.php\/wp-json\/wp\/v2\/media?parent=780003"}],"wp:term":[{"taxonomy":"product_brand","embeddable":true,"href":"https:\/\/roveyayinevi.com.tr\/index.php\/wp-json\/wp\/v2\/product_brand?post=780003"},{"taxonomy":"product_cat","embeddable":true,"href":"https:\/\/roveyayinevi.com.tr\/index.php\/wp-json\/wp\/v2\/product_cat?post=780003"},{"taxonomy":"product_tag","embeddable":true,"href":"https:\/\/roveyayinevi.com.tr\/index.php\/wp-json\/wp\/v2\/product_tag?post=780003"}],"curies":[{"name":"wp","href":"https:\/\/api.w.org\/{rel}","templated":true}]}}