{"id":780002,"date":"2025-12-30T12:20:56","date_gmt":"2025-12-30T09:20:56","guid":{"rendered":"https:\/\/roveyayinevi.com.tr\/index.php\/urun\/kalbimin-sessizligi\/"},"modified":"2026-04-15T03:44:42","modified_gmt":"2026-04-15T00:44:42","slug":"kalbimin-sessizligi","status":"publish","type":"product","link":"https:\/\/roveyayinevi.com.tr\/index.php\/urun\/kalbimin-sessizligi\/","title":{"rendered":"Kalbimin Sessizli\u011fi"},"content":{"rendered":"<p>Bu kitap, bir kalbin sessizli\u011fiyle ba\u015flayan, bir ruhun derinliklerinde yank\u0131lanan yolculu\u011fun izlerini ta\u015f\u0131yor. Her \u015fiir; a\u015fk\u0131n s\u0131cakl\u0131\u011f\u0131n\u0131, \u00f6l\u00fcm\u00fcn so\u011fuklu\u011funu, dostlu\u011fun g\u00fcvenini, do\u011fan\u0131n huzurunu ve Allah\u2019a duyulan sonsuz sevgiyi m\u0131sralara d\u00f6n\u00fc\u015ft\u00fcr\u00fcyor. Sayfalar\u0131 \u00e7evirdik\u00e7e belki kendi yaralar\u0131n\u0131, belki de unuttu\u011fun umutlar\u0131n\u0131 bulacaks\u0131n. \u00c7\u00fcnk\u00fc bu sat\u0131rlar, yaln\u0131zca bir kalemin de\u011fil;insan\u0131n en saf duygular\u0131n\u0131n dile geli\u015fidir. <\/p>\n","protected":false},"excerpt":{"rendered":"<p>Bu kitap, bir kalbin sessizli\u011fiyle ba\u015flayan, bir ruhun derinliklerinde yank\u0131lanan yolculu\u011fun izlerini ta\u015f\u0131yor. Her \u015fiir; a\u015fk\u0131n s\u0131cakl\u0131\u011f\u0131n\u0131, \u00f6l\u00fcm\u00fcn so\u011fuklu\u011funu, dostlu\u011fun g\u00fcvenini, do\u011fan\u0131n huzurunu ve Allah\u2019a duyulan<span class=\"excerpt-hellip\"> [\u2026]<\/span><\/p>\n","protected":false},"featured_media":0,"template":"","meta":{"_monsterinsights_skip_tracking":false,"_monsterinsights_sitenote_active":false,"_monsterinsights_sitenote_note":"","_monsterinsights_sitenote_category":0},"product_brand":[],"product_cat":[12291,12509],"product_tag":[],"class_list":{"0":"post-780002","1":"product","2":"type-product","3":"status-publish","5":"product_cat-edebiyat","6":"product_cat-siir","7":"pa_cilt-ciltsiz","8":"pa_tur-kitap","9":"pa_yayinevi-soncag","10":"pa_yazar-sumeyra-toptas","12":"first","13":"instock","14":"sale","15":"shipping-taxable","16":"purchasable","17":"product-type-simple"},"_links":{"self":[{"href":"https:\/\/roveyayinevi.com.tr\/index.php\/wp-json\/wp\/v2\/product\/780002","targetHints":{"allow":["GET"]}}],"collection":[{"href":"https:\/\/roveyayinevi.com.tr\/index.php\/wp-json\/wp\/v2\/product"}],"about":[{"href":"https:\/\/roveyayinevi.com.tr\/index.php\/wp-json\/wp\/v2\/types\/product"}],"wp:attachment":[{"href":"https:\/\/roveyayinevi.com.tr\/index.php\/wp-json\/wp\/v2\/media?parent=780002"}],"wp:term":[{"taxonomy":"product_brand","embeddable":true,"href":"https:\/\/roveyayinevi.com.tr\/index.php\/wp-json\/wp\/v2\/product_brand?post=780002"},{"taxonomy":"product_cat","embeddable":true,"href":"https:\/\/roveyayinevi.com.tr\/index.php\/wp-json\/wp\/v2\/product_cat?post=780002"},{"taxonomy":"product_tag","embeddable":true,"href":"https:\/\/roveyayinevi.com.tr\/index.php\/wp-json\/wp\/v2\/product_tag?post=780002"}],"curies":[{"name":"wp","href":"https:\/\/api.w.org\/{rel}","templated":true}]}}