{"id":780001,"date":"2025-12-30T12:20:52","date_gmt":"2025-12-30T09:20:52","guid":{"rendered":"https:\/\/roveyayinevi.com.tr\/index.php\/urun\/sozcukler-fotograflar\/"},"modified":"2026-04-15T03:44:42","modified_gmt":"2026-04-15T00:44:42","slug":"sozcukler-fotograflar","status":"publish","type":"product","link":"https:\/\/roveyayinevi.com.tr\/index.php\/urun\/sozcukler-fotograflar\/","title":{"rendered":"S\u00f6zc\u00fckler Foto\u011fraflar"},"content":{"rendered":"<p>Barthes, \u201cfoto\u011fraf sessiz olmal\u0131d\u0131r\u201d, der Camera Lucida\u2019da, ve ekler: \u201cBu, bir \u00f6l\u00e7\u00fcl\u00fcl\u00fck de\u011fil, bir m\u00fczik sorunudur.\u201d Bu foto\u011fraflarda da sessizli\u011fin m\u00fczi\u011fini duyuyoruz. Sessizlik, imgenin sesi, dahas\u0131 imgenin ta kendisi oluyor. D\u00fcz, saydam ve beyaz y\u00fczeyleriyle (gene Barthes gibi s\u00f6yleyeyim), bir punctum olan sessizlik! Ger\u00e7ekten \u00f6yle: K\u00e2mil F\u0131rat\u2019\u0131n foto\u011fraflar\u0131n\u0131n \u015fiirsel etkisi, sessizlikte kendini belli ediyor. Sessizlik, evet, \u00e7\u00fcnk\u00fc betimlenemez olan\u2019\u0131n imgesi onun foto\u011fraflar\u0131; hatta, belki de anlat\u0131lamaz olan\u2019\u0131n\u2026   Hilmi Yavuz <\/p>\n","protected":false},"excerpt":{"rendered":"<p>Barthes, \u201cfoto\u011fraf sessiz olmal\u0131d\u0131r\u201d, der Camera Lucida\u2019da, ve ekler: \u201cBu, bir \u00f6l\u00e7\u00fcl\u00fcl\u00fck de\u011fil, bir m\u00fczik sorunudur.\u201d Bu foto\u011fraflarda da sessizli\u011fin m\u00fczi\u011fini duyuyoruz. Sessizlik, imgenin sesi, dahas\u0131<span class=\"excerpt-hellip\"> [\u2026]<\/span><\/p>\n","protected":false},"featured_media":0,"template":"","meta":{"_monsterinsights_skip_tracking":false,"_monsterinsights_sitenote_active":false,"_monsterinsights_sitenote_note":"","_monsterinsights_sitenote_category":0},"product_brand":[],"product_cat":[12777,12291],"product_tag":[],"class_list":{"0":"post-780001","1":"product","2":"type-product","3":"status-publish","5":"product_cat-deneme","6":"product_cat-edebiyat","7":"pa_cilt-ciltsiz","8":"pa_tur-kitap","9":"pa_yayinevi-everest-yayinlari","10":"pa_yazar-hilmi-yavuz-kamil-firat","12":"first","13":"instock","14":"sale","15":"shipping-taxable","16":"purchasable","17":"product-type-simple"},"_links":{"self":[{"href":"https:\/\/roveyayinevi.com.tr\/index.php\/wp-json\/wp\/v2\/product\/780001","targetHints":{"allow":["GET"]}}],"collection":[{"href":"https:\/\/roveyayinevi.com.tr\/index.php\/wp-json\/wp\/v2\/product"}],"about":[{"href":"https:\/\/roveyayinevi.com.tr\/index.php\/wp-json\/wp\/v2\/types\/product"}],"wp:attachment":[{"href":"https:\/\/roveyayinevi.com.tr\/index.php\/wp-json\/wp\/v2\/media?parent=780001"}],"wp:term":[{"taxonomy":"product_brand","embeddable":true,"href":"https:\/\/roveyayinevi.com.tr\/index.php\/wp-json\/wp\/v2\/product_brand?post=780001"},{"taxonomy":"product_cat","embeddable":true,"href":"https:\/\/roveyayinevi.com.tr\/index.php\/wp-json\/wp\/v2\/product_cat?post=780001"},{"taxonomy":"product_tag","embeddable":true,"href":"https:\/\/roveyayinevi.com.tr\/index.php\/wp-json\/wp\/v2\/product_tag?post=780001"}],"curies":[{"name":"wp","href":"https:\/\/api.w.org\/{rel}","templated":true}]}}