{"id":779996,"date":"2025-12-30T12:20:34","date_gmt":"2025-12-30T09:20:34","guid":{"rendered":"https:\/\/roveyayinevi.com.tr\/index.php\/urun\/kayip-degerler-ve-aile\/"},"modified":"2026-04-15T03:44:41","modified_gmt":"2026-04-15T00:44:41","slug":"kayip-degerler-ve-aile","status":"publish","type":"product","link":"https:\/\/roveyayinevi.com.tr\/index.php\/urun\/kayip-degerler-ve-aile\/","title":{"rendered":"Kay\u0131p De\u011ferler ve Aile"},"content":{"rendered":"<p>Kay\u0131p De\u011ferler ve Aile \u2013 Son Kale AileMurat Aslan Aile, insan\u0131n d\u00fcnyaya g\u00f6z\u00fcn\u00fc a\u00e7t\u0131\u011f\u0131 ilk yuvad\u0131r\u2026\u0130nsan orada b\u00fcy\u00fcr, orada \u015fekillenir, orada hayata tutunur.Bug\u00fcn ise bu kadim yuva, modern d\u00fcnyan\u0131n f\u0131rt\u0131nalar\u0131 kar\u015f\u0131s\u0131nda her zamankinden daha fazla sars\u0131l\u0131yor. Murat Aslan, y\u0131llar\u0131n\u0131 aile yap\u0131s\u0131n\u0131n temellerini ara\u015ft\u0131rmaya adam\u0131\u015f bir yazar ve bir baba olarak bu eserde, kaybolan de\u011ferlerin izini s\u00fcr\u00fcyor. Sadakatin, sayg\u0131n\u0131n, maneviyat\u0131n ve sorumlulu\u011fun nas\u0131l zay\u0131flad\u0131\u011f\u0131n\u0131; aileyi aile yapan k\u00f6klerin nas\u0131l gev\u015fedi\u011fini a\u00e7\u0131k bir y\u00fcreklilikle ortaya koyuyor. Bu kitap bir serzeni\u015f de\u011fil; bir uyar\u0131, bir \u00e7a\u011fr\u0131, bir yeniden dirili\u015f davetidir.\u00c7\u00fcnk\u00fc yazar\u0131n da s\u0131k\u00e7a dile getirdi\u011fi gibi:\u201cAile y\u0131k\u0131l\u0131rsa toplum y\u0131k\u0131l\u0131r; aile g\u00fc\u00e7lenirse devlet y\u00fckselir.\u201d Bir zamanlar ayn\u0131 sofrada bir araya gelmenin bereketi vard\u0131\u2026B\u00fcy\u00fcklerin duas\u0131 evin dire\u011fiydi\u2026\u00c7ocuklar dedelerinin dizinin dibinde b\u00fcy\u00fcrd\u00fc\u2026Bug\u00fcn ise kap\u0131lar kilitli, sofralar ayr\u0131, kalpler uzak\u2026 \u201cKay\u0131p De\u011ferler ve Aile\u201d, bu kopu\u015fu durdurmak; aileyi yeniden ihya etmek i\u00e7in kaleme al\u0131nm\u0131\u015f g\u00fc\u00e7l\u00fc bir eserdir.Kitap, yedi b\u00f6l\u00fcm boyunca hem yaralar\u0131 tespit ediyor hem de \u00e7\u00f6z\u00fcmler sunuyor: \u2022 Kay\u0131p de\u011ferlerin k\u00f6keni\u2022 Sadakatin ve ba\u011fl\u0131l\u0131\u011f\u0131n \u00e7\u00f6k\u00fc\u015f\u00fc\u2022 Sayg\u0131 ve hiyerar\u015finin kayb\u0131\u2022 Maneviyat\u0131n evlerden \u00e7ekili\u015fi\u2022 De\u011fer aktar\u0131m\u0131n\u0131n zay\u0131flamas\u0131\u2022 Toplumsal bask\u0131lar\u0131n aile \u00fczerindeki etkileri\u2022 Yeniden dirili\u015f i\u00e7in yol haritas\u0131 Her sat\u0131r\u0131nda bir baban\u0131n kayg\u0131s\u0131, bir m\u00fchendisin sistematik bak\u0131\u015f\u0131, bir sivil toplum \u00f6nderinin toplumsal sorumlulu\u011fu ve bir yazar\u0131n g\u00fc\u00e7l\u00fc kalemi hissedilir. Bu kitap; evinden y\u00fckselen sesleri duymak isteyen herkese, aileyi korumak i\u00e7in bir ad\u0131m atmay\u0131 g\u00f6ze alanlara, gelece\u011fini kurtarmak isteyen anne-babalara bir rehberdir. Aile, bu milletin son kalesidir.Bu kale d\u00fc\u015ferse, hi\u00e7bir kazan\u0131m bizi ayakta tutamaz. Sayfalar\u0131 \u00e7evirdik\u00e7e yaln\u0131zca bir kitap de\u011fil, bir uyan\u0131\u015f hareketi okuyacaks\u0131n\u0131z.Belki sars\u0131lacak, belki h\u00fcz\u00fcnlenecek, belki de kendi evinizdeki ger\u00e7eklerle y\u00fczle\u015feceksiniz\u2026Ama en \u00f6nemlisi, yeniden dirili\u015fin m\u00fcmk\u00fcn oldu\u011funu g\u00f6receksiniz. Son kale h\u00e2l\u00e2 ayakta\u2026Yeter ki onu ya\u015fatacak iradeyi kaybetmeyelim. <\/p>\n","protected":false},"excerpt":{"rendered":"<p>Kay\u0131p De\u011ferler ve Aile \u2013 Son Kale AileMurat Aslan Aile, insan\u0131n d\u00fcnyaya g\u00f6z\u00fcn\u00fc a\u00e7t\u0131\u011f\u0131 ilk yuvad\u0131r\u2026\u0130nsan orada b\u00fcy\u00fcr, orada \u015fekillenir, orada hayata tutunur.Bug\u00fcn ise bu kadim<span class=\"excerpt-hellip\"> [\u2026]<\/span><\/p>\n","protected":false},"featured_media":0,"template":"","meta":{"_monsterinsights_skip_tracking":false,"_monsterinsights_sitenote_active":false,"_monsterinsights_sitenote_note":"","_monsterinsights_sitenote_category":0},"product_brand":[],"product_cat":[12831,12324],"product_tag":[],"class_list":{"0":"post-779996","1":"product","2":"type-product","3":"status-publish","5":"product_cat-aile-ve-cocuk","6":"product_cat-sosyoloji","7":"pa_cilt-ciltsiz","8":"pa_tur-kitap","9":"pa_yayinevi-kalem-lugat-yayincilik","10":"pa_yazar-murat-aslan","12":"first","13":"instock","14":"sale","15":"shipping-taxable","16":"purchasable","17":"product-type-simple"},"_links":{"self":[{"href":"https:\/\/roveyayinevi.com.tr\/index.php\/wp-json\/wp\/v2\/product\/779996","targetHints":{"allow":["GET"]}}],"collection":[{"href":"https:\/\/roveyayinevi.com.tr\/index.php\/wp-json\/wp\/v2\/product"}],"about":[{"href":"https:\/\/roveyayinevi.com.tr\/index.php\/wp-json\/wp\/v2\/types\/product"}],"wp:attachment":[{"href":"https:\/\/roveyayinevi.com.tr\/index.php\/wp-json\/wp\/v2\/media?parent=779996"}],"wp:term":[{"taxonomy":"product_brand","embeddable":true,"href":"https:\/\/roveyayinevi.com.tr\/index.php\/wp-json\/wp\/v2\/product_brand?post=779996"},{"taxonomy":"product_cat","embeddable":true,"href":"https:\/\/roveyayinevi.com.tr\/index.php\/wp-json\/wp\/v2\/product_cat?post=779996"},{"taxonomy":"product_tag","embeddable":true,"href":"https:\/\/roveyayinevi.com.tr\/index.php\/wp-json\/wp\/v2\/product_tag?post=779996"}],"curies":[{"name":"wp","href":"https:\/\/api.w.org\/{rel}","templated":true}]}}