{"id":779993,"date":"2025-12-30T12:20:25","date_gmt":"2025-12-30T09:20:25","guid":{"rendered":"https:\/\/roveyayinevi.com.tr\/index.php\/urun\/turkiyenin-siyasal-hayati-1946-2025\/"},"modified":"2026-02-03T03:43:27","modified_gmt":"2026-02-03T00:43:27","slug":"turkiyenin-siyasal-hayati-1946-2025","status":"publish","type":"product","link":"https:\/\/roveyayinevi.com.tr\/index.php\/urun\/turkiyenin-siyasal-hayati-1946-2025\/","title":{"rendered":"T\u00fcrkiye&#8217;nin Siyasal Hayat\u0131 1946-2025"},"content":{"rendered":"<p>T\u00fcrkiye\u2019nin Siyasal Hayat\u0131 (1946\u20132025), Cumhuriyet tarihinin \u00e7ok partili hayata ge\u00e7i\u015fle ba\u015flayan ve g\u00fcn\u00fcm\u00fcz T\u00fcrkiye\u2019sine uzanan en kritik 80 y\u0131ll\u0131k d\u00f6nemi kapsaml\u0131 bir perspektifle ele al\u0131yor. Siyasi k\u0131r\u0131lmalar, darbe s\u00fcre\u00e7leri, toplumsal d\u00f6n\u00fc\u015f\u00fcmler, ekonomik krizler, kimlik siyaseti ve dijital \u00e7a\u011f\u0131n y\u00fckselen etkileri\u2026 Bu eser, T\u00fcrkiye\u2019nin siyasal yolculu\u011funu hem akademik hem de anla\u015f\u0131l\u0131r bir dille analiz ederek okuyucuya g\u00fc\u00e7l\u00fc bir tarihsel \u00e7er\u00e7eve sunuyor. Cengiz \u00d6zler, siyasi tecr\u00fcbeleri, toplumsal g\u00f6zlemleri ve birikimiyle, 1946\u2019dan 2025\u2019e uzanan s\u00fcre\u00e7te T\u00fcrkiye\u2019yi \u015fekillendiren akt\u00f6rleri, olaylar\u0131 ve d\u00f6n\u00fcm noktalar\u0131n\u0131 net bir bak\u0131\u015fla ortaya koyuyor. Demokrasi, istikrar ve de\u011fi\u015fimin i\u00e7 i\u00e7e ge\u00e7ti\u011fi bu uzun yolculuk; T\u00fcrkiye\u2019nin nereden geldi\u011fini, bug\u00fcn\u00fcn\u00fc ve gelece\u011finin nas\u0131l \u015fekillenebilece\u011fini anlamak isteyen herkes i\u00e7in \u00f6nemli bir rehber niteli\u011finde. \u201cBir \u00fclkenin siyasal haf\u0131zas\u0131, gelece\u011fini ta\u015f\u0131yan en g\u00fc\u00e7l\u00fc mirast\u0131r.\u201d <\/p>\n","protected":false},"excerpt":{"rendered":"<p>T\u00fcrkiye\u2019nin Siyasal Hayat\u0131 (1946\u20132025), Cumhuriyet tarihinin \u00e7ok partili hayata ge\u00e7i\u015fle ba\u015flayan ve g\u00fcn\u00fcm\u00fcz T\u00fcrkiye\u2019sine uzanan en kritik 80 y\u0131ll\u0131k d\u00f6nemi kapsaml\u0131 bir perspektifle ele al\u0131yor. Siyasi<span class=\"excerpt-hellip\"> [\u2026]<\/span><\/p>\n","protected":false},"featured_media":0,"template":"","meta":{"_monsterinsights_skip_tracking":false,"_monsterinsights_sitenote_active":false,"_monsterinsights_sitenote_note":"","_monsterinsights_sitenote_category":0},"product_brand":[],"product_cat":[12337],"product_tag":[],"class_list":{"0":"post-779993","1":"product","2":"type-product","3":"status-publish","5":"product_cat-politika-siyaset","6":"pa_cilt-ciltsiz","7":"pa_tur-kitap","8":"pa_yayinevi-kalem-lugat-yayincilik","9":"pa_yazar-cengiz-ozler","11":"first","12":"instock","13":"sale","14":"shipping-taxable","15":"purchasable","16":"product-type-simple"},"_links":{"self":[{"href":"https:\/\/roveyayinevi.com.tr\/index.php\/wp-json\/wp\/v2\/product\/779993","targetHints":{"allow":["GET"]}}],"collection":[{"href":"https:\/\/roveyayinevi.com.tr\/index.php\/wp-json\/wp\/v2\/product"}],"about":[{"href":"https:\/\/roveyayinevi.com.tr\/index.php\/wp-json\/wp\/v2\/types\/product"}],"wp:attachment":[{"href":"https:\/\/roveyayinevi.com.tr\/index.php\/wp-json\/wp\/v2\/media?parent=779993"}],"wp:term":[{"taxonomy":"product_brand","embeddable":true,"href":"https:\/\/roveyayinevi.com.tr\/index.php\/wp-json\/wp\/v2\/product_brand?post=779993"},{"taxonomy":"product_cat","embeddable":true,"href":"https:\/\/roveyayinevi.com.tr\/index.php\/wp-json\/wp\/v2\/product_cat?post=779993"},{"taxonomy":"product_tag","embeddable":true,"href":"https:\/\/roveyayinevi.com.tr\/index.php\/wp-json\/wp\/v2\/product_tag?post=779993"}],"curies":[{"name":"wp","href":"https:\/\/api.w.org\/{rel}","templated":true}]}}