{"id":779992,"date":"2025-12-30T12:20:20","date_gmt":"2025-12-30T09:20:20","guid":{"rendered":"https:\/\/roveyayinevi.com.tr\/index.php\/urun\/kan-ve-kul-2\/"},"modified":"2026-04-15T03:44:41","modified_gmt":"2026-04-15T00:44:41","slug":"kan-ve-kul-2","status":"publish","type":"product","link":"https:\/\/roveyayinevi.com.tr\/index.php\/urun\/kan-ve-kul-2\/","title":{"rendered":"Kan ve K\u00fcl"},"content":{"rendered":"<p>\u201cKad\u0131n, bir toplumun en k\u0131r\u0131lgan aynas\u0131d\u0131r; o sustu\u011funda, asl\u0131nda b\u00fct\u00fcn bir insanl\u0131k sesini kaybeder.\u201d Kan ve K\u00fcl, kad\u0131n\u0131n var olma \u00e7abas\u0131n\u0131, kimlik m\u00fccadelesini, ac\u0131lar\u0131n\u0131 ve yeniden do\u011fu\u015funu \u00e7arp\u0131c\u0131 bir dille anlatan sars\u0131c\u0131 bir roman\u2026Ay\u015fe Akta\u015f, toplumun g\u00f6rmezden geldi\u011fi yaralar\u0131, unutulmaya terk edilen kad\u0131n hik\u00e2yelerini cesur bir kalemle yeniden g\u00fcn y\u00fcz\u00fcne \u00e7\u0131kar\u0131yor. Bu roman;bazen kaybedilmi\u015f bir gen\u00e7 k\u0131zl\u0131\u011f\u0131n \u00e7\u0131\u011fl\u0131\u011f\u0131,bazen anneli\u011fin sessiz fedak\u00e2rl\u0131\u011f\u0131,bazen bir odada hapsedilmi\u015f bir ruhun yank\u0131s\u0131,bazen de \u201cg\u00f6r\u00fclmek\u201d u\u011fruna verilen bir ya\u015fam sava\u015f\u0131n\u0131n izleri\u2026 Elys isimli karakterin \u201calt\u0131n bir kafeste\u201d sakl\u0131 tutulan, nefes bile almas\u0131 kontrol edilen ya\u015fam\u0131; bug\u00fcn d\u00fcnyan\u0131n d\u00f6rt bir yan\u0131nda \u00f6zg\u00fcrl\u00fc\u011f\u00fc, hayalleri, hatta ya\u015fam hakk\u0131 \u00e7al\u0131nan t\u00fcm kad\u0131nlar\u0131n sembol\u00fc oluyor.Bu kurgu, sadece bir hik\u00e2ye de\u011fil; M\u00fcnevver Karabulut\u2019tan \u00d6zgecan Aslan\u2019a, P\u0131nar G\u00fcltekin\u2019den Narin G\u00fcran\u2019a kadar kaybedilmi\u015f kad\u0131nlar\u0131n ger\u00e7e\u011fiyle \u00f6r\u00fclm\u00fc\u015f bir y\u00fczle\u015fme. Kitap boyunca farkl\u0131 hayatlar\u0131n kesi\u015fen ac\u0131lar\u0131, kad\u0131n olman\u0131n ne demek oldu\u011funu yeniden d\u00fc\u015f\u00fcnd\u00fcr\u00fcyor.Toplumun y\u00fckledi\u011fi roller, bast\u0131r\u0131lm\u0131\u015f hayaller, yok say\u0131lm\u0131\u015f kimlikler, yar\u0131m b\u0131rak\u0131lm\u0131\u015f \u00f6m\u00fcrler\u2026 Hepsi bu romanda bir araya geliyor. Bu eser, sadece kad\u0131nlar\u0131n hik\u00e2yesi de\u011fil; insanl\u0131\u011f\u0131n vicdan\u0131na yaz\u0131lm\u0131\u015f bir \u00e7a\u011fr\u0131 niteli\u011finde.Unutulmas\u0131n diye\u2026Unutturulmas\u0131n diye\u2026Tekrar ya\u015fanmas\u0131n diye\u2026 Kan ve K\u00fcl, bir kad\u0131n\u0131n k\u00fcllerinden yeniden do\u011fu\u015funu anlat\u0131rken okuyucuyu hem derinden sars\u0131yor hem de g\u00fc\u00e7l\u00fc bir umut \u0131\u015f\u0131\u011f\u0131 yak\u0131yor. <\/p>\n","protected":false},"excerpt":{"rendered":"<p>\u201cKad\u0131n, bir toplumun en k\u0131r\u0131lgan aynas\u0131d\u0131r; o sustu\u011funda, asl\u0131nda b\u00fct\u00fcn bir insanl\u0131k sesini kaybeder.\u201d Kan ve K\u00fcl, kad\u0131n\u0131n var olma \u00e7abas\u0131n\u0131, kimlik m\u00fccadelesini, ac\u0131lar\u0131n\u0131 ve yeniden<span class=\"excerpt-hellip\"> [\u2026]<\/span><\/p>\n","protected":false},"featured_media":0,"template":"","meta":{"_monsterinsights_skip_tracking":false,"_monsterinsights_sitenote_active":false,"_monsterinsights_sitenote_note":"","_monsterinsights_sitenote_category":0},"product_brand":[],"product_cat":[12291,12711],"product_tag":[],"class_list":{"0":"post-779992","1":"product","2":"type-product","3":"status-publish","5":"product_cat-edebiyat","6":"product_cat-roman-oyku","7":"pa_cilt-ciltsiz","8":"pa_tur-kitap","9":"pa_yayinevi-kalem-lugat-yayincilik","10":"pa_yazar-ayse-aktas","12":"first","13":"instock","14":"sale","15":"shipping-taxable","16":"purchasable","17":"product-type-simple"},"_links":{"self":[{"href":"https:\/\/roveyayinevi.com.tr\/index.php\/wp-json\/wp\/v2\/product\/779992","targetHints":{"allow":["GET"]}}],"collection":[{"href":"https:\/\/roveyayinevi.com.tr\/index.php\/wp-json\/wp\/v2\/product"}],"about":[{"href":"https:\/\/roveyayinevi.com.tr\/index.php\/wp-json\/wp\/v2\/types\/product"}],"wp:attachment":[{"href":"https:\/\/roveyayinevi.com.tr\/index.php\/wp-json\/wp\/v2\/media?parent=779992"}],"wp:term":[{"taxonomy":"product_brand","embeddable":true,"href":"https:\/\/roveyayinevi.com.tr\/index.php\/wp-json\/wp\/v2\/product_brand?post=779992"},{"taxonomy":"product_cat","embeddable":true,"href":"https:\/\/roveyayinevi.com.tr\/index.php\/wp-json\/wp\/v2\/product_cat?post=779992"},{"taxonomy":"product_tag","embeddable":true,"href":"https:\/\/roveyayinevi.com.tr\/index.php\/wp-json\/wp\/v2\/product_tag?post=779992"}],"curies":[{"name":"wp","href":"https:\/\/api.w.org\/{rel}","templated":true}]}}