{"id":779989,"date":"2025-12-30T12:20:11","date_gmt":"2025-12-30T09:20:11","guid":{"rendered":"https:\/\/roveyayinevi.com.tr\/index.php\/urun\/gelecegi-merak-ediyorum-yapay-zeka\/"},"modified":"2026-04-15T03:44:41","modified_gmt":"2026-04-15T00:44:41","slug":"gelecegi-merak-ediyorum-yapay-zeka","status":"publish","type":"product","link":"https:\/\/roveyayinevi.com.tr\/index.php\/urun\/gelecegi-merak-ediyorum-yapay-zeka\/","title":{"rendered":"Gelece\u011fi Merak Ediyorum &#8211; Yapay Zeka"},"content":{"rendered":"<p>Yapay zek\u00e2 h\u0131zl\u0131ca hayat\u0131m\u0131za girdi ve art\u0131k her yerde kar\u015f\u0131m\u0131za \u00e7\u0131k\u0131yor: Bilgisayarda en sevdi\u011fimiz oyunlar\u0131 oynarken, navigasyon bize yol g\u00f6sterirken ya da robot s\u00fcp\u00fcrge yerdeki k\u0131r\u0131nt\u0131lar\u0131 toplarken\u2026 Hepsinin arkas\u0131nda yapay zek\u00e2 var! Peki bu ak\u0131ll\u0131 teknoloji nereden \u00e7\u0131kt\u0131? \u015eu anda neler yapabiliyor? Gelecekte bizi hangi s\u00fcrprizler bekliyor? \u0130novasyon, yapay zek\u00e2 ve gelece\u011fin d\u00fcnyas\u0131 \u00fczerine \u00e7al\u0131\u015fan Ay\u015feg\u00fcl \u0130ldeniz, sizi otonom ara\u00e7lar, dilimizi \u00f6\u011frenmeye ba\u015flayan robotlar ve zihin okuyabilen makinelerle dolu bir d\u00fcnyaya davet ediyor. Gelece\u011fi Merak Ediyorum: Yapay Zek\u00e2 \u00e7ocuklar i\u00e7in bir \u201cyapay zek\u00e2y\u0131 anlama rehberi\u201d. Haz\u0131rsan\u0131z, gelece\u011fi birlikte ke\u015ffedelim!<\/p>\n","protected":false},"excerpt":{"rendered":"<p>Yapay zek\u00e2 h\u0131zl\u0131ca hayat\u0131m\u0131za girdi ve art\u0131k her yerde kar\u015f\u0131m\u0131za \u00e7\u0131k\u0131yor: Bilgisayarda en sevdi\u011fimiz oyunlar\u0131 oynarken, navigasyon bize yol g\u00f6sterirken ya da robot s\u00fcp\u00fcrge yerdeki k\u0131r\u0131nt\u0131lar\u0131<span class=\"excerpt-hellip\"> [\u2026]<\/span><\/p>\n","protected":false},"featured_media":0,"template":"","meta":{"_monsterinsights_skip_tracking":false,"_monsterinsights_sitenote_active":false,"_monsterinsights_sitenote_note":"","_monsterinsights_sitenote_category":0},"product_brand":[],"product_cat":[13829,12274],"product_tag":[],"class_list":{"0":"post-779989","1":"product","2":"type-product","3":"status-publish","5":"product_cat-bilimsel-kitaplar","6":"product_cat-cocuk-ve-genclik-kitaplari","7":"pa_cilt-ciltsiz","8":"pa_tur-kitap","9":"pa_yayinevi-dogan-cocuk","10":"pa_yazar-aysegul-ildeniz","12":"first","13":"instock","14":"sale","15":"shipping-taxable","16":"purchasable","17":"product-type-simple"},"_links":{"self":[{"href":"https:\/\/roveyayinevi.com.tr\/index.php\/wp-json\/wp\/v2\/product\/779989","targetHints":{"allow":["GET"]}}],"collection":[{"href":"https:\/\/roveyayinevi.com.tr\/index.php\/wp-json\/wp\/v2\/product"}],"about":[{"href":"https:\/\/roveyayinevi.com.tr\/index.php\/wp-json\/wp\/v2\/types\/product"}],"wp:attachment":[{"href":"https:\/\/roveyayinevi.com.tr\/index.php\/wp-json\/wp\/v2\/media?parent=779989"}],"wp:term":[{"taxonomy":"product_brand","embeddable":true,"href":"https:\/\/roveyayinevi.com.tr\/index.php\/wp-json\/wp\/v2\/product_brand?post=779989"},{"taxonomy":"product_cat","embeddable":true,"href":"https:\/\/roveyayinevi.com.tr\/index.php\/wp-json\/wp\/v2\/product_cat?post=779989"},{"taxonomy":"product_tag","embeddable":true,"href":"https:\/\/roveyayinevi.com.tr\/index.php\/wp-json\/wp\/v2\/product_tag?post=779989"}],"curies":[{"name":"wp","href":"https:\/\/api.w.org\/{rel}","templated":true}]}}