{"id":779985,"date":"2025-12-30T12:19:57","date_gmt":"2025-12-30T09:19:57","guid":{"rendered":"https:\/\/roveyayinevi.com.tr\/index.php\/urun\/gunes-kral-erkeklige-yeni-bir-bakis-ciltli\/"},"modified":"2026-04-07T03:38:23","modified_gmt":"2026-04-07T00:38:23","slug":"gunes-kral-erkeklige-yeni-bir-bakis-ciltli","status":"publish","type":"product","link":"https:\/\/roveyayinevi.com.tr\/index.php\/urun\/gunes-kral-erkeklige-yeni-bir-bakis-ciltli\/","title":{"rendered":"G\u00fcne\u015f Kral &#8211; Erkekli\u011fe Yeni Bir Bak\u0131\u015f (Ciltli)"},"content":{"rendered":"<p>Ray Rizzo, \u00e7a\u011f\u0131m\u0131z erkekleri i\u00e7in yeni bir erkeklik tasavvuru sunuyor. Da\u011flardan mutfaklara, New York\u2019tan T\u00fcrkiye\u2019nin do\u011fas\u0131na uzanan yolculu\u011fuyla Rizzo; yazar, \u015fef, m\u00fczisyen, yoga e\u011fitmeni ve modern erkeklik \u00fczerine \u00e7al\u0131\u015fan multidisipliner bir hik\u00e2ye anlat\u0131c\u0131s\u0131. Bir baba ve e\u015f olarak erkekli\u011fin ku\u015faktan ku\u015fa\u011fa ve ili\u015fkiler i\u00e7inde nas\u0131l \u015fekillendi\u011fini ya\u015fam\u0131nda s\u0131nayan sahici bir perspektife sahip. Biriktirdi\u011fi deneyimleri, erkek ruhuna dokunan samimi ve cesur bir anlat\u0131ya d\u00f6n\u00fc\u015ft\u00fcr\u00fcyor. G\u00fcne\u015f Kral, erkek ruhunun kay\u0131p par\u00e7alar\u0131n\u0131 tek tek \u00e7a\u011f\u0131ran bir hik\u00e2ye; s\u00f6nd\u00fc\u011f\u00fc san\u0131lan i\u00e7sel ate\u015fi yeniden uyand\u0131ran, g\u00f6lgeler aras\u0131ndan y\u00fckselen bir uyan\u0131\u015f metni\u2026 Mitlerin, arketiplerin ve modern psikolojinin seslerini bir araya getirerek ge\u00e7mi\u015fteki ataerkil kal\u0131plara d\u00f6nmeden, g\u00fcn\u00fcm\u00fcz erke\u011fine yeni bir b\u00fct\u00fcnl\u00fck alan\u0131 a\u00e7\u0131yor. Ate\u015f ile buzu, do\u011fa ile i\u00e7sel d\u00fcnyay\u0131 bulu\u015fturarak hem yumu\u015fak hem de g\u00fc\u00e7l\u00fc bir d\u00f6n\u00fc\u015f\u00fcm yolculu\u011fu sunuyor.Bu kitap, erke\u011fin kendi i\u00e7sel kral\u0131n\u0131 uyand\u0131rmas\u0131 i\u00e7in yaz\u0131lm\u0131\u015f bir kap\u0131d\u0131r. Ku\u015faktan ku\u015fa\u011fa aktar\u0131lan y\u00fcklerden, g\u00f6lgelerden ve g\u00f6r\u00fcnmez engellerden s\u0131yr\u0131larak daha net, daha g\u00fc\u00e7l\u00fc ve daha b\u00fct\u00fcn bir hayata ad\u0131m atmaya \u00e7a\u011f\u0131r\u0131r.Hak etti\u011fi \u0131\u015f\u0131\u011fa do\u011fru y\u00fcr\u00fcmek isteyen herkes i\u00e7in\u2026Kendi g\u00fcne\u015fine do\u011fru yolculuk burada ba\u015fl\u0131yor.<\/p>\n","protected":false},"excerpt":{"rendered":"<p>Ray Rizzo, \u00e7a\u011f\u0131m\u0131z erkekleri i\u00e7in yeni bir erkeklik tasavvuru sunuyor. Da\u011flardan mutfaklara, New York\u2019tan T\u00fcrkiye\u2019nin do\u011fas\u0131na uzanan yolculu\u011fuyla Rizzo; yazar, \u015fef, m\u00fczisyen, yoga e\u011fitmeni ve modern<span class=\"excerpt-hellip\"> [\u2026]<\/span><\/p>\n","protected":false},"featured_media":0,"template":"","meta":{"_monsterinsights_skip_tracking":false,"_monsterinsights_sitenote_active":false,"_monsterinsights_sitenote_note":"","_monsterinsights_sitenote_category":0},"product_brand":[],"product_cat":[12364,12376],"product_tag":[],"class_list":{"0":"post-779985","1":"product","2":"type-product","3":"status-publish","5":"product_cat-genel-konular","6":"product_cat-kisisel-gelisim","7":"pa_cilt-ciltli","8":"pa_tur-kitap","9":"pa_yayinevi-dogan-novus","10":"pa_yazar-ray-rizzo","12":"first","13":"instock","14":"sale","15":"shipping-taxable","16":"purchasable","17":"product-type-simple"},"_links":{"self":[{"href":"https:\/\/roveyayinevi.com.tr\/index.php\/wp-json\/wp\/v2\/product\/779985","targetHints":{"allow":["GET"]}}],"collection":[{"href":"https:\/\/roveyayinevi.com.tr\/index.php\/wp-json\/wp\/v2\/product"}],"about":[{"href":"https:\/\/roveyayinevi.com.tr\/index.php\/wp-json\/wp\/v2\/types\/product"}],"wp:attachment":[{"href":"https:\/\/roveyayinevi.com.tr\/index.php\/wp-json\/wp\/v2\/media?parent=779985"}],"wp:term":[{"taxonomy":"product_brand","embeddable":true,"href":"https:\/\/roveyayinevi.com.tr\/index.php\/wp-json\/wp\/v2\/product_brand?post=779985"},{"taxonomy":"product_cat","embeddable":true,"href":"https:\/\/roveyayinevi.com.tr\/index.php\/wp-json\/wp\/v2\/product_cat?post=779985"},{"taxonomy":"product_tag","embeddable":true,"href":"https:\/\/roveyayinevi.com.tr\/index.php\/wp-json\/wp\/v2\/product_tag?post=779985"}],"curies":[{"name":"wp","href":"https:\/\/api.w.org\/{rel}","templated":true}]}}