{"id":779982,"date":"2025-12-30T12:19:46","date_gmt":"2025-12-30T09:19:46","guid":{"rendered":"https:\/\/roveyayinevi.com.tr\/index.php\/urun\/kara-sis\/"},"modified":"2026-04-15T03:44:41","modified_gmt":"2026-04-15T00:44:41","slug":"kara-sis","status":"publish","type":"product","link":"https:\/\/roveyayinevi.com.tr\/index.php\/urun\/kara-sis\/","title":{"rendered":"Kara Sis"},"content":{"rendered":"<p>Kemal Varol k\u00fclliyat\u0131n\u0131n oyunbaz Kara Sis\u2019i, birbirlerine hik\u00e2yelerini anlatarak ayakta kalmaya ve su\u00e7lar\u0131yla y\u00fczle\u015fmeye \u00e7al\u0131\u015fan mahk\u00fbmlar\u0131n; her y\u0131l koyu bir sisin sard\u0131\u011f\u0131 Ta\u015fkale Cezaevi\u2019nde sab\u0131rla \u00f6r\u00fclen bir inad\u0131n roman\u0131.Bir grup mahk\u00fbmun hik\u00e2yesiyle perde perde geni\u015fleyen roman, g\u00fcn\u00fcn birinde cezaevine getirilen Barana adl\u0131 mahk\u00fbmla bamba\u015fka bir y\u00f6ne evrilir. Hayatta kalmaktan, direnmekten, g\u00fcnleri saymaktan \u00e7oktan vazge\u00e7mi\u015f bu adam, bir g\u00fcn avluda bir kad\u0131na ait k\u0131z\u0131l bir sa\u00e7 teli bulur. O andan sonra hem roman\u0131n hem de Barana\u2019n\u0131n kaderi de\u011fi\u015fir; sis, bir hik\u00e2yenin i\u00e7inden ba\u015fka bir hik\u00e2yeyi \u00e7a\u011f\u0131rmaya ba\u015flar.Anlatmak, direnmek ve hat\u0131rlamak \u00fczerine kurulu Kara Sis, su\u00e7lar\u0131n\u0131 kendi hik\u00e2yeleriyle \u00f6rtmeye \u00e7al\u0131\u015fan erkeklerin karanl\u0131k d\u00fcnyas\u0131na ba\u015fka bir \u0131\u015f\u0131k tutuyor. Gizemli bir karakterin izini s\u00fcren bu \u015fiirsel roman, okurunu ince ince kurulmu\u015f bir anlat\u0131 oyununa davet ediyor. Lodosla havalanan sa\u00e7lar\u0131n\u0131n geri kalan\u0131n\u0131 d\u00fc\u015f\u00fcn\u00fcyorum burada.Kula\u011f\u0131n\u0131n arkas\u0131na s\u0131k\u0131\u015ft\u0131rd\u0131\u011f\u0131n, geceleri yast\u0131\u011fa serdi\u011fin, sabahlar\u0131 toplad\u0131\u011f\u0131n, tan\u0131\u015ft\u0131\u011f\u0131m\u0131z o kalabal\u0131k masada ben konu\u015furken habire u\u00e7lar\u0131yla oynad\u0131\u011f\u0131n, sevdi\u011fini belli etti\u011fin, i\u00e7imin ge\u00e7ti\u011fi sa\u00e7lar\u0131n&#8230;<\/p>\n","protected":false},"excerpt":{"rendered":"<p>Kemal Varol k\u00fclliyat\u0131n\u0131n oyunbaz Kara Sis\u2019i, birbirlerine hik\u00e2yelerini anlatarak ayakta kalmaya ve su\u00e7lar\u0131yla y\u00fczle\u015fmeye \u00e7al\u0131\u015fan mahk\u00fbmlar\u0131n; her y\u0131l koyu bir sisin sard\u0131\u011f\u0131 Ta\u015fkale Cezaevi\u2019nde sab\u0131rla \u00f6r\u00fclen<span class=\"excerpt-hellip\"> [\u2026]<\/span><\/p>\n","protected":false},"featured_media":0,"template":"","meta":{"_monsterinsights_skip_tracking":false,"_monsterinsights_sitenote_active":false,"_monsterinsights_sitenote_note":"","_monsterinsights_sitenote_category":0},"product_brand":[],"product_cat":[12291,12711],"product_tag":[],"class_list":{"0":"post-779982","1":"product","2":"type-product","3":"status-publish","5":"product_cat-edebiyat","6":"product_cat-roman-oyku","7":"pa_cilt-ciltsiz","8":"pa_tur-kitap","9":"pa_yayinevi-dogan-kitap","10":"pa_yazar-kemal-varol","12":"first","13":"instock","14":"sale","15":"shipping-taxable","16":"purchasable","17":"product-type-simple"},"_links":{"self":[{"href":"https:\/\/roveyayinevi.com.tr\/index.php\/wp-json\/wp\/v2\/product\/779982","targetHints":{"allow":["GET"]}}],"collection":[{"href":"https:\/\/roveyayinevi.com.tr\/index.php\/wp-json\/wp\/v2\/product"}],"about":[{"href":"https:\/\/roveyayinevi.com.tr\/index.php\/wp-json\/wp\/v2\/types\/product"}],"wp:attachment":[{"href":"https:\/\/roveyayinevi.com.tr\/index.php\/wp-json\/wp\/v2\/media?parent=779982"}],"wp:term":[{"taxonomy":"product_brand","embeddable":true,"href":"https:\/\/roveyayinevi.com.tr\/index.php\/wp-json\/wp\/v2\/product_brand?post=779982"},{"taxonomy":"product_cat","embeddable":true,"href":"https:\/\/roveyayinevi.com.tr\/index.php\/wp-json\/wp\/v2\/product_cat?post=779982"},{"taxonomy":"product_tag","embeddable":true,"href":"https:\/\/roveyayinevi.com.tr\/index.php\/wp-json\/wp\/v2\/product_tag?post=779982"}],"curies":[{"name":"wp","href":"https:\/\/api.w.org\/{rel}","templated":true}]}}