{"id":779981,"date":"2025-12-30T12:19:42","date_gmt":"2025-12-30T09:19:42","guid":{"rendered":"https:\/\/roveyayinevi.com.tr\/index.php\/urun\/edebiyat-askina\/"},"modified":"2026-04-15T03:44:41","modified_gmt":"2026-04-15T00:44:41","slug":"edebiyat-askina","status":"publish","type":"product","link":"https:\/\/roveyayinevi.com.tr\/index.php\/urun\/edebiyat-askina\/","title":{"rendered":"Edebiyat A\u015fk\u0131na"},"content":{"rendered":"<p>Edebiyat, hayallerle ger\u00e7ekler aras\u0131nda bir k\u00f6pr\u00fc kurar. Nuriye Akman, bu k\u00f6pr\u00fcde \u00e7ocuklukta ba\u015flayan okuma ser\u00fcvenini y\u0131llar boyunca tutkuyla s\u00fcrd\u00fcr\u00fcyor. Her kitap, her sat\u0131r, her not yeni bir pencere a\u00e7\u0131yor hayata; her okuma, yeni bir anlam kazand\u0131r\u0131yor. Edebiyatla kurulan bu uzun soluklu ili\u015fki, zamanla bir ke\u015fif yolculu\u011funa d\u00f6n\u00fc\u015f\u00fcyor.Edebiyat A\u015fk\u0131na sezgiyle, birikimle ve tutkuyla dokunmu\u015f bir edebiyat hal\u0131s\u0131. Yazar, metinleri yaln\u0131zca bilgiyle de\u011fil, duyguyla da yorumluyor. Renkli kalemlerle \u00e7izilen sat\u0131rlar, defterlerde biriken d\u00fc\u015f\u00fcnceler, dijital dosyalarda saklanan izlenimler bu kitab\u0131n dokusunu olu\u015fturuyor. Okudu\u011fu metinleri yeniden de\u011ferlendirirken, yazarlar\u0131n ya\u015famlar\u0131na da dokunuyor; kaynaklar aras\u0131nda s\u0131\u00e7rayarak yeni anlamlar ke\u015ffediyor.Bu eser, edebiyat ile hayat\u0131 anlamland\u0131rmak isteyenlere bir davet; okuduk\u00e7a derinle\u015fen, yazd\u0131k\u00e7a zenginle\u015fen bir yolculu\u011fa \u00e7\u0131kmak isteyen herkese sesleniyor.<\/p>\n","protected":false},"excerpt":{"rendered":"<p>Edebiyat, hayallerle ger\u00e7ekler aras\u0131nda bir k\u00f6pr\u00fc kurar. Nuriye Akman, bu k\u00f6pr\u00fcde \u00e7ocuklukta ba\u015flayan okuma ser\u00fcvenini y\u0131llar boyunca tutkuyla s\u00fcrd\u00fcr\u00fcyor. Her kitap, her sat\u0131r, her not yeni<span class=\"excerpt-hellip\"> [\u2026]<\/span><\/p>\n","protected":false},"featured_media":0,"template":"","meta":{"_monsterinsights_skip_tracking":false,"_monsterinsights_sitenote_active":false,"_monsterinsights_sitenote_note":"","_monsterinsights_sitenote_category":0},"product_brand":[],"product_cat":[13072,12291],"product_tag":[],"class_list":{"0":"post-779981","1":"product","2":"type-product","3":"status-publish","5":"product_cat-arastirma-inceleme-referans","6":"product_cat-edebiyat","7":"pa_cilt-ciltsiz","8":"pa_tur-kitap","9":"pa_yayinevi-dogan-kitap","10":"pa_yazar-nuriye-akman","12":"first","13":"instock","14":"sale","15":"shipping-taxable","16":"purchasable","17":"product-type-simple"},"_links":{"self":[{"href":"https:\/\/roveyayinevi.com.tr\/index.php\/wp-json\/wp\/v2\/product\/779981","targetHints":{"allow":["GET"]}}],"collection":[{"href":"https:\/\/roveyayinevi.com.tr\/index.php\/wp-json\/wp\/v2\/product"}],"about":[{"href":"https:\/\/roveyayinevi.com.tr\/index.php\/wp-json\/wp\/v2\/types\/product"}],"wp:attachment":[{"href":"https:\/\/roveyayinevi.com.tr\/index.php\/wp-json\/wp\/v2\/media?parent=779981"}],"wp:term":[{"taxonomy":"product_brand","embeddable":true,"href":"https:\/\/roveyayinevi.com.tr\/index.php\/wp-json\/wp\/v2\/product_brand?post=779981"},{"taxonomy":"product_cat","embeddable":true,"href":"https:\/\/roveyayinevi.com.tr\/index.php\/wp-json\/wp\/v2\/product_cat?post=779981"},{"taxonomy":"product_tag","embeddable":true,"href":"https:\/\/roveyayinevi.com.tr\/index.php\/wp-json\/wp\/v2\/product_tag?post=779981"}],"curies":[{"name":"wp","href":"https:\/\/api.w.org\/{rel}","templated":true}]}}