{"id":779978,"date":"2025-12-30T12:19:33","date_gmt":"2025-12-30T09:19:33","guid":{"rendered":"https:\/\/roveyayinevi.com.tr\/index.php\/urun\/ilk-gunlugum-beceri-odakli-cocuk-gunlugu\/"},"modified":"2026-04-15T03:44:41","modified_gmt":"2026-04-15T00:44:41","slug":"ilk-gunlugum-beceri-odakli-cocuk-gunlugu","status":"publish","type":"product","link":"https:\/\/roveyayinevi.com.tr\/index.php\/urun\/ilk-gunlugum-beceri-odakli-cocuk-gunlugu\/","title":{"rendered":"\u0130lk G\u00fcnl\u00fc\u011f\u00fcm &#8211; Beceri Odakl\u0131 \u00c7ocuk G\u00fcnl\u00fc\u011f\u00fc"},"content":{"rendered":"<p>Minik eller i\u00e7in haz\u0131rlanm\u0131s\u0327 bu \u00f6zel g\u00fcnl\u00fck, \u00e7ocuklar\u0131n duygular\u0131n\u0131 kes\u0327fetmesine, hayallerini ifade etmesine ve g\u00fcnl\u00fck yas\u0327amdan an\u0131lar biriktirmesine yard\u0131mc\u0131 olur. \u00c7iz, boya, yap\u0131s\u0327t\u0131r ve kes\u0327fet! Stickerlarla tamamlanan g\u00fcnl\u00fck sayfalar\u0131 ve her g\u00fcn i\u00e7in yeni bir etkinlik seni bekliyor. I\u0307lk G\u00fcnl\u00fcg\u0306\u00fcm ile \u00e7ocuklar hem eg\u0306lenecek hem de unutulmaz hat\u0131ralar\u0131n\u0131 saklayacak. 236 adet Stickerla \u00e7ocug\u0306unuz i\u00e7in eg\u0306lenceli bir g\u00fcnl\u00fck, sizin i\u00e7in kal\u0131c\u0131 bir hat\u0131ra! Kendini I\u0307fade Eder, G\u00fcnl\u00fck Rutin Kurar, Duygular\u0131n\u0131 Tan\u0131r  Fark\u0131ndal\u0131g\u0306\u0131 Artar.<\/p>\n","protected":false},"excerpt":{"rendered":"<p>Minik eller i\u00e7in haz\u0131rlanm\u0131s\u0327 bu \u00f6zel g\u00fcnl\u00fck, \u00e7ocuklar\u0131n duygular\u0131n\u0131 kes\u0327fetmesine, hayallerini ifade etmesine ve g\u00fcnl\u00fck yas\u0327amdan an\u0131lar biriktirmesine yard\u0131mc\u0131 olur. \u00c7iz, boya, yap\u0131s\u0327t\u0131r ve kes\u0327fet! Stickerlarla<span class=\"excerpt-hellip\"> [\u2026]<\/span><\/p>\n","protected":false},"featured_media":0,"template":"","meta":{"_monsterinsights_skip_tracking":false,"_monsterinsights_sitenote_active":false,"_monsterinsights_sitenote_note":"","_monsterinsights_sitenote_category":0},"product_brand":[],"product_cat":[12274,15842],"product_tag":[],"class_list":{"0":"post-779978","1":"product","2":"type-product","3":"status-publish","5":"product_cat-cocuk-ve-genclik-kitaplari","6":"product_cat-egitici-kitaplar","7":"pa_cilt-ciltsiz","8":"pa_tur-kitap","9":"pa_yayinevi-ucan-kitap","10":"pa_yazar-hatice-kubra-yigit","12":"first","13":"instock","14":"sale","15":"shipping-taxable","16":"purchasable","17":"product-type-simple"},"_links":{"self":[{"href":"https:\/\/roveyayinevi.com.tr\/index.php\/wp-json\/wp\/v2\/product\/779978","targetHints":{"allow":["GET"]}}],"collection":[{"href":"https:\/\/roveyayinevi.com.tr\/index.php\/wp-json\/wp\/v2\/product"}],"about":[{"href":"https:\/\/roveyayinevi.com.tr\/index.php\/wp-json\/wp\/v2\/types\/product"}],"wp:attachment":[{"href":"https:\/\/roveyayinevi.com.tr\/index.php\/wp-json\/wp\/v2\/media?parent=779978"}],"wp:term":[{"taxonomy":"product_brand","embeddable":true,"href":"https:\/\/roveyayinevi.com.tr\/index.php\/wp-json\/wp\/v2\/product_brand?post=779978"},{"taxonomy":"product_cat","embeddable":true,"href":"https:\/\/roveyayinevi.com.tr\/index.php\/wp-json\/wp\/v2\/product_cat?post=779978"},{"taxonomy":"product_tag","embeddable":true,"href":"https:\/\/roveyayinevi.com.tr\/index.php\/wp-json\/wp\/v2\/product_tag?post=779978"}],"curies":[{"name":"wp","href":"https:\/\/api.w.org\/{rel}","templated":true}]}}