{"id":779971,"date":"2025-12-30T12:19:13","date_gmt":"2025-12-30T09:19:13","guid":{"rendered":"https:\/\/roveyayinevi.com.tr\/index.php\/urun\/gezegende-cumbus-var\/"},"modified":"2026-04-15T03:44:41","modified_gmt":"2026-04-15T00:44:41","slug":"gezegende-cumbus-var","status":"publish","type":"product","link":"https:\/\/roveyayinevi.com.tr\/index.php\/urun\/gezegende-cumbus-var\/","title":{"rendered":"Gezegende C\u00fcmb\u00fc\u015f Var"},"content":{"rendered":"<p>Herkesin g\u00fcn boyu \u015fark\u0131lar s\u00f6yledi\u011fi Madagaskar\u2019\u0131n en renkli orman\u0131na ho\u015f geldin!Burada Zulu ad\u0131nda bir z\u00fcrafa biti ya\u015far. Tepeden bak\u0131nca u\u011fur b\u00f6ce\u011fine, yandan bak\u0131nca minik bir z\u00fcrafaya benzer. Kendisine benzemeyen farkl\u0131 canl\u0131larla arkada\u015fl\u0131k etmeye bay\u0131l\u0131r.Niru i\u00e7in g\u00f6ky\u00fcz\u00fcn\u00fc boyar, papa\u011fan Ayo i\u00e7in Hollywood\u2019a gider, sihirli tablolara girip kutuplara seyahat eder, yanl\u0131\u015fl\u0131kla ba\u015fka bir gezegene gider ve domates kurba\u011falar\u0131 i\u00e7in korkusuzca m\u00fccadele eder\u2026Zulu ve arkada\u015flar\u0131yla g\u00fclmeye, \u015fark\u0131larla dans etmeye ve gezegen gezegen gezmeye haz\u0131r m\u0131s\u0131n?<\/p>\n","protected":false},"excerpt":{"rendered":"<p>Herkesin g\u00fcn boyu \u015fark\u0131lar s\u00f6yledi\u011fi Madagaskar\u2019\u0131n en renkli orman\u0131na ho\u015f geldin!Burada Zulu ad\u0131nda bir z\u00fcrafa biti ya\u015far. Tepeden bak\u0131nca u\u011fur b\u00f6ce\u011fine, yandan bak\u0131nca minik bir z\u00fcrafaya<span class=\"excerpt-hellip\"> [\u2026]<\/span><\/p>\n","protected":false},"featured_media":0,"template":"","meta":{"_monsterinsights_skip_tracking":false,"_monsterinsights_sitenote_active":false,"_monsterinsights_sitenote_note":"","_monsterinsights_sitenote_category":0},"product_brand":[],"product_cat":[12274,12284],"product_tag":[],"class_list":{"0":"post-779971","1":"product","2":"type-product","3":"status-publish","5":"product_cat-cocuk-ve-genclik-kitaplari","6":"product_cat-hikayeler","7":"pa_cilt-ciltsiz","8":"pa_tur-kitap","9":"pa_yayinevi-timas-cocuk","10":"pa_yazar-omur-uzel","12":"first","13":"instock","14":"sale","15":"shipping-taxable","16":"purchasable","17":"product-type-simple"},"_links":{"self":[{"href":"https:\/\/roveyayinevi.com.tr\/index.php\/wp-json\/wp\/v2\/product\/779971","targetHints":{"allow":["GET"]}}],"collection":[{"href":"https:\/\/roveyayinevi.com.tr\/index.php\/wp-json\/wp\/v2\/product"}],"about":[{"href":"https:\/\/roveyayinevi.com.tr\/index.php\/wp-json\/wp\/v2\/types\/product"}],"wp:attachment":[{"href":"https:\/\/roveyayinevi.com.tr\/index.php\/wp-json\/wp\/v2\/media?parent=779971"}],"wp:term":[{"taxonomy":"product_brand","embeddable":true,"href":"https:\/\/roveyayinevi.com.tr\/index.php\/wp-json\/wp\/v2\/product_brand?post=779971"},{"taxonomy":"product_cat","embeddable":true,"href":"https:\/\/roveyayinevi.com.tr\/index.php\/wp-json\/wp\/v2\/product_cat?post=779971"},{"taxonomy":"product_tag","embeddable":true,"href":"https:\/\/roveyayinevi.com.tr\/index.php\/wp-json\/wp\/v2\/product_tag?post=779971"}],"curies":[{"name":"wp","href":"https:\/\/api.w.org\/{rel}","templated":true}]}}