{"id":779964,"date":"2025-12-30T12:18:49","date_gmt":"2025-12-30T09:18:49","guid":{"rendered":"https:\/\/roveyayinevi.com.tr\/index.php\/urun\/kelime-dedektifi-cilgin-ekler-muhtesem-kokler\/"},"modified":"2026-04-15T03:44:41","modified_gmt":"2026-04-15T00:44:41","slug":"kelime-dedektifi-cilgin-ekler-muhtesem-kokler","status":"publish","type":"product","link":"https:\/\/roveyayinevi.com.tr\/index.php\/urun\/kelime-dedektifi-cilgin-ekler-muhtesem-kokler\/","title":{"rendered":"Kelime Dedektifi \u00c7\u0131lg\u0131n Ekler Muhte\u015fem K\u00f6kler"},"content":{"rendered":"<p>Bu kitapta kelimeler s\u0131rlar\u0131n\u0131 saklayamaz! K\u00f6kleri taa ge\u00e7mi\u015fe uzanan kelimelerin pe\u015fine d\u00fc\u015f\u00fcyor, eklerin gizli oyunlar\u0131n\u0131 yakal\u0131yoruz. Mesela \u201celma\u201d nereden gelmi\u015f? \u201cOynamak\u201d neden oynamak olmu\u015f? Her kelimenin bir ge\u00e7mi\u015fi, her ekin gizli bir g\u00f6revi var. Tarihin tozlu raflar\u0131nda gezip kelimelerin \u00e7ocukluk h\u00e2line bak\u0131yor, dilimizin e\u011flenceli d\u00fcnyas\u0131nda kahkahalarla ke\u015ffe \u00e7\u0131k\u0131yoruz. Dikkat! Bu kitap, dil bilgisi kurallar\u0131n\u0131 bile g\u0131d\u0131klayabilir!<\/p>\n","protected":false},"excerpt":{"rendered":"<p>Bu kitapta kelimeler s\u0131rlar\u0131n\u0131 saklayamaz! K\u00f6kleri taa ge\u00e7mi\u015fe uzanan kelimelerin pe\u015fine d\u00fc\u015f\u00fcyor, eklerin gizli oyunlar\u0131n\u0131 yakal\u0131yoruz. Mesela \u201celma\u201d nereden gelmi\u015f? \u201cOynamak\u201d neden oynamak olmu\u015f? Her kelimenin<span class=\"excerpt-hellip\"> [\u2026]<\/span><\/p>\n","protected":false},"featured_media":0,"template":"","meta":{"_monsterinsights_skip_tracking":false,"_monsterinsights_sitenote_active":false,"_monsterinsights_sitenote_note":"","_monsterinsights_sitenote_category":0},"product_brand":[],"product_cat":[13829,12274],"product_tag":[],"class_list":{"0":"post-779964","1":"product","2":"type-product","3":"status-publish","5":"product_cat-bilimsel-kitaplar","6":"product_cat-cocuk-ve-genclik-kitaplari","7":"pa_cilt-ciltsiz","8":"pa_tur-kitap","9":"pa_yayinevi-eglenceli-bilgi-yayinlari","10":"pa_yazar-yasar-bayraktar","12":"first","13":"instock","14":"sale","15":"shipping-taxable","16":"purchasable","17":"product-type-simple"},"_links":{"self":[{"href":"https:\/\/roveyayinevi.com.tr\/index.php\/wp-json\/wp\/v2\/product\/779964","targetHints":{"allow":["GET"]}}],"collection":[{"href":"https:\/\/roveyayinevi.com.tr\/index.php\/wp-json\/wp\/v2\/product"}],"about":[{"href":"https:\/\/roveyayinevi.com.tr\/index.php\/wp-json\/wp\/v2\/types\/product"}],"wp:attachment":[{"href":"https:\/\/roveyayinevi.com.tr\/index.php\/wp-json\/wp\/v2\/media?parent=779964"}],"wp:term":[{"taxonomy":"product_brand","embeddable":true,"href":"https:\/\/roveyayinevi.com.tr\/index.php\/wp-json\/wp\/v2\/product_brand?post=779964"},{"taxonomy":"product_cat","embeddable":true,"href":"https:\/\/roveyayinevi.com.tr\/index.php\/wp-json\/wp\/v2\/product_cat?post=779964"},{"taxonomy":"product_tag","embeddable":true,"href":"https:\/\/roveyayinevi.com.tr\/index.php\/wp-json\/wp\/v2\/product_tag?post=779964"}],"curies":[{"name":"wp","href":"https:\/\/api.w.org\/{rel}","templated":true}]}}