{"id":779963,"date":"2025-12-30T12:18:47","date_gmt":"2025-12-30T09:18:47","guid":{"rendered":"https:\/\/roveyayinevi.com.tr\/index.php\/urun\/basketbolun-efsaneleri\/"},"modified":"2026-04-15T03:44:41","modified_gmt":"2026-04-15T00:44:41","slug":"basketbolun-efsaneleri","status":"publish","type":"product","link":"https:\/\/roveyayinevi.com.tr\/index.php\/urun\/basketbolun-efsaneleri\/","title":{"rendered":"Basketbolun Efsaneleri"},"content":{"rendered":"<p>Michael Jordan havada s\u00fcz\u00fcl\u00fcyor, Stephen Curry \u00fc\u00e7l\u00fckleri ya\u011fd\u0131r\u0131yor, Kobe Bryant azmiyle parl\u0131yor, LeBron James g\u00fcc\u00fcyle sahay\u0131 sars\u0131yor, Alperen \u015eeng\u00fcn zek\u00e2 dolu oyunlar\u0131yla rakiplerini alt ediyor! Bu kitapta, basketbolun en b\u00fcy\u00fck efsanelerinin \u00e7ocukluk hayallerinden zirveye uzanan yolculuklar\u0131n\u0131 ke\u015ffedeceksin. Basketbolun gizemli tarihine de ihti\u015faml\u0131 bir sma\u00e7 yapacaks\u0131n! Her sayfada yeni bir ilham, her hik\u00e2yede seni bekleyen bir ders var.                           Top art\u0131k sende! Kim bilir, belki de s\u0131radaki efsane sensin!<\/p>\n","protected":false},"excerpt":{"rendered":"<p>Michael Jordan havada s\u00fcz\u00fcl\u00fcyor, Stephen Curry \u00fc\u00e7l\u00fckleri ya\u011fd\u0131r\u0131yor, Kobe Bryant azmiyle parl\u0131yor, LeBron James g\u00fcc\u00fcyle sahay\u0131 sars\u0131yor, Alperen \u015eeng\u00fcn zek\u00e2 dolu oyunlar\u0131yla rakiplerini alt ediyor! Bu<span class=\"excerpt-hellip\"> [\u2026]<\/span><\/p>\n","protected":false},"featured_media":0,"template":"","meta":{"_monsterinsights_skip_tracking":false,"_monsterinsights_sitenote_active":false,"_monsterinsights_sitenote_note":"","_monsterinsights_sitenote_category":0},"product_brand":[],"product_cat":[15563,15564],"product_tag":[],"class_list":{"0":"post-779963","1":"product","2":"type-product","3":"status-publish","5":"product_cat-hobi","6":"product_cat-spor","7":"pa_cilt-ciltsiz","8":"pa_tur-kitap","9":"pa_yayinevi-eglenceli-bilgi-yayinlari","10":"pa_yazar-cagri-cobanoglu","12":"first","13":"instock","14":"sale","15":"shipping-taxable","16":"purchasable","17":"product-type-simple"},"_links":{"self":[{"href":"https:\/\/roveyayinevi.com.tr\/index.php\/wp-json\/wp\/v2\/product\/779963","targetHints":{"allow":["GET"]}}],"collection":[{"href":"https:\/\/roveyayinevi.com.tr\/index.php\/wp-json\/wp\/v2\/product"}],"about":[{"href":"https:\/\/roveyayinevi.com.tr\/index.php\/wp-json\/wp\/v2\/types\/product"}],"wp:attachment":[{"href":"https:\/\/roveyayinevi.com.tr\/index.php\/wp-json\/wp\/v2\/media?parent=779963"}],"wp:term":[{"taxonomy":"product_brand","embeddable":true,"href":"https:\/\/roveyayinevi.com.tr\/index.php\/wp-json\/wp\/v2\/product_brand?post=779963"},{"taxonomy":"product_cat","embeddable":true,"href":"https:\/\/roveyayinevi.com.tr\/index.php\/wp-json\/wp\/v2\/product_cat?post=779963"},{"taxonomy":"product_tag","embeddable":true,"href":"https:\/\/roveyayinevi.com.tr\/index.php\/wp-json\/wp\/v2\/product_tag?post=779963"}],"curies":[{"name":"wp","href":"https:\/\/api.w.org\/{rel}","templated":true}]}}