{"id":779962,"date":"2025-12-30T12:18:44","date_gmt":"2025-12-30T09:18:44","guid":{"rendered":"https:\/\/roveyayinevi.com.tr\/index.php\/urun\/benden-yazar-olur-mu\/"},"modified":"2026-04-15T03:44:41","modified_gmt":"2026-04-15T00:44:41","slug":"benden-yazar-olur-mu","status":"publish","type":"product","link":"https:\/\/roveyayinevi.com.tr\/index.php\/urun\/benden-yazar-olur-mu\/","title":{"rendered":"Benden Yazar Olur Mu?"},"content":{"rendered":"<p>Ortaokula ba\u015flarken Sem\u2019in kafas\u0131nda tek bir \u015fey vard\u0131, Tomas\u2019la ayn\u0131 s\u0131n\u0131fta olabilmek. Tabii bir de okulun futbol tak\u0131m\u0131na se\u00e7ilmek&#8230;Kitap okumak ya da hik\u00e2ye yazmak m\u0131? Hay\u0131r, bunlar pek ona g\u00f6re \u015feyler de\u011fildi. Ta ki bir g\u00fcn hasbelkader bir yaz\u0131 at\u00f6lyesine kat\u0131l\u0131ncaya kadar\u2026Sem, fark etmedi\u011fi yetenekleri oldu\u011funu ke\u015ffeder ve kendi heyecan verici hik\u00e2yesini yazmaya karar verir. Fakat at\u00f6lyede tan\u0131\u015ft\u0131\u011f\u0131 yazar\u0131n not defteri yanl\u0131\u015fl\u0131kla eline ge\u00e7ti\u011finde, kendini bir anda gerilim dolu bir maceran\u0131n i\u00e7inde buluverir. \u015eimdi do\u011fru bildi\u011fi \u015feyi yapmak i\u00e7in cesur bir karar vermesi gerekecektir.Beklenmedik olaylar\u2026 Yeni arkada\u015fl\u0131klar\u2026 Ve yazarl\u0131\u011fa dair t\u00fcyolar\u2026 Bazen as\u0131l hik\u00e2ye, kendimizi ke\u015ffetti\u011fimizde ba\u015flar\u2026<\/p>\n","protected":false},"excerpt":{"rendered":"<p>Ortaokula ba\u015flarken Sem\u2019in kafas\u0131nda tek bir \u015fey vard\u0131, Tomas\u2019la ayn\u0131 s\u0131n\u0131fta olabilmek. Tabii bir de okulun futbol tak\u0131m\u0131na se\u00e7ilmek&#8230;Kitap okumak ya da hik\u00e2ye yazmak m\u0131? Hay\u0131r,<span class=\"excerpt-hellip\"> [\u2026]<\/span><\/p>\n","protected":false},"featured_media":0,"template":"","meta":{"_monsterinsights_skip_tracking":false,"_monsterinsights_sitenote_active":false,"_monsterinsights_sitenote_note":"","_monsterinsights_sitenote_category":0},"product_brand":[],"product_cat":[12274,12284],"product_tag":[],"class_list":{"0":"post-779962","1":"product","2":"type-product","3":"status-publish","5":"product_cat-cocuk-ve-genclik-kitaplari","6":"product_cat-hikayeler","7":"pa_cilt-ciltsiz","8":"pa_tur-kitap","9":"pa_yayinevi-carpe-diem-kitaplari","10":"pa_yazar-anne-gaelle-balpe","12":"first","13":"instock","14":"sale","15":"shipping-taxable","16":"purchasable","17":"product-type-simple"},"_links":{"self":[{"href":"https:\/\/roveyayinevi.com.tr\/index.php\/wp-json\/wp\/v2\/product\/779962","targetHints":{"allow":["GET"]}}],"collection":[{"href":"https:\/\/roveyayinevi.com.tr\/index.php\/wp-json\/wp\/v2\/product"}],"about":[{"href":"https:\/\/roveyayinevi.com.tr\/index.php\/wp-json\/wp\/v2\/types\/product"}],"wp:attachment":[{"href":"https:\/\/roveyayinevi.com.tr\/index.php\/wp-json\/wp\/v2\/media?parent=779962"}],"wp:term":[{"taxonomy":"product_brand","embeddable":true,"href":"https:\/\/roveyayinevi.com.tr\/index.php\/wp-json\/wp\/v2\/product_brand?post=779962"},{"taxonomy":"product_cat","embeddable":true,"href":"https:\/\/roveyayinevi.com.tr\/index.php\/wp-json\/wp\/v2\/product_cat?post=779962"},{"taxonomy":"product_tag","embeddable":true,"href":"https:\/\/roveyayinevi.com.tr\/index.php\/wp-json\/wp\/v2\/product_tag?post=779962"}],"curies":[{"name":"wp","href":"https:\/\/api.w.org\/{rel}","templated":true}]}}