{"id":779960,"date":"2025-12-30T12:18:40","date_gmt":"2025-12-30T09:18:40","guid":{"rendered":"https:\/\/roveyayinevi.com.tr\/index.php\/urun\/keske-dememek-icin\/"},"modified":"2026-04-15T03:44:41","modified_gmt":"2026-04-15T00:44:41","slug":"keske-dememek-icin","status":"publish","type":"product","link":"https:\/\/roveyayinevi.com.tr\/index.php\/urun\/keske-dememek-icin\/","title":{"rendered":"Ke\u015fke Dememek \u0130\u00e7in"},"content":{"rendered":"<p>Bu kitapta incelenen ayetlerde;\u00d6lmek \u00fczere olanlar, \u00f6l\u00fcp berzah alemine gidenler, \u00f6l\u00fcmden sonra dirilenler, hesaba girip \u00e7\u0131kanlar, cehenneme girip \u00e7\u0131kamayanlar, mekan\u0131 cennet olmayanlar, yapt\u0131klar\u0131na ve ya\u015fad\u0131klar\u0131na bin pi\u015fman olanlar konu\u015fuyorlar. Ve adeta dirilere nasihat ediyorlar.Ve bize g\u00fcnahlar\u0131n\u0131, pi\u015fmanl\u0131klar\u0131n\u0131, h\u00fcz\u00fcnlerini, itiraflar\u0131n\u0131, ke\u015fkelerini anlat\u0131yorlar.A\u011f\u0131tlar, \u00f6\u011f\u00fctler, ibretler, ikazlar bir ge\u00e7it t\u00f6reni yap\u0131yor g\u00f6z\u00fcm\u00fcz\u00fcn \u00f6n\u00fcnde.Bu ayetler;Do\u011fumumuzu, \u00f6l\u00fcm\u00fcm\u00fcz\u00fc, ya\u015fam\u0131m\u0131z\u0131, has\u0131l\u0131 kendimizi, bizimle ilgili herkesi ve her \u015feyi varolu\u015fumuzun anlam ve amac\u0131 \u00e7er\u00e7evesinde yeniden tan\u0131t\u0131yor, tan\u0131ml\u0131yor, anlat\u0131yor ve anlamland\u0131r\u0131yor.Ve bu kitap bize diyor ki;Biz Allah&#8217;\u0131n kullar\u0131y\u0131z. D\u00fcnyadaki ya\u015famam\u0131z da ahiretteki hayat\u0131m\u0131z\u0131n tarlas\u0131d\u0131r.&#8221;Bu d\u00fcnyada diken eken ahirette g\u00fcl bi\u00e7meyi ummas\u0131n.&#8221;<\/p>\n","protected":false},"excerpt":{"rendered":"<p>Bu kitapta incelenen ayetlerde;\u00d6lmek \u00fczere olanlar, \u00f6l\u00fcp berzah alemine gidenler, \u00f6l\u00fcmden sonra dirilenler, hesaba girip \u00e7\u0131kanlar, cehenneme girip \u00e7\u0131kamayanlar, mekan\u0131 cennet olmayanlar, yapt\u0131klar\u0131na ve ya\u015fad\u0131klar\u0131na bin<span class=\"excerpt-hellip\"> [\u2026]<\/span><\/p>\n","protected":false},"featured_media":0,"template":"","meta":{"_monsterinsights_skip_tracking":false,"_monsterinsights_sitenote_active":false,"_monsterinsights_sitenote_note":"","_monsterinsights_sitenote_category":0},"product_brand":[],"product_cat":[13036,12718,12719],"product_tag":[],"class_list":{"0":"post-779960","1":"product","2":"type-product","3":"status-publish","5":"product_cat-arastirma-inceleme-islam","6":"product_cat-din","7":"product_cat-islam","8":"pa_cilt-ciltsiz","9":"pa_tur-defter","10":"pa_yayinevi-timas-yayinlari","11":"pa_yazar-yasin-pisgin","13":"first","14":"instock","15":"sale","16":"shipping-taxable","17":"purchasable","18":"product-type-simple"},"_links":{"self":[{"href":"https:\/\/roveyayinevi.com.tr\/index.php\/wp-json\/wp\/v2\/product\/779960","targetHints":{"allow":["GET"]}}],"collection":[{"href":"https:\/\/roveyayinevi.com.tr\/index.php\/wp-json\/wp\/v2\/product"}],"about":[{"href":"https:\/\/roveyayinevi.com.tr\/index.php\/wp-json\/wp\/v2\/types\/product"}],"wp:attachment":[{"href":"https:\/\/roveyayinevi.com.tr\/index.php\/wp-json\/wp\/v2\/media?parent=779960"}],"wp:term":[{"taxonomy":"product_brand","embeddable":true,"href":"https:\/\/roveyayinevi.com.tr\/index.php\/wp-json\/wp\/v2\/product_brand?post=779960"},{"taxonomy":"product_cat","embeddable":true,"href":"https:\/\/roveyayinevi.com.tr\/index.php\/wp-json\/wp\/v2\/product_cat?post=779960"},{"taxonomy":"product_tag","embeddable":true,"href":"https:\/\/roveyayinevi.com.tr\/index.php\/wp-json\/wp\/v2\/product_tag?post=779960"}],"curies":[{"name":"wp","href":"https:\/\/api.w.org\/{rel}","templated":true}]}}