{"id":779957,"date":"2025-12-30T12:18:31","date_gmt":"2025-12-30T09:18:31","guid":{"rendered":"https:\/\/roveyayinevi.com.tr\/index.php\/urun\/sanatla-yazilan-tarih\/"},"modified":"2026-04-15T03:44:40","modified_gmt":"2026-04-15T00:44:40","slug":"sanatla-yazilan-tarih","status":"publish","type":"product","link":"https:\/\/roveyayinevi.com.tr\/index.php\/urun\/sanatla-yazilan-tarih\/","title":{"rendered":"Sanatla Yaz\u0131lan Tarih"},"content":{"rendered":"<p>Gen\u00e7ler i\u00e7in yazd\u0131\u011f\u0131 tarih\u00ee romanlar ve yapt\u0131\u011f\u0131 k\u00fclt\u00fcr turlar\u0131yla tan\u0131nan sanat tarih\u00e7i Rana Demiriz, bu kitab\u0131yla bizi minyat\u00fcrlerin renkli d\u00fcnyas\u0131n\u0131 ke\u015ffetmeye \u00e7a\u011f\u0131r\u0131yor! Bilindi\u011fi \u00fczere Osmanl\u0131 minyat\u00fcr sanat\u0131 \u00fczerine yaz\u0131lm\u0131\u015f kaynaklar, genellikle akademik bir seviyede kald\u0131\u011f\u0131 i\u00e7in tarihe ve sanata merakl\u0131 okurlar i\u00e7in olduk\u00e7a zorlay\u0131c\u0131 olabiliyor. Oysa Demiriz okurun bu nadide sanat\u0131 inceliklerinden keyif alarak g\u00f6rebilmesini kolayla\u015ft\u0131racak ve yorum yapabilmesine katk\u0131 sa\u011flayacak temel bilgileri sunuyor.\u2022             \u00c7a\u011flar boyu sultanlar\u0131n, devletlerin \u00f6l\u00fcms\u00fczle\u015fti\u011fi, nice sanat\u00e7\u0131lar\u0131n yeti\u015fmesine vesile olan, kimi zaman bir oyun kimi zamansa bir r\u00fcya tabiri bile olabilen bu zarif f\u0131r\u00e7a sanat\u0131n\u0131n do\u011fu\u015fu ve geli\u015fimi.\u2022             Fatih Sultan Mehmed d\u00f6neminde kurulan saray nakka\u015fhanesi ve i\u015fleyi\u015fi.\u2022             Kanuni Sultan S\u00fcleyman d\u00f6nemindeki siyasal geli\u015fmelerin sanata yans\u0131mas\u0131 ve resimli haritac\u0131l\u0131k \u00fcslubunun geli\u015fmesi.\u2022             Osmanl\u0131 Devleti\u2019nin sosyal ve ekonomik yap\u0131s\u0131 hakk\u0131nda da fikirler veren bir g\u00f6rsel \u015f\u00f6len niteli\u011findeki Surname-i H\u00fcmayun ve H\u00fcnername.\u2022             Peygamber Efendimiz\u2019in hayat\u0131n\u0131n anlat\u0131ld\u0131\u011f\u0131 Siyer-i Nebi ve Osmanl\u0131 padi\u015fahlar\u0131n\u0131n \u015fecerelerinin anlat\u0131ld\u0131\u011f\u0131 minyat\u00fcrl\u00fc Silsilename\u2019ler\u2026\u2022             Nakka\u015f Osman, Matrak\u00e7\u0131 Nasuh, Nadiri, Nak\u015fi, Levni ve Osmanl\u0131 minyat\u00fcr\u00fcn\u00fcn \u00f6nde gelen isimleri.Ve daha bir\u00e7ok konu\u2026 Demiriz bu \u00e7al\u0131\u015fmas\u0131nda Osmanl\u0131 minyat\u00fcr\u00fcn\u00fcn tarihsel s\u00fcre\u00e7 i\u00e7inde \u015fekilleni\u015fini, minyat\u00fcrl\u00fc eserlerin t\u00fcrlerini, ikonografyas\u0131n\u0131 ve bu incelikli sanata y\u00f6n veren \u00f6nemli sanat\u00e7\u0131lar\u0131 tan\u0131tmay\u0131 ama\u00e7layarak Osmanl\u0131 Minyat\u00fcr Sanat\u0131&#8217;n\u0131n, alt\u0131 y\u00fczy\u0131l\u0131 a\u015fk\u0131n h\u00fck\u00fcm s\u00fcren Osmanl\u0131 hanedan\u0131n\u0131n ihti\u015faml\u0131 hayat\u0131n\u0131n yazma yapraklar\u0131na ak\u0131t\u0131lan suretlerinin izini s\u00fcr\u00fcyor.<\/p>\n","protected":false},"excerpt":{"rendered":"<p>Gen\u00e7ler i\u00e7in yazd\u0131\u011f\u0131 tarih\u00ee romanlar ve yapt\u0131\u011f\u0131 k\u00fclt\u00fcr turlar\u0131yla tan\u0131nan sanat tarih\u00e7i Rana Demiriz, bu kitab\u0131yla bizi minyat\u00fcrlerin renkli d\u00fcnyas\u0131n\u0131 ke\u015ffetmeye \u00e7a\u011f\u0131r\u0131yor! Bilindi\u011fi \u00fczere Osmanl\u0131 minyat\u00fcr<span class=\"excerpt-hellip\"> [\u2026]<\/span><\/p>\n","protected":false},"featured_media":0,"template":"","meta":{"_monsterinsights_skip_tracking":false,"_monsterinsights_sitenote_active":false,"_monsterinsights_sitenote_note":"","_monsterinsights_sitenote_category":0},"product_brand":[],"product_cat":[12312,12304],"product_tag":[],"class_list":{"0":"post-779957","1":"product","2":"type-product","3":"status-publish","5":"product_cat-diger","6":"product_cat-tarih","7":"pa_cilt-ciltsiz","8":"pa_tur-kitap","9":"pa_yayinevi-timas-yayinlari","10":"pa_yazar-rana-demiriz","12":"first","13":"instock","14":"sale","15":"shipping-taxable","16":"purchasable","17":"product-type-simple"},"_links":{"self":[{"href":"https:\/\/roveyayinevi.com.tr\/index.php\/wp-json\/wp\/v2\/product\/779957","targetHints":{"allow":["GET"]}}],"collection":[{"href":"https:\/\/roveyayinevi.com.tr\/index.php\/wp-json\/wp\/v2\/product"}],"about":[{"href":"https:\/\/roveyayinevi.com.tr\/index.php\/wp-json\/wp\/v2\/types\/product"}],"wp:attachment":[{"href":"https:\/\/roveyayinevi.com.tr\/index.php\/wp-json\/wp\/v2\/media?parent=779957"}],"wp:term":[{"taxonomy":"product_brand","embeddable":true,"href":"https:\/\/roveyayinevi.com.tr\/index.php\/wp-json\/wp\/v2\/product_brand?post=779957"},{"taxonomy":"product_cat","embeddable":true,"href":"https:\/\/roveyayinevi.com.tr\/index.php\/wp-json\/wp\/v2\/product_cat?post=779957"},{"taxonomy":"product_tag","embeddable":true,"href":"https:\/\/roveyayinevi.com.tr\/index.php\/wp-json\/wp\/v2\/product_tag?post=779957"}],"curies":[{"name":"wp","href":"https:\/\/api.w.org\/{rel}","templated":true}]}}