{"id":779955,"date":"2025-12-30T12:18:25","date_gmt":"2025-12-30T09:18:25","guid":{"rendered":"https:\/\/roveyayinevi.com.tr\/index.php\/urun\/narsist-ebeveynlerle-buyumek\/"},"modified":"2026-04-13T03:40:36","modified_gmt":"2026-04-13T00:40:36","slug":"narsist-ebeveynlerle-buyumek","status":"publish","type":"product","link":"https:\/\/roveyayinevi.com.tr\/index.php\/urun\/narsist-ebeveynlerle-buyumek\/","title":{"rendered":"Narsist Ebeveynlerle B\u00fcy\u00fcmek"},"content":{"rendered":"<p>Ebeveynlerimizi se\u00e7emeyiz.Ama onlarla nas\u0131l ba\u015fa \u00e7\u0131kaca\u011f\u0131m\u0131z\u0131 se\u00e7ebiliriz.Narsist Ebeveynlerle B\u00fcy\u00fcmek, \u00e7ocukluklar\u0131nda sevgi yerine ele\u015ftiri, anlay\u0131\u015f yerine su\u00e7luluk, g\u00fcven yerine korku bulmu\u015f yeti\u015fkinlere el uzatan bir rehber. Uzman psikoterapist Dr. Sarah Davies, narsistik ebeveynli\u011fin ruh \u00fczerindeki y\u0131k\u0131c\u0131 etkilerini a\u00e7\u0131klarken, bu ili\u015fkilerin izlerini fark etmenin, anlaman\u0131n ve onlardan \u00f6zg\u00fcrle\u015fmenin yollar\u0131n\u0131 da g\u00f6steriyor.Kendini s\u00fcrekli yetersiz hisseden, ba\u015fkalar\u0131n\u0131n duygular\u0131na fazlas\u0131yla duyarl\u0131 olan, ili\u015fkilerinde ayn\u0131 d\u00f6ng\u00fcleri tekrarlayan herkese, ge\u00e7mi\u015fin y\u00fck\u00fcn\u00fc ta\u015f\u0131madan kendi sesini yeniden bulabilmenin m\u00fcmk\u00fcn oldu\u011funu hat\u0131rlat\u0131yor.Davies\u2019in klinik deneyimlerinden, bilimsel bilgiden ve kendi iyile\u015fme s\u00fcrecinden beslenen sat\u0131rlar, fark\u0131ndal\u0131k ve \u015fefkatle \u00f6r\u00fclm\u00fc\u015f bir iyile\u015fme yolculu\u011funa \u00e7a\u011f\u0131r\u0131yor.<\/p>\n","protected":false},"excerpt":{"rendered":"<p>Ebeveynlerimizi se\u00e7emeyiz.Ama onlarla nas\u0131l ba\u015fa \u00e7\u0131kaca\u011f\u0131m\u0131z\u0131 se\u00e7ebiliriz.Narsist Ebeveynlerle B\u00fcy\u00fcmek, \u00e7ocukluklar\u0131nda sevgi yerine ele\u015ftiri, anlay\u0131\u015f yerine su\u00e7luluk, g\u00fcven yerine korku bulmu\u015f yeti\u015fkinlere el uzatan bir rehber. Uzman<span class=\"excerpt-hellip\"> [\u2026]<\/span><\/p>\n","protected":false},"featured_media":0,"template":"","meta":{"_monsterinsights_skip_tracking":false,"_monsterinsights_sitenote_active":false,"_monsterinsights_sitenote_note":"","_monsterinsights_sitenote_category":0},"product_brand":[],"product_cat":[12364,12376],"product_tag":[],"class_list":{"0":"post-779955","1":"product","2":"type-product","3":"status-publish","5":"product_cat-genel-konular","6":"product_cat-kisisel-gelisim","7":"pa_cilt-ciltsiz","8":"pa_tur-kitap","9":"pa_yayinevi-timas-yayinlari","10":"pa_yazar-sarah-davies","12":"first","13":"instock","14":"sale","15":"shipping-taxable","16":"purchasable","17":"product-type-simple"},"_links":{"self":[{"href":"https:\/\/roveyayinevi.com.tr\/index.php\/wp-json\/wp\/v2\/product\/779955","targetHints":{"allow":["GET"]}}],"collection":[{"href":"https:\/\/roveyayinevi.com.tr\/index.php\/wp-json\/wp\/v2\/product"}],"about":[{"href":"https:\/\/roveyayinevi.com.tr\/index.php\/wp-json\/wp\/v2\/types\/product"}],"wp:attachment":[{"href":"https:\/\/roveyayinevi.com.tr\/index.php\/wp-json\/wp\/v2\/media?parent=779955"}],"wp:term":[{"taxonomy":"product_brand","embeddable":true,"href":"https:\/\/roveyayinevi.com.tr\/index.php\/wp-json\/wp\/v2\/product_brand?post=779955"},{"taxonomy":"product_cat","embeddable":true,"href":"https:\/\/roveyayinevi.com.tr\/index.php\/wp-json\/wp\/v2\/product_cat?post=779955"},{"taxonomy":"product_tag","embeddable":true,"href":"https:\/\/roveyayinevi.com.tr\/index.php\/wp-json\/wp\/v2\/product_tag?post=779955"}],"curies":[{"name":"wp","href":"https:\/\/api.w.org\/{rel}","templated":true}]}}