{"id":779954,"date":"2025-12-30T12:18:20","date_gmt":"2025-12-30T09:18:20","guid":{"rendered":"https:\/\/roveyayinevi.com.tr\/index.php\/urun\/kitapin-yolculari\/"},"modified":"2026-04-15T03:44:40","modified_gmt":"2026-04-15T00:44:40","slug":"kitapin-yolculari","status":"publish","type":"product","link":"https:\/\/roveyayinevi.com.tr\/index.php\/urun\/kitapin-yolculari\/","title":{"rendered":"Kitap&#8217;\u0131n Yolcular\u0131"},"content":{"rendered":"<p>Fransa, 1685. Kral, Katolikli\u011fi tek yasal din olarak ilan eder. Bir grup Protestan Huguenot, yeni bir vatan bulma umuduyla \u00fclkenin di\u011fer ucuna ula\u015fmak \u00fczere yola \u00e7\u0131kar. Bu grupta, ni\u015fanl\u0131s\u0131 taraf\u0131ndan terk edilmi\u015f Veronika, simyayla ilgilenen Marki, ayaklar\u0131 yere sa\u011flam basan varl\u0131kl\u0131 de Berle ve yan\u0131ndan hi\u00e7 ayr\u0131lmayan sar\u0131 k\u00f6pe\u011fiyle dilsiz arabac\u0131 Gauche vard\u0131r. Hepsi Paris\u2019i farkl\u0131 nedenlerle terk etmi\u015ftir. Zaman zaman maceraya d\u00f6n\u00fc\u015fen bu yolculuk, yaln\u0131zca onlar\u0131n kaderini de\u011fil, t\u00fcm insanl\u0131\u011f\u0131n tarihini de\u011fi\u015ftirebilir.Hedeflerindeki Pireneler\u2019de, ula\u015f\u0131lmas\u0131 g\u00fc\u00e7 bir da\u011f ge\u00e7idinde, k\u00fc\u00e7\u00fck bir manast\u0131r\u0131n duvarlar\u0131 aras\u0131nda, y\u00fczy\u0131llard\u0131r saklanan bir Kitap vard\u0131r. Bu Kitap\u2019\u0131n d\u00fcnyan\u0131n gelece\u011fini etkileme \u015fans\u0131 do\u011fmu\u015ftur. Ancak d\u00fcnya, onun bulunmas\u0131na haz\u0131r m\u0131d\u0131r? \u201cMuhte\u015fem bir yazar.\u201d \u2014Svetlana Alexievich\u201cOlga Tokarczuk, \u015fiirsel hayal g\u00fcc\u00fc ve dilin g\u00fczelli\u011fiyle \u015feylerin ve deneyimlerin kaybolmas\u0131na kar\u015f\u0131 \u00e7\u0131k\u0131yor.\u201d \u2014Die Tageszeitung\u201cOlga Tokarczuk ge\u00e7en \u00e7eyrek y\u00fczy\u0131l\u0131n say\u0131l\u0131 Avrupal\u0131 romanc\u0131s\u0131ndan biri.\u201d \u2014The Economist<\/p>\n","protected":false},"excerpt":{"rendered":"<p>Fransa, 1685. Kral, Katolikli\u011fi tek yasal din olarak ilan eder. Bir grup Protestan Huguenot, yeni bir vatan bulma umuduyla \u00fclkenin di\u011fer ucuna ula\u015fmak \u00fczere yola \u00e7\u0131kar.<span class=\"excerpt-hellip\"> [\u2026]<\/span><\/p>\n","protected":false},"featured_media":0,"template":"","meta":{"_monsterinsights_skip_tracking":false,"_monsterinsights_sitenote_active":false,"_monsterinsights_sitenote_note":"","_monsterinsights_sitenote_category":0},"product_brand":[],"product_cat":[12291,12711],"product_tag":[],"class_list":{"0":"post-779954","1":"product","2":"type-product","3":"status-publish","5":"product_cat-edebiyat","6":"product_cat-roman-oyku","7":"pa_cilt-ciltsiz","8":"pa_tur-kitap","9":"pa_yayinevi-timas-yayinlari","10":"pa_yazar-olga-tokarczuk","12":"first","13":"instock","14":"sale","15":"shipping-taxable","16":"purchasable","17":"product-type-simple"},"_links":{"self":[{"href":"https:\/\/roveyayinevi.com.tr\/index.php\/wp-json\/wp\/v2\/product\/779954","targetHints":{"allow":["GET"]}}],"collection":[{"href":"https:\/\/roveyayinevi.com.tr\/index.php\/wp-json\/wp\/v2\/product"}],"about":[{"href":"https:\/\/roveyayinevi.com.tr\/index.php\/wp-json\/wp\/v2\/types\/product"}],"wp:attachment":[{"href":"https:\/\/roveyayinevi.com.tr\/index.php\/wp-json\/wp\/v2\/media?parent=779954"}],"wp:term":[{"taxonomy":"product_brand","embeddable":true,"href":"https:\/\/roveyayinevi.com.tr\/index.php\/wp-json\/wp\/v2\/product_brand?post=779954"},{"taxonomy":"product_cat","embeddable":true,"href":"https:\/\/roveyayinevi.com.tr\/index.php\/wp-json\/wp\/v2\/product_cat?post=779954"},{"taxonomy":"product_tag","embeddable":true,"href":"https:\/\/roveyayinevi.com.tr\/index.php\/wp-json\/wp\/v2\/product_tag?post=779954"}],"curies":[{"name":"wp","href":"https:\/\/api.w.org\/{rel}","templated":true}]}}