{"id":779953,"date":"2025-12-30T12:18:18","date_gmt":"2025-12-30T09:18:18","guid":{"rendered":"https:\/\/roveyayinevi.com.tr\/index.php\/urun\/ise-yaramayan-seyler-uzerine\/"},"modified":"2026-04-15T03:44:40","modified_gmt":"2026-04-15T00:44:40","slug":"ise-yaramayan-seyler-uzerine","status":"publish","type":"product","link":"https:\/\/roveyayinevi.com.tr\/index.php\/urun\/ise-yaramayan-seyler-uzerine\/","title":{"rendered":"\u0130\u015fe Yaramayan \u015eeyler \u00dczerine"},"content":{"rendered":"<p>\u00c7a\u011f\u0131m\u0131z\u0131n g\u00f6r\u00fcnmez salg\u0131n\u0131 olan \u00f6rt\u00fck nihilizme kar\u015f\u0131 d\u00fc\u015f\u00fcnmeye davet\u2026Yasin Ramazan, fayday\u0131 mutlak \u00f6l\u00e7\u00fct haline getiren \u00e7a\u011fda\u015f akl\u0131n, insan\u0131n anlamla olan ba\u011f\u0131n\u0131 nas\u0131l zay\u0131flatt\u0131\u011f\u0131n\u0131 sorguluyor. \u201cNe i\u015fe yar\u0131yor?\u201d sorusunun t\u00fcm de\u011ferleri belirledi\u011fi bir d\u00fcnyada; sevgi, dostluk, merhamet, \u00f6zg\u00fcrl\u00fck, inan\u00e7 ve d\u00fc\u015f\u00fcnme gibi \u201ci\u015fe yaramayan\u201d \u015feylerin asl\u0131nda insan olman\u0131n \u00f6z\u00fc oldu\u011funu hat\u0131rlat\u0131yor.Metafizi\u011fin unutulmad\u0131\u011f\u0131n\u0131, umudun irrasyonel de\u011fil rasyonel bir tutum oldu\u011funu, d\u00fc\u015f\u00fcnmenin bir ahlaki sorumluluk ta\u015f\u0131d\u0131\u011f\u0131n\u0131 savunuyor. Sosyal medya \u00e7a\u011f\u0131nda vasata indirgenen d\u00fc\u015f\u00fcnceye kar\u015f\u0131 \u00f6zg\u00fcnl\u00fc\u011f\u00fcn, h\u0131z\u0131n i\u00e7inde kaybolan \u00e7a\u011f\u0131m\u0131za kar\u015f\u0131 yava\u015f ve derin d\u00fc\u015f\u00fcnmenin savunusunu yap\u0131yor.\u0130\u015fe Yaramayan \u015eeyler \u00dczerine, faydas\u0131z gibi g\u00f6r\u00fcnen ama insan\u0131 insan yapan de\u011ferlere adanm\u0131\u015f; anlam\u0131n, kaos ve fayda aras\u0131nda h\u00e2l\u00e2 sessizce ya\u015fad\u0131\u011f\u0131n\u0131 hat\u0131rlatan g\u00fc\u00e7l\u00fc bir entelekt\u00fcel direni\u015f.<\/p>\n","protected":false},"excerpt":{"rendered":"<p>\u00c7a\u011f\u0131m\u0131z\u0131n g\u00f6r\u00fcnmez salg\u0131n\u0131 olan \u00f6rt\u00fck nihilizme kar\u015f\u0131 d\u00fc\u015f\u00fcnmeye davet\u2026Yasin Ramazan, fayday\u0131 mutlak \u00f6l\u00e7\u00fct haline getiren \u00e7a\u011fda\u015f akl\u0131n, insan\u0131n anlamla olan ba\u011f\u0131n\u0131 nas\u0131l zay\u0131flatt\u0131\u011f\u0131n\u0131 sorguluyor. \u201cNe i\u015fe<span class=\"excerpt-hellip\"> [\u2026]<\/span><\/p>\n","protected":false},"featured_media":0,"template":"","meta":{"_monsterinsights_skip_tracking":false,"_monsterinsights_sitenote_active":false,"_monsterinsights_sitenote_note":"","_monsterinsights_sitenote_category":0},"product_brand":[],"product_cat":[12388],"product_tag":[],"class_list":{"0":"post-779953","1":"product","2":"type-product","3":"status-publish","5":"product_cat-felsefe","6":"pa_cilt-ciltsiz","7":"pa_tur-kitap","8":"pa_yayinevi-timas-yayinlari","9":"pa_yazar-yasin-ramazan","11":"first","12":"instock","13":"sale","14":"shipping-taxable","15":"purchasable","16":"product-type-simple"},"_links":{"self":[{"href":"https:\/\/roveyayinevi.com.tr\/index.php\/wp-json\/wp\/v2\/product\/779953","targetHints":{"allow":["GET"]}}],"collection":[{"href":"https:\/\/roveyayinevi.com.tr\/index.php\/wp-json\/wp\/v2\/product"}],"about":[{"href":"https:\/\/roveyayinevi.com.tr\/index.php\/wp-json\/wp\/v2\/types\/product"}],"wp:attachment":[{"href":"https:\/\/roveyayinevi.com.tr\/index.php\/wp-json\/wp\/v2\/media?parent=779953"}],"wp:term":[{"taxonomy":"product_brand","embeddable":true,"href":"https:\/\/roveyayinevi.com.tr\/index.php\/wp-json\/wp\/v2\/product_brand?post=779953"},{"taxonomy":"product_cat","embeddable":true,"href":"https:\/\/roveyayinevi.com.tr\/index.php\/wp-json\/wp\/v2\/product_cat?post=779953"},{"taxonomy":"product_tag","embeddable":true,"href":"https:\/\/roveyayinevi.com.tr\/index.php\/wp-json\/wp\/v2\/product_tag?post=779953"}],"curies":[{"name":"wp","href":"https:\/\/api.w.org\/{rel}","templated":true}]}}