{"id":779952,"date":"2025-12-30T12:18:15","date_gmt":"2025-12-30T09:18:15","guid":{"rendered":"https:\/\/roveyayinevi.com.tr\/index.php\/urun\/cografyanin-mitleri-dunyayi-yanlis-anlamanin-sekiz-yolu\/"},"modified":"2026-04-15T03:44:40","modified_gmt":"2026-04-15T00:44:40","slug":"cografyanin-mitleri-dunyayi-yanlis-anlamanin-sekiz-yolu","status":"publish","type":"product","link":"https:\/\/roveyayinevi.com.tr\/index.php\/urun\/cografyanin-mitleri-dunyayi-yanlis-anlamanin-sekiz-yolu\/","title":{"rendered":"Co\u011frafyan\u0131n Mitleri: D\u00fcnyay\u0131 Yanl\u0131\u015f Anlaman\u0131n Sekiz Yolu"},"content":{"rendered":"<p>Haritalar\u0131m\u0131z art\u0131k ejderhalar ve deniz canavarlar\u0131yla dolu de\u011fil ama d\u00fcnyay\u0131 alg\u0131lama bi\u00e7imimiz h\u00e2l\u00e2 g\u00f6r\u00fcnmez co\u011frafi mitlerle \u015fekilleniyor: k\u0131talar, s\u0131n\u0131rlar, uluslar, egemenlikler, ekonomik b\u00fcy\u00fcme ideali\u2026 Peki ya b\u00fct\u00fcn bu kavramlar ger\u00e7ekte yaln\u0131zca birer k\u00fclt\u00fcrel kurguysa? Paul Richardson, Co\u011frafyan\u0131n Mitleri\u2019nde d\u00fcnya alg\u0131m\u0131z\u0131 \u015fekillendiren sekiz temel inanc\u0131 sorguluyor. K\u0131talar\u0131n \u00e7iziminden GSY\u0130H \u00f6l\u00e7\u00fcm\u00fcne, \u00c7in\u2019in Yeni \u0130pek Yolu projesinden Rusya\u2019n\u0131n kom\u015fular\u0131n\u0131 tehdit etmeye yazg\u0131l\u0131 oldu\u011fu d\u00fc\u015f\u00fcncesine kadar uzanan \u00f6rneklerle d\u00fcnyay\u0131 alg\u0131lay\u0131\u015f bi\u00e7imimizi belirleyen kal\u0131plar\u0131 a\u00e7\u0131\u011fa \u00e7\u0131kar\u0131yor. D\u00fcnyay\u0131 oldu\u011fu gibi de\u011fil, nas\u0131l hayal etti\u011fimizi anlatan bu cesur kitap, okuru bilindik s\u0131n\u0131rlar\u0131n \u00f6tesine ge\u00e7meye davet ediyor.  \u201cCo\u011frafyan\u0131n Mitleri, d\u00fc\u015f\u00fcnd\u00fcr\u00fcc\u00fc, e\u011flenceli ve sizi farkl\u0131 d\u00fc\u015f\u00fcnmeye zorlayacak bir kitap. \u00c7evremizdeki d\u00fcnyan\u0131n ger\u00e7eklerini ke\u015ffetmek i\u00e7in b\u00fcy\u00fck bir ihtiya\u00e7.\u201d \u2013 Dipo Faloyin, Africa is Not a Country kitab\u0131n\u0131n yazar\u0131 \u201cOla\u011fan\u00fcst\u00fc. Daha ilk b\u00f6l\u00fcmde d\u00fcnyay\u0131 g\u00f6rme \u015feklinizi tamamen de\u011fi\u015ftiriyor ve bunu yedi kez daha tekrarl\u0131yor. Bir haritaya bir daha asla ayn\u0131 g\u00f6zle bakamayacaks\u0131n\u0131z.\u201d \u2013 Jonn Elledge, A History of the World in 47 Borders kitab\u0131n\u0131n yazar\u0131<\/p>\n","protected":false},"excerpt":{"rendered":"<p>Haritalar\u0131m\u0131z art\u0131k ejderhalar ve deniz canavarlar\u0131yla dolu de\u011fil ama d\u00fcnyay\u0131 alg\u0131lama bi\u00e7imimiz h\u00e2l\u00e2 g\u00f6r\u00fcnmez co\u011frafi mitlerle \u015fekilleniyor: k\u0131talar, s\u0131n\u0131rlar, uluslar, egemenlikler, ekonomik b\u00fcy\u00fcme ideali\u2026 Peki ya<span class=\"excerpt-hellip\"> [\u2026]<\/span><\/p>\n","protected":false},"featured_media":0,"template":"","meta":{"_monsterinsights_skip_tracking":false,"_monsterinsights_sitenote_active":false,"_monsterinsights_sitenote_note":"","_monsterinsights_sitenote_category":0},"product_brand":[],"product_cat":[12370,12304],"product_tag":[],"class_list":{"0":"post-779952","1":"product","2":"type-product","3":"status-publish","5":"product_cat-arastirma-inceleme","6":"product_cat-tarih","7":"pa_cilt-ciltsiz","8":"pa_tur-kitap","9":"pa_yayinevi-timas-yayinlari","10":"pa_yazar-paul-richardson","12":"first","13":"instock","14":"sale","15":"shipping-taxable","16":"purchasable","17":"product-type-simple"},"_links":{"self":[{"href":"https:\/\/roveyayinevi.com.tr\/index.php\/wp-json\/wp\/v2\/product\/779952","targetHints":{"allow":["GET"]}}],"collection":[{"href":"https:\/\/roveyayinevi.com.tr\/index.php\/wp-json\/wp\/v2\/product"}],"about":[{"href":"https:\/\/roveyayinevi.com.tr\/index.php\/wp-json\/wp\/v2\/types\/product"}],"wp:attachment":[{"href":"https:\/\/roveyayinevi.com.tr\/index.php\/wp-json\/wp\/v2\/media?parent=779952"}],"wp:term":[{"taxonomy":"product_brand","embeddable":true,"href":"https:\/\/roveyayinevi.com.tr\/index.php\/wp-json\/wp\/v2\/product_brand?post=779952"},{"taxonomy":"product_cat","embeddable":true,"href":"https:\/\/roveyayinevi.com.tr\/index.php\/wp-json\/wp\/v2\/product_cat?post=779952"},{"taxonomy":"product_tag","embeddable":true,"href":"https:\/\/roveyayinevi.com.tr\/index.php\/wp-json\/wp\/v2\/product_tag?post=779952"}],"curies":[{"name":"wp","href":"https:\/\/api.w.org\/{rel}","templated":true}]}}