{"id":779950,"date":"2025-12-30T12:18:11","date_gmt":"2025-12-30T09:18:11","guid":{"rendered":"https:\/\/roveyayinevi.com.tr\/index.php\/urun\/basim-secdeye-gitmiyor-allahim\/"},"modified":"2026-04-15T03:44:40","modified_gmt":"2026-04-15T00:44:40","slug":"basim-secdeye-gitmiyor-allahim","status":"publish","type":"product","link":"https:\/\/roveyayinevi.com.tr\/index.php\/urun\/basim-secdeye-gitmiyor-allahim\/","title":{"rendered":"Ba\u015f\u0131m Secdeye Gitmiyor Allah\u2019\u0131m"},"content":{"rendered":"<p>Biz, d\u00fcnyay\u0131 g\u00f6z\u00fcm\u00fczde \u00e7ok b\u00fcy\u00fct\u00fcyoruz. Allah, d\u00fcnyadan b\u00fcy\u00fckt\u00fcr; bunu bir t\u00fcrl\u00fc anlayam\u0131yoruz. Allah ile namazda bulu\u015fman\u0131n \u00f6n\u00fcne, ge\u00e7ici ve \u00fc\u00e7 kuru\u015f etmez d\u00fcnya i\u015flerini koyuyoruz, Allah ile olan kavu\u015fmay\u0131 erteliyoruz. Oysa bir insan, namaz\u0131n manas\u0131n\u0131 ve k\u0131ymetini bilse, bir vakit namazda bile Rabbiyle bulu\u015fabilmek i\u00e7in d\u00fcnyay\u0131 yakar da yine Allah ile olan vuslat\u0131n\u0131 ertelemez.  <\/p>\n","protected":false},"excerpt":{"rendered":"<p>Biz, d\u00fcnyay\u0131 g\u00f6z\u00fcm\u00fczde \u00e7ok b\u00fcy\u00fct\u00fcyoruz. Allah, d\u00fcnyadan b\u00fcy\u00fckt\u00fcr; bunu bir t\u00fcrl\u00fc anlayam\u0131yoruz. Allah ile namazda bulu\u015fman\u0131n \u00f6n\u00fcne, ge\u00e7ici ve \u00fc\u00e7 kuru\u015f etmez d\u00fcnya i\u015flerini koyuyoruz, Allah<span class=\"excerpt-hellip\"> [\u2026]<\/span><\/p>\n","protected":false},"featured_media":0,"template":"","meta":{"_monsterinsights_skip_tracking":false,"_monsterinsights_sitenote_active":false,"_monsterinsights_sitenote_note":"","_monsterinsights_sitenote_category":0},"product_brand":[],"product_cat":[13036,12718,12719],"product_tag":[],"class_list":{"0":"post-779950","1":"product","2":"type-product","3":"status-publish","5":"product_cat-arastirma-inceleme-islam","6":"product_cat-din","7":"product_cat-islam","8":"pa_cilt-ciltsiz","9":"pa_tur-kitap","10":"pa_yayinevi-timas-yayinlari","11":"pa_yazar-mehmet-yildiz","13":"first","14":"instock","15":"sale","16":"shipping-taxable","17":"purchasable","18":"product-type-simple"},"_links":{"self":[{"href":"https:\/\/roveyayinevi.com.tr\/index.php\/wp-json\/wp\/v2\/product\/779950","targetHints":{"allow":["GET"]}}],"collection":[{"href":"https:\/\/roveyayinevi.com.tr\/index.php\/wp-json\/wp\/v2\/product"}],"about":[{"href":"https:\/\/roveyayinevi.com.tr\/index.php\/wp-json\/wp\/v2\/types\/product"}],"wp:attachment":[{"href":"https:\/\/roveyayinevi.com.tr\/index.php\/wp-json\/wp\/v2\/media?parent=779950"}],"wp:term":[{"taxonomy":"product_brand","embeddable":true,"href":"https:\/\/roveyayinevi.com.tr\/index.php\/wp-json\/wp\/v2\/product_brand?post=779950"},{"taxonomy":"product_cat","embeddable":true,"href":"https:\/\/roveyayinevi.com.tr\/index.php\/wp-json\/wp\/v2\/product_cat?post=779950"},{"taxonomy":"product_tag","embeddable":true,"href":"https:\/\/roveyayinevi.com.tr\/index.php\/wp-json\/wp\/v2\/product_tag?post=779950"}],"curies":[{"name":"wp","href":"https:\/\/api.w.org\/{rel}","templated":true}]}}