{"id":779946,"date":"2025-12-30T12:17:55","date_gmt":"2025-12-30T09:17:55","guid":{"rendered":"https:\/\/roveyayinevi.com.tr\/index.php\/urun\/hayaletler-3\/"},"modified":"2026-04-15T03:44:40","modified_gmt":"2026-04-15T00:44:40","slug":"hayaletler-3","status":"publish","type":"product","link":"https:\/\/roveyayinevi.com.tr\/index.php\/urun\/hayaletler-3\/","title":{"rendered":"Hayaletler"},"content":{"rendered":"<p>Y\u0131llarca ilmek ilmek i\u015flenmi\u015f de\u011ferli arkada\u015fl\u0131klar, g\u00fc\u00e7l\u00fc aile ba\u011flar\u0131, ba\u015far\u0131l\u0131 bir kariyer, Londra\u2019da kendine ait bir ev&#8230; T\u00fcm bunlara sahip bir hayat kusursuz g\u00f6z\u00fck\u00fcyor, de\u011fil mi? Ama 30\u2019lar\u0131n\u0131n ba\u015flar\u0131ndaki Nina Dean\u2019e g\u00f6re bu hik\u00e2ye h\u00e2l\u00e2 eksik&#8230; \u00c7evrimi\u00e7i tan\u0131\u015fma uygulamalar\u0131, alakas\u0131z birka\u00e7 c\u00fcmle ve minik bir profil foto\u011fraf\u0131yla tan\u0131nan m\u00fcstakbel partnerler, anlams\u0131z sohbetler ve kendi duygular\u0131ndan ka\u00e7anlarla ya\u015fanan ili\u015fkilerin ka\u00e7\u0131n\u0131lmaz sonu: \u201cHayalet\u201de d\u00f6n\u00fc\u015fen eski sevgililer&#8230; Nina\u2019n\u0131n bu m\u00fccadelesinde \u00e7ok tan\u0131d\u0131k bir \u015fey var \u00fcstelik: \u201cErkeklerden ho\u015flanan 30\u2019lu ya\u015flarda bir kad\u0131n olmak demek, hem onlar\u0131n duygular\u0131na terc\u00fcman olmak hem gururlar\u0131na bak\u0131c\u0131l\u0131k yapmak hem de egolar\u0131na arabuluculuk etmek demek.\u201dDolly Alderton, ghosting gibi bu \u00e7a\u011f\u0131n ili\u015fki sorunlar\u0131n\u0131 son derece e\u011flenceli bir dille kaleme al\u0131yor.\u201cAlderton, 30\u2019lu ya\u015flarda fl\u00f6rt etmenin korkun\u00e7 ger\u00e7eklerini ustal\u0131kla g\u00f6zler \u00f6n\u00fcne seriyor\u2026 Bay\u0131ld\u0131m.\u201d  Daily Mail\u201cE\u011flenceli, keskin bir g\u00f6zlemle yaz\u0131lm\u0131\u015f, dokunakl\u0131.\u201d Matt Haig<\/p>\n","protected":false},"excerpt":{"rendered":"<p>Y\u0131llarca ilmek ilmek i\u015flenmi\u015f de\u011ferli arkada\u015fl\u0131klar, g\u00fc\u00e7l\u00fc aile ba\u011flar\u0131, ba\u015far\u0131l\u0131 bir kariyer, Londra\u2019da kendine ait bir ev&#8230; T\u00fcm bunlara sahip bir hayat kusursuz g\u00f6z\u00fck\u00fcyor, de\u011fil mi?<span class=\"excerpt-hellip\"> [\u2026]<\/span><\/p>\n","protected":false},"featured_media":0,"template":"","meta":{"_monsterinsights_skip_tracking":false,"_monsterinsights_sitenote_active":false,"_monsterinsights_sitenote_note":"","_monsterinsights_sitenote_category":0},"product_brand":[],"product_cat":[12291,12711],"product_tag":[],"class_list":{"0":"post-779946","1":"product","2":"type-product","3":"status-publish","5":"product_cat-edebiyat","6":"product_cat-roman-oyku","7":"pa_cilt-ciltsiz","8":"pa_tur-kitap","9":"pa_yayinevi-mundi","10":"pa_yazar-dolly-alderton","12":"first","13":"instock","14":"sale","15":"shipping-taxable","16":"purchasable","17":"product-type-simple"},"_links":{"self":[{"href":"https:\/\/roveyayinevi.com.tr\/index.php\/wp-json\/wp\/v2\/product\/779946","targetHints":{"allow":["GET"]}}],"collection":[{"href":"https:\/\/roveyayinevi.com.tr\/index.php\/wp-json\/wp\/v2\/product"}],"about":[{"href":"https:\/\/roveyayinevi.com.tr\/index.php\/wp-json\/wp\/v2\/types\/product"}],"wp:attachment":[{"href":"https:\/\/roveyayinevi.com.tr\/index.php\/wp-json\/wp\/v2\/media?parent=779946"}],"wp:term":[{"taxonomy":"product_brand","embeddable":true,"href":"https:\/\/roveyayinevi.com.tr\/index.php\/wp-json\/wp\/v2\/product_brand?post=779946"},{"taxonomy":"product_cat","embeddable":true,"href":"https:\/\/roveyayinevi.com.tr\/index.php\/wp-json\/wp\/v2\/product_cat?post=779946"},{"taxonomy":"product_tag","embeddable":true,"href":"https:\/\/roveyayinevi.com.tr\/index.php\/wp-json\/wp\/v2\/product_tag?post=779946"}],"curies":[{"name":"wp","href":"https:\/\/api.w.org\/{rel}","templated":true}]}}