{"id":779944,"date":"2025-12-30T12:17:49","date_gmt":"2025-12-30T09:17:49","guid":{"rendered":"https:\/\/roveyayinevi.com.tr\/index.php\/urun\/efsane-futbol-2\/"},"modified":"2026-04-15T03:44:40","modified_gmt":"2026-04-15T00:44:40","slug":"efsane-futbol-2","status":"publish","type":"product","link":"https:\/\/roveyayinevi.com.tr\/index.php\/urun\/efsane-futbol-2\/","title":{"rendered":"Efsane Futbol &#8211; 2"},"content":{"rendered":"<p>Bazen bir gol sadece bir ma\u00e7\u0131n de\u011fil; bir hayat\u0131n, hatta b\u00fct\u00fcn d\u00fcnyan\u0131n kaderini de\u011fi\u015ftirebilir. Futbol sadece bir spor de\u011fil\u2026 Bazen sava\u015f\u0131 durduran bir bar\u0131\u015f dili, bazen kad\u0131nlar\u0131n e\u015fitlik i\u00e7in verdi\u011fi m\u00fccadelenin sembol\u00fc, bazen de yoksul bir \u00e7ocu\u011fun hayallerine a\u00e7\u0131lan kap\u0131.  D\u00fcnyan\u0131n d\u00f6rt bir yan\u0131ndan ger\u00e7ek ve inan\u0131lmaz hik\u00e2yeler bu kitapta bir araya geliyor:  \u2022    Futbol sayesinde bar\u0131\u015f\u0131n sa\u011fland\u0131\u011f\u0131 anlar,  \u2022    Cesur kad\u0131n futbolcular\u0131n de\u011fi\u015ftirdi\u011fi kurallar,  \u2022    Irk\u00e7\u0131l\u0131\u011fa kar\u015f\u0131 at\u0131lan g\u00fc\u00e7l\u00fc ad\u0131mlar,  \u2022    Saha d\u0131\u015f\u0131nda da fark yaratan y\u0131ld\u0131zlar\u0131n ilham veren yolculuklar\u0131\u2026  \u2022     Matt Oldfield\u2019in kaleminden \u00e7\u0131kan Efsane Futbol 2, gen\u00e7 okurlara futbolun hayatlar\u0131 ve toplumlar\u0131 nas\u0131l d\u00f6n\u00fc\u015ft\u00fcrebilece\u011fini e\u011flenceli, s\u00fcr\u00fckleyici ve ilham verici bir dille anlat\u0131yor. \u0130lk kitab\u0131yla \u00f6d\u00fcller kazanan Efsane Futbol serisinin bu kitab\u0131, hem futbolsever \u00e7ocuklara hem de sporu bir de\u011ferler okulu olarak g\u00f6ren yeti\u015fkinlere hitap ediyor.    Okurlar\u0131n yorumlar\u0131 da bunun kan\u0131t\u0131:  \u2022    \u201cAk\u0131c\u0131, etkileyici ve umut verici. Futbol hik\u00e2yelerine yabanc\u0131 olsam bile okurken \u00e7ok \u015fey \u00f6\u011frendim.\u201d  \u2022    \u201cAdalet, e\u015fitlik ve cesaret \u00fczerine d\u00fc\u015f\u00fcnd\u00fcren, \u00e7ocuklara mutlaka okutulmas\u0131 gereken bir kitap.\u201d  \u2022     Efsane Futbol 2: Futbol D\u00fcnyay\u0131 Nas\u0131l De\u011fi\u015ftirebilir? ile \u00e7ocuklar hem futbola duyduklar\u0131 tutkuyu yeniden ke\u015ffedecek hem de d\u00fcnyay\u0131 de\u011fi\u015ftirme g\u00fcc\u00fcn\u00fcn kendilerinde oldu\u011funu g\u00f6recekler. \u00c7\u00fcnk\u00fc bazen bir gol sadece bir ma\u00e7\u0131n de\u011fil, bir hayat\u0131n, hatta b\u00fct\u00fcn d\u00fcnyan\u0131n kaderini de\u011fi\u015ftirebilir.    Maceran\u0131n ilk ad\u0131m\u0131   Serinin ilk kitab\u0131 Efsane Futbol 1: (Hi\u00e7 Duymad\u0131\u011f\u0131n) Ola\u011fan\u00fcst\u00fc Ama Ger\u00e7ek Futbol Hik\u00e2yeleri, futbol tarihinin en \u015fa\u015f\u0131rt\u0131c\u0131, en komik ve en unutulmaz anlar\u0131n\u0131 gen\u00e7 okurlara getiriyor. \u00dcstelik kitap yaln\u0131zca kahkaha att\u0131rmakla kalm\u0131yor, futbolun ne kadar tuhaf, e\u011flenceli ve s\u00fcrprizlerle dolu oldu\u011funu da g\u00f6steriyor.  Bu seri, futbola yaln\u0131zca top pe\u015finde ko\u015fulan bir oyun de\u011fil, kahkaha ve umut dolu bir ya\u015fam sahnesi olarak bakan herkes i\u00e7in. \u00c7ocuklar i\u00e7in e\u011flenceli, b\u00fcy\u00fckler i\u00e7in de \u015fa\u015f\u0131rt\u0131c\u0131 bir okuma deneyimi.<\/p>\n","protected":false},"excerpt":{"rendered":"<p>Bazen bir gol sadece bir ma\u00e7\u0131n de\u011fil; bir hayat\u0131n, hatta b\u00fct\u00fcn d\u00fcnyan\u0131n kaderini de\u011fi\u015ftirebilir. Futbol sadece bir spor de\u011fil\u2026 Bazen sava\u015f\u0131 durduran bir bar\u0131\u015f dili, bazen<span class=\"excerpt-hellip\"> [\u2026]<\/span><\/p>\n","protected":false},"featured_media":0,"template":"","meta":{"_monsterinsights_skip_tracking":false,"_monsterinsights_sitenote_active":false,"_monsterinsights_sitenote_note":"","_monsterinsights_sitenote_category":0},"product_brand":[],"product_cat":[12274,14573],"product_tag":[],"class_list":{"0":"post-779944","1":"product","2":"type-product","3":"status-publish","5":"product_cat-cocuk-ve-genclik-kitaplari","6":"product_cat-referans-kitaplar-cocuk-ve-genclik-kitaplari","7":"pa_cilt-ciltsiz","8":"pa_tur-kitap","9":"pa_yayinevi-okuyan-us-yayin","10":"pa_yazar-matt-oldfield","12":"first","13":"instock","14":"sale","15":"shipping-taxable","16":"purchasable","17":"product-type-simple"},"_links":{"self":[{"href":"https:\/\/roveyayinevi.com.tr\/index.php\/wp-json\/wp\/v2\/product\/779944","targetHints":{"allow":["GET"]}}],"collection":[{"href":"https:\/\/roveyayinevi.com.tr\/index.php\/wp-json\/wp\/v2\/product"}],"about":[{"href":"https:\/\/roveyayinevi.com.tr\/index.php\/wp-json\/wp\/v2\/types\/product"}],"wp:attachment":[{"href":"https:\/\/roveyayinevi.com.tr\/index.php\/wp-json\/wp\/v2\/media?parent=779944"}],"wp:term":[{"taxonomy":"product_brand","embeddable":true,"href":"https:\/\/roveyayinevi.com.tr\/index.php\/wp-json\/wp\/v2\/product_brand?post=779944"},{"taxonomy":"product_cat","embeddable":true,"href":"https:\/\/roveyayinevi.com.tr\/index.php\/wp-json\/wp\/v2\/product_cat?post=779944"},{"taxonomy":"product_tag","embeddable":true,"href":"https:\/\/roveyayinevi.com.tr\/index.php\/wp-json\/wp\/v2\/product_tag?post=779944"}],"curies":[{"name":"wp","href":"https:\/\/api.w.org\/{rel}","templated":true}]}}