{"id":779939,"date":"2025-12-30T12:17:33","date_gmt":"2025-12-30T09:17:33","guid":{"rendered":"https:\/\/roveyayinevi.com.tr\/index.php\/urun\/melekler-ve-bocekler\/"},"modified":"2026-04-15T03:44:40","modified_gmt":"2026-04-15T00:44:40","slug":"melekler-ve-bocekler","status":"publish","type":"product","link":"https:\/\/roveyayinevi.com.tr\/index.php\/urun\/melekler-ve-bocekler\/","title":{"rendered":"Melekler ve B\u00f6cekler"},"content":{"rendered":"<p>\u201cLilias Papagay tamamen hayal g\u00fcc\u00fcyle \u015fekillenmi\u015f biriydi.\u201d 1860\u2019lar \u0130ngiltere\u2019si. Do\u011fan\u0131n b\u00fcy\u00fck s\u0131rlar\u0131n\u0131n perdesi aralanmak \u00fczereyken, Victoria D\u00f6nemi evlerinin kap\u0131lar\u0131n\u0131n ard\u0131nda da bamba\u015fka d\u00fcnyalar ya\u015fan\u0131yor. Melekler ve B\u00f6cekler, bilimsel ke\u015fiflerin, evrim teorisinin ve kat\u0131 toplumsal normlar\u0131n g\u00f6lgesinde, iki \u00e7arp\u0131c\u0131 novelladan olu\u015fan bir \u015faheser. \u0130lk novella \u201cMorpho Eugenia\u201dda, Amazon ormanlar\u0131ndan d\u00f6nen gen\u00e7 do\u011fa bilimci William Adamson, kendisini esrarengiz bir \u0130ngiliz ailesinin malik\u00e2nesinde bulur. Yeni ke\u015ffedilen b\u00f6cek t\u00fcrlerinin mikroskobik d\u00fcnyas\u0131yla ailenin kendi i\u00e7indeki karma\u015f\u0131k ve \u00e7o\u011fu zaman gizli ili\u015fkileri aras\u0131nda \u015fa\u015f\u0131rt\u0131c\u0131 paralellikler ke\u015ffeder. Melekler kadar masum g\u00f6r\u00fcnen y\u00fczeyin alt\u0131nda, b\u00f6cekler gibi ilkel i\u00e7g\u00fcd\u00fclerin ve ac\u0131mas\u0131z m\u00fccadelenin ya\u015fand\u0131\u011f\u0131 bir d\u00fcnya m\u0131 gizlidir? \u0130kinci novella, \u201c\u0130zdiva\u00e7 Mele\u011fi\u201d ise, Victoria D\u00f6nemi\u2019nin ruh \u00e7a\u011f\u0131rma ve \u00f6te d\u00fcnyayla ileti\u015fim kurma tak\u0131nt\u0131s\u0131n\u0131 ele al\u0131r. Ger\u00e7eklik ile ruhani d\u00fcnya aras\u0131ndaki ince \u00e7izgide y\u00fcr\u00fcyen karakterler hem kendi i\u00e7sel \u00e7at\u0131\u015fmalar\u0131yla hem de toplumsal beklentilerle y\u00fczle\u015fir. A. S. Byatt, Melekler ve B\u00f6cekler\u2019de Victoria D\u00f6nemi\u2019nin ruhunu, bilimin ve inanc\u0131n \u00e7at\u0131\u015fmas\u0131n\u0131, kad\u0131nlar\u0131n entelekt\u00fcel ve ki\u015fisel \u00f6zg\u00fcrl\u00fck aray\u0131\u015flar\u0131n\u0131 keskin zek\u00e2s\u0131yla ve e\u015fsiz dil ustal\u0131\u011f\u0131yla g\u00f6zler \u00f6n\u00fcne seriyor. Mant\u0131kl\u0131 biri oldu\u011fuma inan\u0131yorum. Neredeyse a\u00e7l\u0131ktan \u00f6lmekten, uzun s\u00fcreli tecritten, sar\u0131hummadan, ihanetten, k\u00f6t\u00fcl\u00fckten ve gemi kazas\u0131ndan sa\u011f \u00e7\u0131k\u0131p akl\u0131m\u0131 ve ne\u015femi korudum.<\/p>\n","protected":false},"excerpt":{"rendered":"<p>\u201cLilias Papagay tamamen hayal g\u00fcc\u00fcyle \u015fekillenmi\u015f biriydi.\u201d 1860\u2019lar \u0130ngiltere\u2019si. Do\u011fan\u0131n b\u00fcy\u00fck s\u0131rlar\u0131n\u0131n perdesi aralanmak \u00fczereyken, Victoria D\u00f6nemi evlerinin kap\u0131lar\u0131n\u0131n ard\u0131nda da bamba\u015fka d\u00fcnyalar ya\u015fan\u0131yor. Melekler ve<span class=\"excerpt-hellip\"> [\u2026]<\/span><\/p>\n","protected":false},"featured_media":0,"template":"","meta":{"_monsterinsights_skip_tracking":false,"_monsterinsights_sitenote_active":false,"_monsterinsights_sitenote_note":"","_monsterinsights_sitenote_category":0},"product_brand":[],"product_cat":[12291,12711],"product_tag":[],"class_list":{"0":"post-779939","1":"product","2":"type-product","3":"status-publish","5":"product_cat-edebiyat","6":"product_cat-roman-oyku","7":"pa_cilt-ciltsiz","8":"pa_tur-kitap","9":"pa_yayinevi-everest-yayinlari","10":"pa_yazar-a-s-byatt","12":"first","13":"instock","14":"sale","15":"shipping-taxable","16":"purchasable","17":"product-type-simple"},"_links":{"self":[{"href":"https:\/\/roveyayinevi.com.tr\/index.php\/wp-json\/wp\/v2\/product\/779939","targetHints":{"allow":["GET"]}}],"collection":[{"href":"https:\/\/roveyayinevi.com.tr\/index.php\/wp-json\/wp\/v2\/product"}],"about":[{"href":"https:\/\/roveyayinevi.com.tr\/index.php\/wp-json\/wp\/v2\/types\/product"}],"wp:attachment":[{"href":"https:\/\/roveyayinevi.com.tr\/index.php\/wp-json\/wp\/v2\/media?parent=779939"}],"wp:term":[{"taxonomy":"product_brand","embeddable":true,"href":"https:\/\/roveyayinevi.com.tr\/index.php\/wp-json\/wp\/v2\/product_brand?post=779939"},{"taxonomy":"product_cat","embeddable":true,"href":"https:\/\/roveyayinevi.com.tr\/index.php\/wp-json\/wp\/v2\/product_cat?post=779939"},{"taxonomy":"product_tag","embeddable":true,"href":"https:\/\/roveyayinevi.com.tr\/index.php\/wp-json\/wp\/v2\/product_tag?post=779939"}],"curies":[{"name":"wp","href":"https:\/\/api.w.org\/{rel}","templated":true}]}}