{"id":779938,"date":"2025-12-30T12:17:30","date_gmt":"2025-12-30T09:17:30","guid":{"rendered":"https:\/\/roveyayinevi.com.tr\/index.php\/urun\/cocugu-gezdiriyolar\/"},"modified":"2026-04-15T03:44:40","modified_gmt":"2026-04-15T00:44:40","slug":"cocugu-gezdiriyolar","status":"publish","type":"product","link":"https:\/\/roveyayinevi.com.tr\/index.php\/urun\/cocugu-gezdiriyolar\/","title":{"rendered":"\u00c7ocu\u011fu Gezdiriyolar"},"content":{"rendered":"<p>\u201cMelekler,\u201d diyor annem, \u201cmelekler. Bir \u00e7ocu\u011fu ba\u015fka kim gezdirir?\u201d \u00d6mer Erdem, bu kez, \u015fiirin parlatt\u0131\u011f\u0131 diliyle \u00e7ocu\u011fa ve \u00e7ocuklu\u011funa d\u00f6n\u00fcyor. S\u0131kl\u0131kla an\u0131lar\u0131ndan yola \u00e7\u0131karak, belle\u011fin hem ki\u015fisel hem k\u00fclt\u00fcrel dokusunu yeniden \u00f6r\u00fcyor. Toroslar\u2019\u0131n eteklerinden sert ve a\u00e7\u0131k Bozk\u0131r\u2019\u0131n ta\u015f duvarlar\u0131na, kasaba sokaklar\u0131ndan ev i\u00e7lerine uzanan bir yolculuk\u2026 \u00c7ocuklu\u011fu, yaln\u0131zca ge\u00e7mi\u015fin de\u011fil, insan varolu\u015funun kayna\u011f\u0131 olarak ele al\u0131yor ve bir duygular b\u00fct\u00fcn\u00fc olarak yeniden kuruyor. Hat\u0131rlamak bir nostalji de\u011fil; insan\u0131n kendini, do\u011fay\u0131 ve zaman\u0131 yeniden anlamland\u0131rma cesareti olarak \u00f6ne \u00e7\u0131k\u0131yor. \u00c7ocu\u011fu Gezdiriyorlar haf\u0131zan\u0131n katmanlar\u0131nda k\u00fclt\u00fcr ve duyarl\u0131kla yank\u0131lanan bir \u00e7ocukluk atlas\u0131. Bir kova suya kanmayacak \u00e7ocuk bulamazs\u0131n\u0131z. \u00c7ocu\u011fa mutlu olmak i\u00e7in bir kova su yeter de, b\u00fcy\u00fckler denize doymaz.<\/p>\n","protected":false},"excerpt":{"rendered":"<p>\u201cMelekler,\u201d diyor annem, \u201cmelekler. Bir \u00e7ocu\u011fu ba\u015fka kim gezdirir?\u201d \u00d6mer Erdem, bu kez, \u015fiirin parlatt\u0131\u011f\u0131 diliyle \u00e7ocu\u011fa ve \u00e7ocuklu\u011funa d\u00f6n\u00fcyor. S\u0131kl\u0131kla an\u0131lar\u0131ndan yola \u00e7\u0131karak, belle\u011fin hem<span class=\"excerpt-hellip\"> [\u2026]<\/span><\/p>\n","protected":false},"featured_media":0,"template":"","meta":{"_monsterinsights_skip_tracking":false,"_monsterinsights_sitenote_active":false,"_monsterinsights_sitenote_note":"","_monsterinsights_sitenote_category":0},"product_brand":[],"product_cat":[12777,12291],"product_tag":[],"class_list":{"0":"post-779938","1":"product","2":"type-product","3":"status-publish","5":"product_cat-deneme","6":"product_cat-edebiyat","7":"pa_cilt-ciltsiz","8":"pa_tur-kitap","9":"pa_yayinevi-everest-yayinlari","10":"pa_yazar-omer-erdem","12":"first","13":"instock","14":"sale","15":"shipping-taxable","16":"purchasable","17":"product-type-simple"},"_links":{"self":[{"href":"https:\/\/roveyayinevi.com.tr\/index.php\/wp-json\/wp\/v2\/product\/779938","targetHints":{"allow":["GET"]}}],"collection":[{"href":"https:\/\/roveyayinevi.com.tr\/index.php\/wp-json\/wp\/v2\/product"}],"about":[{"href":"https:\/\/roveyayinevi.com.tr\/index.php\/wp-json\/wp\/v2\/types\/product"}],"wp:attachment":[{"href":"https:\/\/roveyayinevi.com.tr\/index.php\/wp-json\/wp\/v2\/media?parent=779938"}],"wp:term":[{"taxonomy":"product_brand","embeddable":true,"href":"https:\/\/roveyayinevi.com.tr\/index.php\/wp-json\/wp\/v2\/product_brand?post=779938"},{"taxonomy":"product_cat","embeddable":true,"href":"https:\/\/roveyayinevi.com.tr\/index.php\/wp-json\/wp\/v2\/product_cat?post=779938"},{"taxonomy":"product_tag","embeddable":true,"href":"https:\/\/roveyayinevi.com.tr\/index.php\/wp-json\/wp\/v2\/product_tag?post=779938"}],"curies":[{"name":"wp","href":"https:\/\/api.w.org\/{rel}","templated":true}]}}