{"id":779937,"date":"2025-12-30T12:17:26","date_gmt":"2025-12-30T09:17:26","guid":{"rendered":"https:\/\/roveyayinevi.com.tr\/index.php\/urun\/ben-u-sen-2\/"},"modified":"2026-04-15T03:44:40","modified_gmt":"2026-04-15T00:44:40","slug":"ben-u-sen-2","status":"publish","type":"product","link":"https:\/\/roveyayinevi.com.tr\/index.php\/urun\/ben-u-sen-2\/","title":{"rendered":"Ben \u00fb Sen"},"content":{"rendered":"<p>\u201cHayat\u0131 neyse \u015fiiri de oydu.\u201d Diyarbak\u0131r\u2019\u0131n ta\u015flar\u0131 \u015fehrin haf\u0131zas\u0131n\u0131 ta\u015f\u0131r. O ta\u015flar\u0131n g\u00f6lgesinde bir meyhane vard\u0131r: Ben \u00fb Sen. Edip\u2019in hik\u00e2yesi burada ba\u015flar. \u00c7ocuk ya\u015fta sinema \u00f6nlerinde gazoz satarken ald\u0131\u011f\u0131 \u201cSer\u00e7e\u201d lakab\u0131, edebiyat merak\u0131 ve giderek meyhanenin m\u00fcdavimleriyle kesi\u015fen yolu\u2026 Ama bu yaln\u0131zca bir gencin ser\u00fcveni de\u011fildir; bir \u015fehrin toplumsal belle\u011fi, masalara oturan her tipte g\u00f6r\u00fcn\u00fcr. Ahmet \u00c7akmak, Ben \u00fb Sen\u2019de yaln\u0131zca bir mek\u00e2n\u0131 de\u011fil, d\u00f6nemin siyasi havas\u0131n\u0131, sokaklara sinmi\u015f gerginli\u011fi, dilden dile dola\u015fan an\u0131lar\u0131 ve efsanele\u015fmi\u015f tipleri anlat\u0131yor. Solcu Gen\u00e7ler\u2019den Sanat\u00e7\u0131lar\u2019a, Garibanlar\u2019dan Tefeciler\u2019e, K\u00fcrt Yazarlar\u2019dan Sonradan T\u00f6vbe Eden Adamlar\u2019a kadar her masa kendi hik\u00e2yesiyle Diyarbak\u0131r\u2019\u0131n canl\u0131 portresini tamaml\u0131yor. Bu roman, bireysel aray\u0131\u015fla toplumsal haf\u0131zay\u0131 bulu\u015fturan, ta\u015f\u0131n, \u015fark\u0131n\u0131n ve masalar\u0131n dile geldi\u011fi bir anlat\u0131. Ta\u015f\u0131n kalbi yok mu san\u0131rs\u0131n\u0131z, y\u00fcre\u011finde bir kal\u0131p ta\u015f de\u011fil, kanl\u0131 canl\u0131 et par\u00e7as\u0131 ta\u015f\u0131yan zalimlerin yan\u0131nda?<\/p>\n","protected":false},"excerpt":{"rendered":"<p>\u201cHayat\u0131 neyse \u015fiiri de oydu.\u201d Diyarbak\u0131r\u2019\u0131n ta\u015flar\u0131 \u015fehrin haf\u0131zas\u0131n\u0131 ta\u015f\u0131r. O ta\u015flar\u0131n g\u00f6lgesinde bir meyhane vard\u0131r: Ben \u00fb Sen. Edip\u2019in hik\u00e2yesi burada ba\u015flar. \u00c7ocuk ya\u015fta sinema<span class=\"excerpt-hellip\"> [\u2026]<\/span><\/p>\n","protected":false},"featured_media":0,"template":"","meta":{"_monsterinsights_skip_tracking":false,"_monsterinsights_sitenote_active":false,"_monsterinsights_sitenote_note":"","_monsterinsights_sitenote_category":0},"product_brand":[],"product_cat":[18545,12291],"product_tag":[],"class_list":{"0":"post-779937","1":"product","2":"type-product","3":"status-publish","5":"product_cat-anlati","6":"product_cat-edebiyat","7":"pa_cilt-ciltsiz","8":"pa_tur-kitap","9":"pa_yayinevi-everest-yayinlari","10":"pa_yazar-ahmet-cakmak","12":"first","13":"instock","14":"sale","15":"shipping-taxable","16":"purchasable","17":"product-type-simple"},"_links":{"self":[{"href":"https:\/\/roveyayinevi.com.tr\/index.php\/wp-json\/wp\/v2\/product\/779937","targetHints":{"allow":["GET"]}}],"collection":[{"href":"https:\/\/roveyayinevi.com.tr\/index.php\/wp-json\/wp\/v2\/product"}],"about":[{"href":"https:\/\/roveyayinevi.com.tr\/index.php\/wp-json\/wp\/v2\/types\/product"}],"wp:attachment":[{"href":"https:\/\/roveyayinevi.com.tr\/index.php\/wp-json\/wp\/v2\/media?parent=779937"}],"wp:term":[{"taxonomy":"product_brand","embeddable":true,"href":"https:\/\/roveyayinevi.com.tr\/index.php\/wp-json\/wp\/v2\/product_brand?post=779937"},{"taxonomy":"product_cat","embeddable":true,"href":"https:\/\/roveyayinevi.com.tr\/index.php\/wp-json\/wp\/v2\/product_cat?post=779937"},{"taxonomy":"product_tag","embeddable":true,"href":"https:\/\/roveyayinevi.com.tr\/index.php\/wp-json\/wp\/v2\/product_tag?post=779937"}],"curies":[{"name":"wp","href":"https:\/\/api.w.org\/{rel}","templated":true}]}}