{"id":779936,"date":"2025-12-30T12:17:23","date_gmt":"2025-12-30T09:17:23","guid":{"rendered":"https:\/\/roveyayinevi.com.tr\/index.php\/urun\/aygir-fatma-2\/"},"modified":"2026-04-15T03:44:40","modified_gmt":"2026-04-15T00:44:40","slug":"aygir-fatma-2","status":"publish","type":"product","link":"https:\/\/roveyayinevi.com.tr\/index.php\/urun\/aygir-fatma-2\/","title":{"rendered":"Ayg\u0131r Fatma"},"content":{"rendered":"<p>Yaz\u0131 hayat\u0131 1910\u2019lu y\u0131llarda ba\u015flayan Osman Cemal Kayg\u0131l\u0131, T\u00fcrk edebiyat\u0131nda, Cumhuriyet&#8217;in erken d\u00f6nemindeki \u015fehir ya\u015fam\u0131n\u0131, halk k\u00fclt\u00fcr\u00fcn\u00fc ve g\u00fcndelik hayat\u0131n mizah\u0131n\u0131 ustal\u0131kla yans\u0131tan isimlerin ba\u015f\u0131nda geliyor. Tiyatro oyunu, roman, ara\u015ft\u0131rma, an\u0131 gibi bir\u00e7ok edebi t\u00fcrde eser vermi\u015f olan Kayg\u0131l\u0131, \u00f6zellikle \u0130stanbul\u2019un sokaklar\u0131n\u0131, kahvehanelerini, esnaf\u0131n\u0131 ve s\u0131radan insanlar\u0131n\u0131 canl\u0131 bir g\u00f6zlem g\u00fcc\u00fcyle anlatm\u0131\u015f, d\u00f6neminin mizah bas\u0131n\u0131nda yer alan yaz\u0131lar\u0131yla halk dilini edebiyata ta\u015f\u0131m\u0131\u015ft\u0131r ve bu y\u00f6n\u00fcyle hem bir halk anlat\u0131c\u0131s\u0131 hem de \u0130stanbul folklorunun titiz bir kay\u0131t\u00e7\u0131s\u0131 olarak an\u0131lmaktad\u0131r. Onun eserlerinde g\u00f6r\u00fclen mizah, yaln\u0131zca g\u00fclmece unsuru de\u011fil, ayn\u0131 zamanda alt s\u0131n\u0131flar\u0131n hayata tutunma bi\u00e7imidir. Kayg\u0131l\u0131, bir \u201c\u015fehir halkbilimcisi\u201d titizli\u011fiyle yapt\u0131\u011f\u0131 g\u00f6zlemler arac\u0131l\u0131\u011f\u0131yla okuruna \u0130stanbul\u2019un ta\u015fral\u0131 kalm\u0131\u015f y\u00fcz\u00fcn\u00fc g\u00f6sterirken, bir yandan da Bat\u0131 tiyatrosunu, m\u00fczi\u011fini ve edebiyat\u0131n\u0131 yak\u0131ndan takip ederek edindi\u011fi derin bilgisini geleneksel ve \u00e7a\u011fda\u015f k\u00fclt\u00fcrel \u00f6\u011feleri bir arada yorumlayarak eserlerine yans\u0131tm\u0131\u015ft\u0131r.Hasan ile \u00e7ocukluk a\u015fk\u0131 Mediha&#8217;n\u0131n tesad\u00fcfler \u00fczerine kurulu, bir tiyatro oyununa konu olacak derecede trajik hik\u00e2yesini, \u0130stanbul&#8217;dan Anadolu&#8217;ya uzanarak anlatan Ayg\u0131r Fatma, diyalo\u011fa dayanan ve yerel a\u011fz\u0131 ustal\u0131kla kullanan anlat\u0131m kuvvetiyle \u00f6ne \u00e7\u0131kar. Son Posta gazetesinde 1936 y\u0131l\u0131nda tefrika edilmi\u015ftir; elinizdeki kitap ise tefrika metinler ile daha sonra kitap halinde bas\u0131lm\u0131\u015f n\u00fcshalar kar\u015f\u0131la\u015ft\u0131r\u0131larak haz\u0131rlanm\u0131\u015ft\u0131r.\u0130lk a\u015fk; ilk temiz, saf, \u00e7ocuk\u00e7a ve biraz ana, biraz abla, biraz karde\u015f sevgilerine benzeyen a\u015fk bu mudur? O, hayatta ve bu ya\u015flarda b\u00f6yle mi ba\u015flar? Darbukac\u0131 ablada, ki\u015fmiri k\u0131zda bunun nas\u0131l ve ne zaman ba\u015flad\u0131\u011f\u0131n\u0131 bilmiyoruz. Fakat Hasan\u2019da ba\u015fkalar\u0131na kar\u015f\u0131 olan ilk ana, abla, karde\u015f sevgisi, hayal meyal bundan \u00e7ok \u00f6nce kendini ona sezdirmi\u015fti.<\/p>\n","protected":false},"excerpt":{"rendered":"<p>Yaz\u0131 hayat\u0131 1910\u2019lu y\u0131llarda ba\u015flayan Osman Cemal Kayg\u0131l\u0131, T\u00fcrk edebiyat\u0131nda, Cumhuriyet&#8217;in erken d\u00f6nemindeki \u015fehir ya\u015fam\u0131n\u0131, halk k\u00fclt\u00fcr\u00fcn\u00fc ve g\u00fcndelik hayat\u0131n mizah\u0131n\u0131 ustal\u0131kla yans\u0131tan isimlerin ba\u015f\u0131nda geliyor.<span class=\"excerpt-hellip\"> [\u2026]<\/span><\/p>\n","protected":false},"featured_media":0,"template":"","meta":{"_monsterinsights_skip_tracking":false,"_monsterinsights_sitenote_active":false,"_monsterinsights_sitenote_note":"","_monsterinsights_sitenote_category":0},"product_brand":[],"product_cat":[12291,12711],"product_tag":[],"class_list":{"0":"post-779936","1":"product","2":"type-product","3":"status-publish","5":"product_cat-edebiyat","6":"product_cat-roman-oyku","7":"pa_cilt-ciltsiz","8":"pa_tur-kitap","9":"pa_yayinevi-everest-yayinlari","10":"pa_yazar-osman-cemal-kaygili","12":"first","13":"instock","14":"sale","15":"shipping-taxable","16":"purchasable","17":"product-type-simple"},"_links":{"self":[{"href":"https:\/\/roveyayinevi.com.tr\/index.php\/wp-json\/wp\/v2\/product\/779936","targetHints":{"allow":["GET"]}}],"collection":[{"href":"https:\/\/roveyayinevi.com.tr\/index.php\/wp-json\/wp\/v2\/product"}],"about":[{"href":"https:\/\/roveyayinevi.com.tr\/index.php\/wp-json\/wp\/v2\/types\/product"}],"wp:attachment":[{"href":"https:\/\/roveyayinevi.com.tr\/index.php\/wp-json\/wp\/v2\/media?parent=779936"}],"wp:term":[{"taxonomy":"product_brand","embeddable":true,"href":"https:\/\/roveyayinevi.com.tr\/index.php\/wp-json\/wp\/v2\/product_brand?post=779936"},{"taxonomy":"product_cat","embeddable":true,"href":"https:\/\/roveyayinevi.com.tr\/index.php\/wp-json\/wp\/v2\/product_cat?post=779936"},{"taxonomy":"product_tag","embeddable":true,"href":"https:\/\/roveyayinevi.com.tr\/index.php\/wp-json\/wp\/v2\/product_tag?post=779936"}],"curies":[{"name":"wp","href":"https:\/\/api.w.org\/{rel}","templated":true}]}}