{"id":779933,"date":"2025-12-30T12:17:15","date_gmt":"2025-12-30T09:17:15","guid":{"rendered":"https:\/\/roveyayinevi.com.tr\/index.php\/urun\/kara-inekler\/"},"modified":"2026-04-15T03:44:40","modified_gmt":"2026-04-15T00:44:40","slug":"kara-inekler","status":"publish","type":"product","link":"https:\/\/roveyayinevi.com.tr\/index.php\/urun\/kara-inekler\/","title":{"rendered":"Kara \u0130nekler"},"content":{"rendered":"<p>20. y\u00fczy\u0131l\u0131n \u00f6nde gelen Marksist filozoflar\u0131ndan Louis Althusser&#8217;in yay\u0131nlanmam\u0131\u015f elyazmalar\u0131 aras\u0131nda yer alan Kara \u0130nekler, 1976 y\u0131l\u0131nda filozofun &#8220;Marksist bir militan&#8221; olan kendisiyle yapt\u0131\u011f\u0131 hayali bir s\u00f6yle\u015fidir. Bu ate\u015fli metinde Althusser, proletarya diktat\u00f6rl\u00fc\u011f\u00fc, SSCB, demokratik merkeziyet\u00e7ilik \u00fczerine teorik ve politik tespitlerde bulunurken, uzun s\u00fcre boyunca entelekt\u00fcel dayana\u011f\u0131n\u0131 olu\u015fturan Frans\u0131z Kom\u00fcnist Partisi&#8217;yle \u00f6rselenmi\u015f ili\u015fkisini de masaya yat\u0131r\u0131yor.Ad\u0131n\u0131 Hegel&#8217;in Tinin G\u00f6r\u00fcng\u00fcbilimi eserinde and\u0131\u011f\u0131 me\u015fhur bir Alman deyi\u015finden alan Kara \u0130nekler, \u00f6rg\u00fctlenme ve m\u00fccadele rotas\u0131n\u0131 devrimci hareketin geri d\u00fc\u015ft\u00fc\u011f\u00fc bir d\u00f6nemde kom\u00fcnist idealler do\u011frultusunda belirleyen, ele\u015ftirilerini de bu ideallere ba\u011fl\u0131l\u0131kla harmanlayan Althusser&#8217;in politik g\u00f6r\u00fc\u015flerinin en \u00f6zg\u00fcn ve kapsaml\u0131 ifadesi; proletarya diktat\u00f6rl\u00fc\u011f\u00fcn\u00fc burjuva diktat\u00f6rl\u00fc\u011f\u00fcn\u00fcn tek alternatifi olarak yeniden temellendirdi\u011fi devlet ve s\u0131n\u0131fsal egemenlik \u00fczerine tefekk\u00fcr\u00fcn\u00fcn ise doruk noktas\u0131d\u0131r.K\u00fclliyat\u0131ndaki en \u00f6nemli eksik halkay\u0131 tamamlayan tarihsel, politik ve felsefi bu istisnai polemik; dogmatik bir Althusser imgesini yerle bir ederek esnekli\u011fi kadar \u00e7oky\u00f6nl\u00fcl\u00fc\u011f\u00fcn\u00fc de g\u00f6zler \u00f6n\u00fcne seriyor.<\/p>\n","protected":false},"excerpt":{"rendered":"<p>20. y\u00fczy\u0131l\u0131n \u00f6nde gelen Marksist filozoflar\u0131ndan Louis Althusser&#8217;in yay\u0131nlanmam\u0131\u015f elyazmalar\u0131 aras\u0131nda yer alan Kara \u0130nekler, 1976 y\u0131l\u0131nda filozofun &#8220;Marksist bir militan&#8221; olan kendisiyle yapt\u0131\u011f\u0131 hayali bir<span class=\"excerpt-hellip\"> [\u2026]<\/span><\/p>\n","protected":false},"featured_media":0,"template":"","meta":{"_monsterinsights_skip_tracking":false,"_monsterinsights_sitenote_active":false,"_monsterinsights_sitenote_note":"","_monsterinsights_sitenote_category":0},"product_brand":[],"product_cat":[12337],"product_tag":[],"class_list":{"0":"post-779933","1":"product","2":"type-product","3":"status-publish","5":"product_cat-politika-siyaset","6":"pa_cilt-ciltsiz","7":"pa_tur-kitap","8":"pa_yayinevi-sel-yayincilik","9":"pa_yazar-louis-althusser","11":"first","12":"instock","13":"sale","14":"shipping-taxable","15":"purchasable","16":"product-type-simple"},"_links":{"self":[{"href":"https:\/\/roveyayinevi.com.tr\/index.php\/wp-json\/wp\/v2\/product\/779933","targetHints":{"allow":["GET"]}}],"collection":[{"href":"https:\/\/roveyayinevi.com.tr\/index.php\/wp-json\/wp\/v2\/product"}],"about":[{"href":"https:\/\/roveyayinevi.com.tr\/index.php\/wp-json\/wp\/v2\/types\/product"}],"wp:attachment":[{"href":"https:\/\/roveyayinevi.com.tr\/index.php\/wp-json\/wp\/v2\/media?parent=779933"}],"wp:term":[{"taxonomy":"product_brand","embeddable":true,"href":"https:\/\/roveyayinevi.com.tr\/index.php\/wp-json\/wp\/v2\/product_brand?post=779933"},{"taxonomy":"product_cat","embeddable":true,"href":"https:\/\/roveyayinevi.com.tr\/index.php\/wp-json\/wp\/v2\/product_cat?post=779933"},{"taxonomy":"product_tag","embeddable":true,"href":"https:\/\/roveyayinevi.com.tr\/index.php\/wp-json\/wp\/v2\/product_tag?post=779933"}],"curies":[{"name":"wp","href":"https:\/\/api.w.org\/{rel}","templated":true}]}}