{"id":779932,"date":"2025-12-30T12:17:11","date_gmt":"2025-12-30T09:17:11","guid":{"rendered":"https:\/\/roveyayinevi.com.tr\/index.php\/urun\/yaslanma-uzerine-isyan-ve-boyun-egme\/"},"modified":"2026-04-15T03:44:40","modified_gmt":"2026-04-15T00:44:40","slug":"yaslanma-uzerine-isyan-ve-boyun-egme","status":"publish","type":"product","link":"https:\/\/roveyayinevi.com.tr\/index.php\/urun\/yaslanma-uzerine-isyan-ve-boyun-egme\/","title":{"rendered":"Ya\u015flanma \u00dczerine: \u0130syan ve Boyun E\u011fme"},"content":{"rendered":"<p>Ya\u015flanma, vaat edildi\u011fi gibi bilgeli\u011fe ve huzurlu bir limana yolculuk mudur, yoksa bedenin ve zihnin geri d\u00f6nd\u00fcr\u00fclemez bir \u00e7\u00f6k\u00fc\u015fe, &#8220;biyolojik bir hi\u00e7li\u011fe&#8221; do\u011fru s\u00fcr\u00fckleni\u015fi mi?Jean Am\u00e9ry Ya\u015flanma \u00dczerine&#8217;de bu soruyu her t\u00fcrden sahte iyimserli\u011fi elinin tersiyle itip sars\u0131c\u0131 bir d\u00fcr\u00fcstl\u00fckle yan\u0131tlarken ne bir teselli ne de bir t\u00fcr rehberlik sunar. Ya\u015flanman\u0131n, modern toplumlarda s\u0131kl\u0131kla dile getirildi\u011fi gibi &#8220;ikinci bahar&#8221; de\u011fil, insan\u0131n d\u00fcped\u00fcz d\u00fcnyas\u0131zla\u015farak kendi i\u00e7sel zaman\u0131na hapsoldu\u011fu \u00e7etin bir y\u00fczle\u015fme s\u00fcreci oldu\u011funu anlat\u0131r. Am\u00e9ry deneyimi ve ac\u0131y\u0131 g\u00f6r\u00fcnmez k\u0131lan s\u00f6ylemlere \u015fiddetle kar\u015f\u0131 \u00e7\u0131kar: Ya\u015flanma zahmetlidir, \u00e7ilelidir ve \u0131st\u0131rap doludur.\u00dcstelik kapitalist d\u00fczende de tahamm\u00fcl edilemez bir fazlal\u0131kt\u0131r: D\u00fcnyam\u0131z varolmak de\u011fil meta sahibi olmak \u00fczerine kurulu oldu\u011fundan ve yaln\u0131zca bir \u015feye sahip oldu\u011fumuzda varolabildi\u011fimizden, Am\u00e9ry, d\u00fcnyas\u0131zla\u015fma anlam\u0131na gelen ya\u015flanman\u0131n ger\u00e7ek anlam\u0131yla m\u00fclks\u00fczle\u015fme oldu\u011funu ileri s\u00fcrer. B\u00f6ylece ya\u015flanma, bir yandan toplumsal olarak in\u015fa edilen benli\u011fin \u00e7\u00f6z\u00fclmesine d\u00f6n\u00fc\u015f\u00fcrken, di\u011fer yandan ya\u015flanan insana kendi varl\u0131\u011f\u0131yla ger\u00e7ek anlamda ilk kez kar\u015f\u0131 kar\u015f\u0131ya kalma imk\u00e2n\u0131 verir.Marcel Proust, Jean-Paul Sartre, Simone de Beauvoir ve Thomas Mann gibi yazarlar\u0131n yaln\u0131zca eserlerini de\u011fil bizzat ya\u015flanan insanlar olarak kendilerini de metne dahil eden Am\u00e9ry, biyolojik, k\u00fclt\u00fcrel ve toplumsal ya\u015flanman\u0131n birbirine \u00f6r\u00fclerek deneyimlendi\u011fi bu nihai yolculuk hakk\u0131ndaki hakikatle y\u00fczle\u015fmeye; okuru kendiyle mutlak anlamda varolu\u015f\u00e7u bir hesapla\u015fmaya \u00e7a\u011f\u0131r\u0131yor.&#8221;\u00d6l\u00fcm \u00fczerine d\u00fc\u015f\u00fcn\u00fclecek hi\u00e7bir \u015fey yoktur; d\u00e2hi de budala da bu konuda ayn\u0131 derecedeyetersiz kal\u0131r.&#8221;<\/p>\n","protected":false},"excerpt":{"rendered":"<p>Ya\u015flanma, vaat edildi\u011fi gibi bilgeli\u011fe ve huzurlu bir limana yolculuk mudur, yoksa bedenin ve zihnin geri d\u00f6nd\u00fcr\u00fclemez bir \u00e7\u00f6k\u00fc\u015fe, &#8220;biyolojik bir hi\u00e7li\u011fe&#8221; do\u011fru s\u00fcr\u00fckleni\u015fi mi?Jean Am\u00e9ry<span class=\"excerpt-hellip\"> [\u2026]<\/span><\/p>\n","protected":false},"featured_media":0,"template":"","meta":{"_monsterinsights_skip_tracking":false,"_monsterinsights_sitenote_active":false,"_monsterinsights_sitenote_note":"","_monsterinsights_sitenote_category":0},"product_brand":[],"product_cat":[12777,12291],"product_tag":[],"class_list":{"0":"post-779932","1":"product","2":"type-product","3":"status-publish","5":"product_cat-deneme","6":"product_cat-edebiyat","7":"pa_cilt-ciltsiz","8":"pa_tur-kitap","9":"pa_yayinevi-sel-yayincilik","10":"pa_yazar-jean-amery","12":"first","13":"instock","14":"sale","15":"shipping-taxable","16":"purchasable","17":"product-type-simple"},"_links":{"self":[{"href":"https:\/\/roveyayinevi.com.tr\/index.php\/wp-json\/wp\/v2\/product\/779932","targetHints":{"allow":["GET"]}}],"collection":[{"href":"https:\/\/roveyayinevi.com.tr\/index.php\/wp-json\/wp\/v2\/product"}],"about":[{"href":"https:\/\/roveyayinevi.com.tr\/index.php\/wp-json\/wp\/v2\/types\/product"}],"wp:attachment":[{"href":"https:\/\/roveyayinevi.com.tr\/index.php\/wp-json\/wp\/v2\/media?parent=779932"}],"wp:term":[{"taxonomy":"product_brand","embeddable":true,"href":"https:\/\/roveyayinevi.com.tr\/index.php\/wp-json\/wp\/v2\/product_brand?post=779932"},{"taxonomy":"product_cat","embeddable":true,"href":"https:\/\/roveyayinevi.com.tr\/index.php\/wp-json\/wp\/v2\/product_cat?post=779932"},{"taxonomy":"product_tag","embeddable":true,"href":"https:\/\/roveyayinevi.com.tr\/index.php\/wp-json\/wp\/v2\/product_tag?post=779932"}],"curies":[{"name":"wp","href":"https:\/\/api.w.org\/{rel}","templated":true}]}}