{"id":779929,"date":"2025-12-30T12:17:01","date_gmt":"2025-12-30T09:17:01","guid":{"rendered":"https:\/\/roveyayinevi.com.tr\/index.php\/urun\/bir-astsubayin-gunlugu-3-isimsiz-kahramanlar\/"},"modified":"2026-04-15T03:44:40","modified_gmt":"2026-04-15T00:44:40","slug":"bir-astsubayin-gunlugu-3-isimsiz-kahramanlar","status":"publish","type":"product","link":"https:\/\/roveyayinevi.com.tr\/index.php\/urun\/bir-astsubayin-gunlugu-3-isimsiz-kahramanlar\/","title":{"rendered":"Bir Astsubay\u0131n G\u00fcnl\u00fc\u011f\u00fc 3 -\u0130simsiz Kahramanlar"},"content":{"rendered":"<p>Hepimiz evlerimizde rahat ve huzurlu \u015fekilde ya\u015fayal\u0131m diye ac\u0131lar \u00e7ekenler var. Zorlu \u015fartlarda g\u00f6revlerini yapanlar var. Ad\u0131n\u0131 hat\u0131rlamad\u0131\u011f\u0131m\u0131z onlarca \u015fehitler ve gaziler var.Ailelerini, hayallerini bizler hayallerimizi ger\u00e7ekle\u015ftirelim diye her \u015feyini feda eden insanlar var. Gecesini g\u00fcnd\u00fcz\u00fcne katan, can\u0131n\u0131 di\u015fine takan, yeri geldi\u011finde hasta olmu\u015f lakin da\u011flarda kendi tedavisini yapanlar var. Bu \u00fclkede asl\u0131nda \u00e7ok \u015fey var. Bu vatan u\u011fruna topra\u011fa d\u00fc\u015fenler, uzuvlar\u0131n\u0131 kaybedenler, ailesinden \u00e7ok g\u00f6rd\u00fc\u011f\u00fc insan\u0131 elleriyle topra\u011fa koyanlar\u2026 Asl\u0131nda bu seri kitaplarda isteyip kanunlar \u00e7er\u00e7evesinde yapamad\u0131klar\u0131m\u0131z var. Maalesef ki onlar Maa\u015f al\u0131yor diye d\u00fc\u015f\u00fcnenlere s\u00f6yl\u00fcyorum. Kitaplar\u0131 okuyunca hak vereceksiniz. Onlarca ac\u0131 sizce al\u0131nan maa\u015fa de\u011fer mi? Vatan\u0131 sevmek para ile olur mu? Unutmay\u0131n ki bizler i\u00e7in \u00f6ncesi ve sonra, hala o da\u011flarda olan\u2026 Unuttu\u011fumuz onlarca \u0130S\u0130MS\u0130Z KAHRAMANLAR var. T\u00fcm \u015fehit ve gazilerimize ithafen. Hepinize Te\u015fekk\u00fcr\u00fc Bir Bor\u00e7 Bilirim. Bir Astsubay\u0131n G\u00fcnl\u00fc\u011f\u00fc. Bir Astsubay\u0131n G\u00fcnl\u00fc\u011f\u00fc Cyberius. Bir Astsubay\u0131n G\u00fcnl\u00fc\u011f\u00fc \u0130simsiz Kahramanlar.<\/p>\n","protected":false},"excerpt":{"rendered":"<p>Hepimiz evlerimizde rahat ve huzurlu \u015fekilde ya\u015fayal\u0131m diye ac\u0131lar \u00e7ekenler var. Zorlu \u015fartlarda g\u00f6revlerini yapanlar var. Ad\u0131n\u0131 hat\u0131rlamad\u0131\u011f\u0131m\u0131z onlarca \u015fehitler ve gaziler var.Ailelerini, hayallerini bizler hayallerimizi<span class=\"excerpt-hellip\"> [\u2026]<\/span><\/p>\n","protected":false},"featured_media":0,"template":"","meta":{"_monsterinsights_skip_tracking":false,"_monsterinsights_sitenote_active":false,"_monsterinsights_sitenote_note":"","_monsterinsights_sitenote_category":0},"product_brand":[],"product_cat":[12291,18202],"product_tag":[],"class_list":{"0":"post-779929","1":"product","2":"type-product","3":"status-publish","5":"product_cat-edebiyat","6":"product_cat-hikaye","7":"pa_cilt-ciltsiz","8":"pa_tur-kitap","9":"pa_yayinevi-platanus-publishing","10":"pa_yazar-osman-albayrak","12":"first","13":"instock","14":"sale","15":"shipping-taxable","16":"purchasable","17":"product-type-simple"},"_links":{"self":[{"href":"https:\/\/roveyayinevi.com.tr\/index.php\/wp-json\/wp\/v2\/product\/779929","targetHints":{"allow":["GET"]}}],"collection":[{"href":"https:\/\/roveyayinevi.com.tr\/index.php\/wp-json\/wp\/v2\/product"}],"about":[{"href":"https:\/\/roveyayinevi.com.tr\/index.php\/wp-json\/wp\/v2\/types\/product"}],"wp:attachment":[{"href":"https:\/\/roveyayinevi.com.tr\/index.php\/wp-json\/wp\/v2\/media?parent=779929"}],"wp:term":[{"taxonomy":"product_brand","embeddable":true,"href":"https:\/\/roveyayinevi.com.tr\/index.php\/wp-json\/wp\/v2\/product_brand?post=779929"},{"taxonomy":"product_cat","embeddable":true,"href":"https:\/\/roveyayinevi.com.tr\/index.php\/wp-json\/wp\/v2\/product_cat?post=779929"},{"taxonomy":"product_tag","embeddable":true,"href":"https:\/\/roveyayinevi.com.tr\/index.php\/wp-json\/wp\/v2\/product_tag?post=779929"}],"curies":[{"name":"wp","href":"https:\/\/api.w.org\/{rel}","templated":true}]}}