{"id":779925,"date":"2025-12-30T12:16:51","date_gmt":"2025-12-30T09:16:51","guid":{"rendered":"https:\/\/roveyayinevi.com.tr\/index.php\/urun\/maskeli-sanat-11-buyuk-ressamla-tanis-maskelerini-tak\/"},"modified":"2026-04-15T03:44:40","modified_gmt":"2026-04-15T00:44:40","slug":"maskeli-sanat-11-buyuk-ressamla-tanis-maskelerini-tak","status":"publish","type":"product","link":"https:\/\/roveyayinevi.com.tr\/index.php\/urun\/maskeli-sanat-11-buyuk-ressamla-tanis-maskelerini-tak\/","title":{"rendered":"Maskeli Sanat &#8211; 11 B\u00fcy\u00fck Ressamla Tan\u0131\u015f, Maskelerini Tak"},"content":{"rendered":"<p>Sanat eserine d\u00f6n\u00fc\u015fmeye haz\u0131r m\u0131s\u0131n?!11 b\u00fcy\u00fck ressamla tan\u0131\u015f ve maskelerini tak!Tasar\u0131m\u0131ndan boyutuna g\u00f6z al\u0131c\u0131 olan bu kitap \u00e7ocuklar\u0131 modern sanatla tan\u0131\u015ft\u0131rman\u0131n belki de en e\u011flenceli yolu! Bir sayfada Picasso\u2019dan Dali\u2019ye, Frida\u2019dan Modigliani\u2019ye on bir b\u00fcy\u00fck ressam hakk\u0131nda kolay anla\u015f\u0131l\u0131r bilgiler, di\u011fer sayfada ise onlar\u0131n \u00e7izdikleri maskeler. Bu oyun-kitapla \u00e7ocuklar bir yandan sanat\u00e7\u0131lar hakk\u0131nda temel bilgileri \u00f6\u011frenecek di\u011fer yandan da maskeleri tak\u0131p birer sanat eserine d\u00f6n\u00fc\u015ferek \u00e7ok e\u011flenecekler.Kitab\u0131n sonundaki bo\u015f maske ise kitab\u0131n sahibine, gelece\u011fin b\u00fcy\u00fck sanat\u00e7\u0131s\u0131na ayr\u0131ld\u0131!<\/p>\n","protected":false},"excerpt":{"rendered":"<p>Sanat eserine d\u00f6n\u00fc\u015fmeye haz\u0131r m\u0131s\u0131n?!11 b\u00fcy\u00fck ressamla tan\u0131\u015f ve maskelerini tak!Tasar\u0131m\u0131ndan boyutuna g\u00f6z al\u0131c\u0131 olan bu kitap \u00e7ocuklar\u0131 modern sanatla tan\u0131\u015ft\u0131rman\u0131n belki de en e\u011flenceli yolu!<span class=\"excerpt-hellip\"> [\u2026]<\/span><\/p>\n","protected":false},"featured_media":0,"template":"","meta":{"_monsterinsights_skip_tracking":false,"_monsterinsights_sitenote_active":false,"_monsterinsights_sitenote_note":"","_monsterinsights_sitenote_category":0},"product_brand":[],"product_cat":[12274,15842],"product_tag":[],"class_list":{"0":"post-779925","1":"product","2":"type-product","3":"status-publish","5":"product_cat-cocuk-ve-genclik-kitaplari","6":"product_cat-egitici-kitaplar","7":"pa_cilt-ciltsiz","8":"pa_tur-kitap","9":"pa_yayinevi-domingo-yayinevi","10":"pa_yazar-kolektif","12":"first","13":"instock","14":"sale","15":"shipping-taxable","16":"purchasable","17":"product-type-simple"},"_links":{"self":[{"href":"https:\/\/roveyayinevi.com.tr\/index.php\/wp-json\/wp\/v2\/product\/779925","targetHints":{"allow":["GET"]}}],"collection":[{"href":"https:\/\/roveyayinevi.com.tr\/index.php\/wp-json\/wp\/v2\/product"}],"about":[{"href":"https:\/\/roveyayinevi.com.tr\/index.php\/wp-json\/wp\/v2\/types\/product"}],"wp:attachment":[{"href":"https:\/\/roveyayinevi.com.tr\/index.php\/wp-json\/wp\/v2\/media?parent=779925"}],"wp:term":[{"taxonomy":"product_brand","embeddable":true,"href":"https:\/\/roveyayinevi.com.tr\/index.php\/wp-json\/wp\/v2\/product_brand?post=779925"},{"taxonomy":"product_cat","embeddable":true,"href":"https:\/\/roveyayinevi.com.tr\/index.php\/wp-json\/wp\/v2\/product_cat?post=779925"},{"taxonomy":"product_tag","embeddable":true,"href":"https:\/\/roveyayinevi.com.tr\/index.php\/wp-json\/wp\/v2\/product_tag?post=779925"}],"curies":[{"name":"wp","href":"https:\/\/api.w.org\/{rel}","templated":true}]}}