{"id":779923,"date":"2025-12-30T12:16:45","date_gmt":"2025-12-30T09:16:45","guid":{"rendered":"https:\/\/roveyayinevi.com.tr\/index.php\/urun\/icimizde-bir-yer\/"},"modified":"2025-12-30T12:16:45","modified_gmt":"2025-12-30T09:16:45","slug":"icimizde-bir-yer","status":"publish","type":"product","link":"https:\/\/roveyayinevi.com.tr\/index.php\/urun\/icimizde-bir-yer\/","title":{"rendered":"\u0130\u00e7imizde Bir Yer"},"content":{"rendered":"<p>Bu s\u00f6yledi\u011fimin do\u011fru olup olmad\u0131\u011f\u0131ndan hi\u00e7 emin de\u011filim ama bana \u00f6yle geliyor ki sanki hepimiz, i\u00e7imizde bir ba\u015fkas\u0131 i\u00e7in ayr\u0131lm\u0131\u015f bir yerle do\u011fuyoruz. Bir par\u00e7as\u0131 kay\u0131p bir bulmaca gibi&#8230; Hayat\u0131m\u0131z\u0131n \u00f6nemli b\u00f6l\u00fcm\u00fcn\u00fc garip bir eksiklik duygusu ile ge\u00e7irmemiz, baz\u0131 sabahlar anla\u015f\u0131lmaz s\u0131k\u0131nt\u0131larla uyanmam\u0131z, bazen isimsiz umutlarla ne\u015felenmemiz, san\u0131r\u0131m o bo\u015flu\u011fun i\u00e7imizde yaratt\u0131\u011f\u0131 girdaptan kaynaklan\u0131yor, Kar\u015f\u0131la\u015ft\u0131\u011f\u0131m\u0131z her kad\u0131na ve erke\u011fe, belki de hi\u00e7 fark\u0131nda olmadan, girinti \u00e7\u0131k\u0131nt\u0131lar\u0131 o bo\u015flu\u011fun kesiklerine uyacak m\u0131 diye bak\u0131yoruz. Elinde Cinderella\u2019n\u0131n ayakkab\u0131s\u0131yla dola\u015fan biri var sanki i\u00e7imizde, herkese, &#8220;Acaba ayakkab\u0131n\u0131n sahibi bu mu?&#8221; diye bak\u0131yor. Tam olarak neyi ve kimi arad\u0131\u011f\u0131m\u0131z\u0131 bilmiyoruz. Bize \u00f6\u011fretilen bilgiler\u00acden yola \u00e7\u0131karak arad\u0131\u011f\u0131m\u0131z insanla ilgili bir\u00e7ok olumlu \u00f6zellik s\u0131ral\u0131yoruz ama genellikle s\u00f6ylediklerimiz ger\u00e7e\u011fe \u00e7ok uymuyor. Sonra birden birisi hayat\u0131m\u0131za giriveriyor. Onun sahip oldu\u011fu bir \u015fey, belki kokusu, belki dokunu\u015fu, belki g\u00fcl\u00fc\u015f\u00fc, belki zek\u00e2s\u0131, belki hayata bak\u0131\u015f tarz\u0131, belki zevki, belki ald\u0131rmazl\u0131\u011f\u0131, belki ihtiras\u0131, belki de k\u00f6t\u00fcl\u00fc\u011f\u00fc, i\u00e7imizdeki bo\u015flu\u011fun b\u00fct\u00fcn girinti \u00e7\u0131k\u0131nt\u0131lar\u0131n\u0131 doldu\u00acruyor. \u0130lk d\u00fc\u015f\u00fcnd\u00fc\u011f\u00fcm\u00fcz, onunla mutlu ve huzurlu olaca\u011f\u0131m\u0131z. \u0130\u00e7imizdeki bo\u015flu\u011fun ancak &#8220;iyi \u015feylere&#8221; sahip biri taraf\u0131ndan doldurulabilece\u011fini san\u0131yoruz. Ama ger\u00e7ek, her zaman b\u00f6yle de\u011fil.<\/p>\n","protected":false},"excerpt":{"rendered":"<p>Bu s\u00f6yledi\u011fimin do\u011fru olup olmad\u0131\u011f\u0131ndan hi\u00e7 emin de\u011filim ama bana \u00f6yle geliyor ki sanki hepimiz, i\u00e7imizde bir ba\u015fkas\u0131 i\u00e7in ayr\u0131lm\u0131\u015f bir yerle do\u011fuyoruz. Bir par\u00e7as\u0131 kay\u0131p<span class=\"excerpt-hellip\"> [\u2026]<\/span><\/p>\n","protected":false},"featured_media":0,"template":"","meta":{"_monsterinsights_skip_tracking":false,"_monsterinsights_sitenote_active":false,"_monsterinsights_sitenote_note":"","_monsterinsights_sitenote_category":0},"product_brand":[],"product_cat":[12777,12291],"product_tag":[],"class_list":{"0":"post-779923","1":"product","2":"type-product","3":"status-publish","5":"product_cat-deneme","6":"product_cat-edebiyat","7":"pa_cilt-ciltsiz","8":"pa_tur-kitap","9":"pa_yayinevi-everest-yayinlari","10":"pa_yazar-ahmet-altan","12":"first","13":"instock","14":"sale","15":"shipping-taxable","16":"purchasable","17":"product-type-simple"},"_links":{"self":[{"href":"https:\/\/roveyayinevi.com.tr\/index.php\/wp-json\/wp\/v2\/product\/779923","targetHints":{"allow":["GET"]}}],"collection":[{"href":"https:\/\/roveyayinevi.com.tr\/index.php\/wp-json\/wp\/v2\/product"}],"about":[{"href":"https:\/\/roveyayinevi.com.tr\/index.php\/wp-json\/wp\/v2\/types\/product"}],"wp:attachment":[{"href":"https:\/\/roveyayinevi.com.tr\/index.php\/wp-json\/wp\/v2\/media?parent=779923"}],"wp:term":[{"taxonomy":"product_brand","embeddable":true,"href":"https:\/\/roveyayinevi.com.tr\/index.php\/wp-json\/wp\/v2\/product_brand?post=779923"},{"taxonomy":"product_cat","embeddable":true,"href":"https:\/\/roveyayinevi.com.tr\/index.php\/wp-json\/wp\/v2\/product_cat?post=779923"},{"taxonomy":"product_tag","embeddable":true,"href":"https:\/\/roveyayinevi.com.tr\/index.php\/wp-json\/wp\/v2\/product_tag?post=779923"}],"curies":[{"name":"wp","href":"https:\/\/api.w.org\/{rel}","templated":true}]}}