{"id":779922,"date":"2025-12-30T12:16:43","date_gmt":"2025-12-30T09:16:43","guid":{"rendered":"https:\/\/roveyayinevi.com.tr\/index.php\/urun\/nasilsin\/"},"modified":"2026-04-15T03:44:40","modified_gmt":"2026-04-15T00:44:40","slug":"nasilsin","status":"publish","type":"product","link":"https:\/\/roveyayinevi.com.tr\/index.php\/urun\/nasilsin\/","title":{"rendered":"Nas\u0131ls\u0131n?"},"content":{"rendered":"<p>Bu kitap, anlamadan yarg\u0131layan, dinlemeden konu\u015fan ve ba\u011f kurmakta zorlanan modern d\u00fcnyan\u0131n insan\u0131na, yeniden birbirini duyman\u0131n yollar\u0131n\u0131 g\u00f6steren bir manifesto\u2026Prof. Dr. Nalan Kuru, y\u0131llar s\u00fcren akademik \u00e7al\u0131\u015fmalar\u0131 ve sahadaki deneyimlerinden s\u00fczerek olu\u015fturdu\u011fu Duygu Dostu \u0130leti\u015fim modeliyle, kelimelerin \u00f6tesine ge\u00e7erek duygulara temas edebilmenin m\u00fcmk\u00fcn oldu\u011funu anlat\u0131yor. Duygular \u201cduyuldu\u011funda\u201d beynimizin, davran\u0131\u015flar\u0131m\u0131z\u0131n, s\u00f6zc\u00fcklerimizin, en nihayetinde ili\u015fkilerimizin nas\u0131l de\u011fi\u015fti\u011fini g\u00f6rmek hayret verici\u2026 \u00c7\u00fcnk\u00fc bu model, biyolojik, bili\u015fsel ve ili\u015fkisel d\u00fczeyde bir d\u00f6n\u00fc\u015f\u00fcm anlam\u0131na geliyor.N\u00f6robilim temelleri \u00fczerine kurulu bu model; ebeveynlerden \u00f6\u011fretmenlere, y\u00f6neticilerden gen\u00e7lere kadar herkesin i\u00e7indeki \u201canla\u015f\u0131lma\u201d ihtiyac\u0131na sesleniyor; kendimizi ve sevdiklerimizi yeniden duyabilmenin anahtar\u0131n\u0131 veriyor.* * *\u201cBu de\u011ferli eserin bir\u00e7ok insana, hayat\u0131n belki de en \u00f6nemli meselesi olan duygulara dokunma ve onlar\u0131 tan\u0131ma \u015fans\u0131 verecek temel bir kaynak oldu\u011funu d\u00fc\u015f\u00fcn\u00fcyorum. Duygular\u0131n\u0131 anlay\u0131p onlar\u0131 y\u00f6netenlerin d\u00fcnyay\u0131 daha iyi bir yere d\u00f6n\u00fc\u015ft\u00fcrece\u011fine inanmak i\u00e7in \u015fahsen benim \u00e7ok sebebim var.\u201dProf. Dr. Sinan Canan\u201cProf. Dr. Nalan Kuru, sade bir dille kaleme ald\u0131\u011f\u0131 kitab\u0131yla elimizden tutuyor ve bize duygular\u0131n d\u00fcnyas\u0131nda \u015fefkatle yol g\u00f6steriyor. \u00c7evresiyle iyi ili\u015fkiler kurabilmek, ileti\u015fimini g\u00fc\u00e7lendirmek isteyen ve konuyla ilgili g\u00fcvenilir bir kaynak arayan herkes bu kitab\u0131 okuyabilir.\u201dDr. Bahar Eri\u015f\u201cBu kitap, bireysel, toplumsal ve evrensel iyi olu\u015fu besleyen unsurlar\u0131 ke\u015ffetmek, \u00fczerine d\u00fc\u015f\u00fcnmek ve derinlemesine anlamak i\u00e7in benzersiz bir f\u0131rsat\u2026 Prof. Dr. Nalan Kuru, duygular\u0131n ve ileti\u015fimin ili\u015fkiler i\u00e7in ne kadar temel oldu\u011funu, Duygu Dostu \u0130leti\u015fimin evrensel iyilik h\u00e2linin hem kilidi hem anahtar\u0131 oldu\u011funu fark ettiriyor.\u201dDr. Louise Gilbert <\/p>\n","protected":false},"excerpt":{"rendered":"<p>Bu kitap, anlamadan yarg\u0131layan, dinlemeden konu\u015fan ve ba\u011f kurmakta zorlanan modern d\u00fcnyan\u0131n insan\u0131na, yeniden birbirini duyman\u0131n yollar\u0131n\u0131 g\u00f6steren bir manifesto\u2026Prof. Dr. Nalan Kuru, y\u0131llar s\u00fcren akademik<span class=\"excerpt-hellip\"> [\u2026]<\/span><\/p>\n","protected":false},"featured_media":0,"template":"","meta":{"_monsterinsights_skip_tracking":false,"_monsterinsights_sitenote_active":false,"_monsterinsights_sitenote_note":"","_monsterinsights_sitenote_category":0},"product_brand":[],"product_cat":[12357],"product_tag":[],"class_list":{"0":"post-779922","1":"product","2":"type-product","3":"status-publish","5":"product_cat-psikoloji","6":"pa_cilt-ciltsiz","7":"pa_tur-kitap","8":"pa_yayinevi-mona-kitap","9":"pa_yazar-nalan-kuru","11":"first","12":"instock","13":"sale","14":"shipping-taxable","15":"purchasable","16":"product-type-simple"},"_links":{"self":[{"href":"https:\/\/roveyayinevi.com.tr\/index.php\/wp-json\/wp\/v2\/product\/779922","targetHints":{"allow":["GET"]}}],"collection":[{"href":"https:\/\/roveyayinevi.com.tr\/index.php\/wp-json\/wp\/v2\/product"}],"about":[{"href":"https:\/\/roveyayinevi.com.tr\/index.php\/wp-json\/wp\/v2\/types\/product"}],"wp:attachment":[{"href":"https:\/\/roveyayinevi.com.tr\/index.php\/wp-json\/wp\/v2\/media?parent=779922"}],"wp:term":[{"taxonomy":"product_brand","embeddable":true,"href":"https:\/\/roveyayinevi.com.tr\/index.php\/wp-json\/wp\/v2\/product_brand?post=779922"},{"taxonomy":"product_cat","embeddable":true,"href":"https:\/\/roveyayinevi.com.tr\/index.php\/wp-json\/wp\/v2\/product_cat?post=779922"},{"taxonomy":"product_tag","embeddable":true,"href":"https:\/\/roveyayinevi.com.tr\/index.php\/wp-json\/wp\/v2\/product_tag?post=779922"}],"curies":[{"name":"wp","href":"https:\/\/api.w.org\/{rel}","templated":true}]}}