{"id":779920,"date":"2025-12-30T12:16:39","date_gmt":"2025-12-30T09:16:39","guid":{"rendered":"https:\/\/roveyayinevi.com.tr\/index.php\/urun\/canavar-adasi-okulu-kurtulanlar-2\/"},"modified":"2026-04-15T03:44:39","modified_gmt":"2026-04-15T00:44:39","slug":"canavar-adasi-okulu-kurtulanlar-2","status":"publish","type":"product","link":"https:\/\/roveyayinevi.com.tr\/index.php\/urun\/canavar-adasi-okulu-kurtulanlar-2\/","title":{"rendered":"Canavar Adas\u0131 Okulu &#8211; Kurtulanlar -2"},"content":{"rendered":"<p>Canavar Adas\u0131\u2019nda hayat asla s\u0131k\u0131c\u0131 de\u011fil! S\u0131n\u0131f arkada\u015flar\u0131 inan\u0131lmaz yetenekleriyle par\u0131ldarken Tapio\u2019nun tek derdi seyir defteri. Ama i\u015fler k\u0131sa s\u00fcrede kar\u0131\u015f\u0131yor: Huysuz bir trol adan\u0131n dengesini alt\u00fcst ediyor, \u00f6\u011fretmenler gizemli bir \u015fekilde ortadan kayboluyor ve \u00e7ocuklar sihirli puding toplar\u0131n\u0131 mideye indiriyor! Art\u0131k okulu kurtarabilecek tek \u015fey kriptofizik&#8230; Ne yaz\u0131k ki Tapio\u2019nun bu konuda en ufak bir fikri yok!   TUHAF, KOM\u0130K, KOLAY OKUNUR -ETK\u0130LEY\u0130C\u0130 MANGA \u00c7\u0130Z\u0130MLER\u0130YLE B\u0130RL\u0130KTE.<\/p>\n","protected":false},"excerpt":{"rendered":"<p>Canavar Adas\u0131\u2019nda hayat asla s\u0131k\u0131c\u0131 de\u011fil! S\u0131n\u0131f arkada\u015flar\u0131 inan\u0131lmaz yetenekleriyle par\u0131ldarken Tapio\u2019nun tek derdi seyir defteri. Ama i\u015fler k\u0131sa s\u00fcrede kar\u0131\u015f\u0131yor: Huysuz bir trol adan\u0131n dengesini<span class=\"excerpt-hellip\"> [\u2026]<\/span><\/p>\n","protected":false},"featured_media":0,"template":"","meta":{"_monsterinsights_skip_tracking":false,"_monsterinsights_sitenote_active":false,"_monsterinsights_sitenote_note":"","_monsterinsights_sitenote_category":0},"product_brand":[],"product_cat":[12689,12274],"product_tag":[],"class_list":{"0":"post-779920","1":"product","2":"type-product","3":"status-publish","5":"product_cat-cizgi-roman-cocuk-ve-genclik-kitaplari","6":"product_cat-cocuk-ve-genclik-kitaplari","7":"pa_cilt-ciltsiz","8":"pa_tur-kitap","9":"pa_yayinevi-buyulu-fener-yayinlari","10":"pa_yazar-christian-tielmann","12":"first","13":"instock","14":"sale","15":"shipping-taxable","16":"purchasable","17":"product-type-simple"},"_links":{"self":[{"href":"https:\/\/roveyayinevi.com.tr\/index.php\/wp-json\/wp\/v2\/product\/779920","targetHints":{"allow":["GET"]}}],"collection":[{"href":"https:\/\/roveyayinevi.com.tr\/index.php\/wp-json\/wp\/v2\/product"}],"about":[{"href":"https:\/\/roveyayinevi.com.tr\/index.php\/wp-json\/wp\/v2\/types\/product"}],"wp:attachment":[{"href":"https:\/\/roveyayinevi.com.tr\/index.php\/wp-json\/wp\/v2\/media?parent=779920"}],"wp:term":[{"taxonomy":"product_brand","embeddable":true,"href":"https:\/\/roveyayinevi.com.tr\/index.php\/wp-json\/wp\/v2\/product_brand?post=779920"},{"taxonomy":"product_cat","embeddable":true,"href":"https:\/\/roveyayinevi.com.tr\/index.php\/wp-json\/wp\/v2\/product_cat?post=779920"},{"taxonomy":"product_tag","embeddable":true,"href":"https:\/\/roveyayinevi.com.tr\/index.php\/wp-json\/wp\/v2\/product_tag?post=779920"}],"curies":[{"name":"wp","href":"https:\/\/api.w.org\/{rel}","templated":true}]}}