{"id":779918,"date":"2025-12-30T12:16:34","date_gmt":"2025-12-30T09:16:34","guid":{"rendered":"https:\/\/roveyayinevi.com.tr\/index.php\/urun\/mafya-dadisi-2\/"},"modified":"2026-04-15T03:44:39","modified_gmt":"2026-04-15T00:44:39","slug":"mafya-dadisi-2","status":"publish","type":"product","link":"https:\/\/roveyayinevi.com.tr\/index.php\/urun\/mafya-dadisi-2\/","title":{"rendered":"Mafya Dad\u0131s\u0131 2"},"content":{"rendered":"<p>Elit bir dad\u0131 olmak basittir: Korumakla yu\u0308ku\u0308mlu\u0308 oldu\u011fun ki\u015fiyi gu\u0308vende tut, prensiplere uy ve duygusal ba\u011f kurma!Davina\u2019n\u0131n ilk mu\u0308\u015fterisi, onu alt etmeye kararl\u0131, tehlikeli ve \u00e7ekici bir Venedik mafya babas\u0131n\u0131n sa\u011fkolu \u00e7\u0131k\u0131nca bunun o kadar da basit olmad\u0131\u011f\u0131 ortaya \u00e7\u0131k\u0131yor. Davina, onun kendisinden ne istedi\u011fini bir tu\u0308rlu\u0308 tahmin edemiyor. Oysa Gabriel Angelini, onu geride b\u0131rakt\u0131\u011f\u0131n\u0131 sand\u0131\u011f\u0131, g\u00f6z kama\u015ft\u0131r\u0131c\u0131 organize su\u00e7 du\u0308nyas\u0131n\u0131n i\u00e7ine su\u0308ru\u0308klu\u0308yor.Davina, Mikey\u2019i korumak i\u00e7in hayat\u0131n\u0131 riske atmaya devam ettik\u00e7e kendini, babas\u0131n\u0131n karanl\u0131k ve esrarengiz du\u0308nyas\u0131n\u0131n i\u00e7ine daha da \u00e7ekilmi\u015f bulur. Mafya yeralt\u0131 du\u0308nyas\u0131nda kendi yerini sorgularken, Mikey\u2019i babas\u0131n\u0131n h\u0131rslar\u0131ndan uzak tutmaya \u00e7al\u0131\u015f\u0131r. Bir yandan da bu yak\u0131\u015f\u0131kl\u0131 ama tehlikeli adama g\u00f6nlu\u0308nu\u0308 kapt\u0131rmamak i\u00e7in mu\u0308cadele eder.Bu cilt, bu\u0308yu\u0308k ilgi g\u00f6ren WEBTOON serisi Mafya Dad\u0131s\u0131\u2019n\u0131n 13\u2019ten 26\u2019ya kadar olan b\u00f6lu\u0308mlerini bir araya getiriyo<\/p>\n","protected":false},"excerpt":{"rendered":"<p>Elit bir dad\u0131 olmak basittir: Korumakla yu\u0308ku\u0308mlu\u0308 oldu\u011fun ki\u015fiyi gu\u0308vende tut, prensiplere uy ve duygusal ba\u011f kurma!Davina\u2019n\u0131n ilk mu\u0308\u015fterisi, onu alt etmeye kararl\u0131, tehlikeli ve \u00e7ekici<span class=\"excerpt-hellip\"> [\u2026]<\/span><\/p>\n","protected":false},"featured_media":0,"template":"","meta":{"_monsterinsights_skip_tracking":false,"_monsterinsights_sitenote_active":false,"_monsterinsights_sitenote_note":"","_monsterinsights_sitenote_category":0},"product_brand":[],"product_cat":[12416,12291],"product_tag":[],"class_list":{"0":"post-779918","1":"product","2":"type-product","3":"status-publish","5":"product_cat-cizgi-roman","6":"product_cat-edebiyat","7":"pa_cilt-ciltsiz","8":"pa_tur-kitap","9":"pa_yayinevi-artemis-yayinlari","10":"pa_yazar-violet-matter","12":"first","13":"instock","14":"sale","15":"shipping-taxable","16":"purchasable","17":"product-type-simple"},"_links":{"self":[{"href":"https:\/\/roveyayinevi.com.tr\/index.php\/wp-json\/wp\/v2\/product\/779918","targetHints":{"allow":["GET"]}}],"collection":[{"href":"https:\/\/roveyayinevi.com.tr\/index.php\/wp-json\/wp\/v2\/product"}],"about":[{"href":"https:\/\/roveyayinevi.com.tr\/index.php\/wp-json\/wp\/v2\/types\/product"}],"wp:attachment":[{"href":"https:\/\/roveyayinevi.com.tr\/index.php\/wp-json\/wp\/v2\/media?parent=779918"}],"wp:term":[{"taxonomy":"product_brand","embeddable":true,"href":"https:\/\/roveyayinevi.com.tr\/index.php\/wp-json\/wp\/v2\/product_brand?post=779918"},{"taxonomy":"product_cat","embeddable":true,"href":"https:\/\/roveyayinevi.com.tr\/index.php\/wp-json\/wp\/v2\/product_cat?post=779918"},{"taxonomy":"product_tag","embeddable":true,"href":"https:\/\/roveyayinevi.com.tr\/index.php\/wp-json\/wp\/v2\/product_tag?post=779918"}],"curies":[{"name":"wp","href":"https:\/\/api.w.org\/{rel}","templated":true}]}}