{"id":779913,"date":"2025-12-30T12:16:20","date_gmt":"2025-12-30T09:16:20","guid":{"rendered":"https:\/\/roveyayinevi.com.tr\/index.php\/urun\/derslerini-verelim-get-schooled-ucuncu-cilt\/"},"modified":"2026-04-15T03:44:39","modified_gmt":"2026-04-15T00:44:39","slug":"derslerini-verelim-get-schooled-ucuncu-cilt","status":"publish","type":"product","link":"https:\/\/roveyayinevi.com.tr\/index.php\/urun\/derslerini-verelim-get-schooled-ucuncu-cilt\/","title":{"rendered":"Derslerini Verelim Get Schooled \u00dc\u00e7\u00fcnc\u00fc Cilt"},"content":{"rendered":"<p>Na Hwajin ve \u0130m Han-rim\u2019in i\u015f birli\u011fiyle \u00d6HKB giderek g\u00fc\u00e7leniyor; Kore e\u011fitim sistemindeki art niyetli akt\u00f6rler i\u00e7in art\u0131k tehlike \u00e7anlar\u0131 \u00e7al\u0131yor! Milli tak\u0131mdaki basketbolcu Soo-yeon ve Ja-yeon karde\u015fler, i\u00e7lerindeki k\u0131skan\u00e7l\u0131\u011f\u0131n da etkisiyle zorbal\u0131\u011f\u0131n dozunu fazlas\u0131yla ka\u00e7\u0131r\u0131rlar. Kimsenin \u00f6nlerine ge\u00e7mesine izin veremezler! Hedefleri haline gelen Eun-ha, maruz kald\u0131\u011f\u0131 bask\u0131ya art\u0131k daha fazla dayanamazken, okulun basketbol ko\u00e7u \u0130m Han-rim devreye girer. Bu s\u0131rada \u00e7ocuklara toplumsal ayr\u0131mc\u0131l\u0131\u011f\u0131n yanl\u0131\u015f oldu\u011funu \u00f6\u011fretme iddias\u0131yla ortaya \u00e7\u0131kan bir grup e\u011fitmen, fark\u0131nda olmadan ayr\u0131mc\u0131l\u0131\u011f\u0131n bizzat uygulay\u0131c\u0131s\u0131na d\u00f6n\u00fc\u015f\u00fcr. Hwajin ve Han-rim, \u0131slah etmeye dayal\u0131 adalet anlay\u0131\u015flar\u0131n\u0131n yaln\u0131zca \u00f6\u011frenciler i\u00e7in de\u011fil, \u00f6\u011fretmenler i\u00e7in de gerekli oldu\u011funu fark ederler. G\u00f6revler t\u00fcm h\u0131z\u0131yla s\u00fcrerken Hwajin\u2019in kar\u015f\u0131s\u0131na, ailesi taraf\u0131ndan istismar edilen k\u00fc\u00e7\u00fck Min-seo \u00e7\u0131kar. Ancak bu kez mesele \u00d6HKB\u2019nin de\u011fil, Hwajin\u2019in vicdan\u0131n\u0131n s\u0131nav\u0131d\u0131r. O da bu durumu bir \u00d6HKB \u00e7al\u0131\u015fan\u0131 olarak de\u011fil, bir vatanda\u015f olarak kendi y\u00f6ntemleriyle \u00e7\u00f6zmek zorundad\u0131r.Hi\u00e7bir hata sebepsiz de\u011fildir. T\u00fcm bu sebeplerin izini s\u00fcren Hwajin ve Han-rim, ezber bozan y\u00f6ntemleriyle e\u011fitim sisteminde ya\u015fanan kaosu k\u00f6kten sona erdirmeye kararl\u0131d\u0131r.<\/p>\n","protected":false},"excerpt":{"rendered":"<p>Na Hwajin ve \u0130m Han-rim\u2019in i\u015f birli\u011fiyle \u00d6HKB giderek g\u00fc\u00e7leniyor; Kore e\u011fitim sistemindeki art niyetli akt\u00f6rler i\u00e7in art\u0131k tehlike \u00e7anlar\u0131 \u00e7al\u0131yor! Milli tak\u0131mdaki basketbolcu Soo-yeon ve<span class=\"excerpt-hellip\"> [\u2026]<\/span><\/p>\n","protected":false},"featured_media":0,"template":"","meta":{"_monsterinsights_skip_tracking":false,"_monsterinsights_sitenote_active":false,"_monsterinsights_sitenote_note":"","_monsterinsights_sitenote_category":0},"product_brand":[],"product_cat":[12416,12291],"product_tag":[],"class_list":{"0":"post-779913","1":"product","2":"type-product","3":"status-publish","5":"product_cat-cizgi-roman","6":"product_cat-edebiyat","7":"pa_cilt-ciltsiz","8":"pa_tur-kitap","9":"pa_yayinevi-artemis-yayinlari","10":"pa_yazar-yongtaek-chae","12":"first","13":"instock","14":"sale","15":"shipping-taxable","16":"purchasable","17":"product-type-simple"},"_links":{"self":[{"href":"https:\/\/roveyayinevi.com.tr\/index.php\/wp-json\/wp\/v2\/product\/779913","targetHints":{"allow":["GET"]}}],"collection":[{"href":"https:\/\/roveyayinevi.com.tr\/index.php\/wp-json\/wp\/v2\/product"}],"about":[{"href":"https:\/\/roveyayinevi.com.tr\/index.php\/wp-json\/wp\/v2\/types\/product"}],"wp:attachment":[{"href":"https:\/\/roveyayinevi.com.tr\/index.php\/wp-json\/wp\/v2\/media?parent=779913"}],"wp:term":[{"taxonomy":"product_brand","embeddable":true,"href":"https:\/\/roveyayinevi.com.tr\/index.php\/wp-json\/wp\/v2\/product_brand?post=779913"},{"taxonomy":"product_cat","embeddable":true,"href":"https:\/\/roveyayinevi.com.tr\/index.php\/wp-json\/wp\/v2\/product_cat?post=779913"},{"taxonomy":"product_tag","embeddable":true,"href":"https:\/\/roveyayinevi.com.tr\/index.php\/wp-json\/wp\/v2\/product_tag?post=779913"}],"curies":[{"name":"wp","href":"https:\/\/api.w.org\/{rel}","templated":true}]}}