{"id":779911,"date":"2025-12-30T12:16:16","date_gmt":"2025-12-30T09:16:16","guid":{"rendered":"https:\/\/roveyayinevi.com.tr\/index.php\/urun\/sukunetimde-birikenler\/"},"modified":"2026-04-15T03:44:39","modified_gmt":"2026-04-15T00:44:39","slug":"sukunetimde-birikenler","status":"publish","type":"product","link":"https:\/\/roveyayinevi.com.tr\/index.php\/urun\/sukunetimde-birikenler\/","title":{"rendered":"Sukunetimde Birikenler"},"content":{"rendered":"<p>Sebepsizmi\u015f gibi; g\u00f6sterdi\u011fin bir tav\u0131r Su\u00e7 gibi yaz\u0131l\u0131r zaman\u0131n defterine Ge\u00e7ti dedi\u011fin hi\u00e7bir \u015fey ge\u00e7mez asl\u0131nda Saklan\u0131r zaman\u0131n kuytular\u0131ndaki kuyulara Hi\u00e7 beklemedi\u011fin bir anda yank\u0131lan\u0131r Kulaklar\u0131nda o kuyuya sas\u0131m\u0131\u015f bir c\u00fcmle A\u011f\u0131rla\u015f\u0131r kan damarlar\u0131nda Sus pus olur zaman ve mek\u00e2n Susmu\u015ftur ve hem de susam\u0131\u015ft\u0131r dudaklar\u0131n Ve ans\u0131z\u0131n d\u00fcnyada i\u015flenen B\u00fct\u00fcn c\u00fcr\u00fcmlerin faili san\u0131rs\u0131n kendini \u0130yi ya da k\u00f6t\u00fc ge\u00e7en b\u00fct\u00fcn g\u00fcnlerin H\u00fckm\u00fc verilir bir nefeste Hatas\u0131 ve sevab\u0131yla Bir kalbe ba\u011fl\u0131 ya\u015famak yetmez baz\u0131s\u0131na Tak\u0131l\u0131r kal\u0131rs\u0131n kuyudan gelen yank\u0131lara \u0130ki yol vard\u0131r bundan sonra se\u00e7ece\u011fin Ya inand\u0131\u011f\u0131n gibi sava\u015fmak Ya da zaman\u0131n her an\u0131nda duymadan susmak Asl\u0131nda Kendi bencilli\u011fini Ba\u015fka bir bencillik ile denkle\u015ftirme sanat\u0131d\u0131r YA\u015eAMAK<\/p>\n","protected":false},"excerpt":{"rendered":"<p>Sebepsizmi\u015f gibi; g\u00f6sterdi\u011fin bir tav\u0131r Su\u00e7 gibi yaz\u0131l\u0131r zaman\u0131n defterine Ge\u00e7ti dedi\u011fin hi\u00e7bir \u015fey ge\u00e7mez asl\u0131nda Saklan\u0131r zaman\u0131n kuytular\u0131ndaki kuyulara Hi\u00e7 beklemedi\u011fin bir anda yank\u0131lan\u0131r Kulaklar\u0131nda<span class=\"excerpt-hellip\"> [\u2026]<\/span><\/p>\n","protected":false},"featured_media":0,"template":"","meta":{"_monsterinsights_skip_tracking":false,"_monsterinsights_sitenote_active":false,"_monsterinsights_sitenote_note":"","_monsterinsights_sitenote_category":0},"product_brand":[],"product_cat":[12291,12509],"product_tag":[],"class_list":{"0":"post-779911","1":"product","2":"type-product","3":"status-publish","5":"product_cat-edebiyat","6":"product_cat-siir","7":"pa_cilt-ciltsiz","8":"pa_tur-kitap","9":"pa_yayinevi-sinirsiz-kitap","10":"pa_yazar-soner-kisik","12":"first","13":"instock","14":"sale","15":"shipping-taxable","16":"purchasable","17":"product-type-simple"},"_links":{"self":[{"href":"https:\/\/roveyayinevi.com.tr\/index.php\/wp-json\/wp\/v2\/product\/779911","targetHints":{"allow":["GET"]}}],"collection":[{"href":"https:\/\/roveyayinevi.com.tr\/index.php\/wp-json\/wp\/v2\/product"}],"about":[{"href":"https:\/\/roveyayinevi.com.tr\/index.php\/wp-json\/wp\/v2\/types\/product"}],"wp:attachment":[{"href":"https:\/\/roveyayinevi.com.tr\/index.php\/wp-json\/wp\/v2\/media?parent=779911"}],"wp:term":[{"taxonomy":"product_brand","embeddable":true,"href":"https:\/\/roveyayinevi.com.tr\/index.php\/wp-json\/wp\/v2\/product_brand?post=779911"},{"taxonomy":"product_cat","embeddable":true,"href":"https:\/\/roveyayinevi.com.tr\/index.php\/wp-json\/wp\/v2\/product_cat?post=779911"},{"taxonomy":"product_tag","embeddable":true,"href":"https:\/\/roveyayinevi.com.tr\/index.php\/wp-json\/wp\/v2\/product_tag?post=779911"}],"curies":[{"name":"wp","href":"https:\/\/api.w.org\/{rel}","templated":true}]}}