{"id":779910,"date":"2025-12-30T12:16:14","date_gmt":"2025-12-30T09:16:14","guid":{"rendered":"https:\/\/roveyayinevi.com.tr\/index.php\/urun\/astrolojide-ceres\/"},"modified":"2026-04-15T03:44:39","modified_gmt":"2026-04-15T00:44:39","slug":"astrolojide-ceres","status":"publish","type":"product","link":"https:\/\/roveyayinevi.com.tr\/index.php\/urun\/astrolojide-ceres\/","title":{"rendered":"Astrolojide Ceres"},"content":{"rendered":"<p>G\u00f6ky\u00fcz\u00fcn\u00fcn kadim di\u015fil sesi, Ceres\u2026 Topra\u011f\u0131n, anneli\u011fin, bereketin ve \u015fefkatin arketipi. Astrolojide Ceres; bizi hem besleyen hem de kendimizi beslemeyi \u00f6\u011freten y\u00f6n\u00fcm\u00fcz\u00fc temsil eder. Bu kitapta Ceres\u2019in bur\u00e7lardaki, evlerdeki ve a\u00e7\u0131 ili\u015fkilerindeki yans\u0131malar\u0131n\u0131 ke\u015ffedecek; onun ki\u015fisel haritalardaki konumuyla nas\u0131l bir \u015fifa dili olu\u015fturdu\u011funu anlayacaks\u0131n\u0131z. Ceres\u2019in \u0131\u015f\u0131\u011f\u0131, yaln\u0131zca anneli\u011fi de\u011fil, ayn\u0131 zamanda i\u00e7imizdeki **besleyen, onaran, d\u00f6n\u00fc\u015ft\u00fcren** g\u00fcc\u00fc de hat\u0131rlat\u0131yor. Safiye Nur S\u00fcreyya Gen\u00e7, astroloji alan\u0131nda yapt\u0131\u011f\u0131 ara\u015ft\u0131rmalar, e\u011fitimler ve canl\u0131 yay\u0131nlarla g\u00f6ky\u00fcz\u00fcn\u00fcn sembollerini hayat\u0131n i\u00e7indeki deneyimlerle birle\u015ftiriyor. \u201cAstrolojide Ceres\u201d kitab\u0131 ise bu birikimin, sevgiyle kaleme al\u0131nm\u0131\u015f bir \u00fcr\u00fcn\u00fc. Bu sayfalar, astrolojiyi yaln\u0131zca bir bilgi de\u011fil; bir **\u015fifa ve fark\u0131ndal\u0131k yolu** olarak deneyimlemen i\u00e7in seni davet ediyor. G\u00f6ky\u00fcz\u00fcn\u00fcn besleyen di\u015fil eliyle tan\u0131\u015fmaya haz\u0131r m\u0131s\u0131n? <\/p>\n","protected":false},"excerpt":{"rendered":"<p>G\u00f6ky\u00fcz\u00fcn\u00fcn kadim di\u015fil sesi, Ceres\u2026 Topra\u011f\u0131n, anneli\u011fin, bereketin ve \u015fefkatin arketipi. Astrolojide Ceres; bizi hem besleyen hem de kendimizi beslemeyi \u00f6\u011freten y\u00f6n\u00fcm\u00fcz\u00fc temsil eder. Bu kitapta<span class=\"excerpt-hellip\"> [\u2026]<\/span><\/p>\n","protected":false},"featured_media":0,"template":"","meta":{"_monsterinsights_skip_tracking":false,"_monsterinsights_sitenote_active":false,"_monsterinsights_sitenote_note":"","_monsterinsights_sitenote_category":0},"product_brand":[],"product_cat":[19840,12364],"product_tag":[],"class_list":{"0":"post-779910","1":"product","2":"type-product","3":"status-publish","5":"product_cat-astroloji","6":"product_cat-genel-konular","7":"pa_cilt-ciltsiz","8":"pa_tur-kitap","9":"pa_yayinevi-sinirsiz-kitap","10":"pa_yazar-safiye-nur-sureyya-genc","12":"first","13":"instock","14":"sale","15":"shipping-taxable","16":"purchasable","17":"product-type-simple"},"_links":{"self":[{"href":"https:\/\/roveyayinevi.com.tr\/index.php\/wp-json\/wp\/v2\/product\/779910","targetHints":{"allow":["GET"]}}],"collection":[{"href":"https:\/\/roveyayinevi.com.tr\/index.php\/wp-json\/wp\/v2\/product"}],"about":[{"href":"https:\/\/roveyayinevi.com.tr\/index.php\/wp-json\/wp\/v2\/types\/product"}],"wp:attachment":[{"href":"https:\/\/roveyayinevi.com.tr\/index.php\/wp-json\/wp\/v2\/media?parent=779910"}],"wp:term":[{"taxonomy":"product_brand","embeddable":true,"href":"https:\/\/roveyayinevi.com.tr\/index.php\/wp-json\/wp\/v2\/product_brand?post=779910"},{"taxonomy":"product_cat","embeddable":true,"href":"https:\/\/roveyayinevi.com.tr\/index.php\/wp-json\/wp\/v2\/product_cat?post=779910"},{"taxonomy":"product_tag","embeddable":true,"href":"https:\/\/roveyayinevi.com.tr\/index.php\/wp-json\/wp\/v2\/product_tag?post=779910"}],"curies":[{"name":"wp","href":"https:\/\/api.w.org\/{rel}","templated":true}]}}