{"id":779909,"date":"2025-12-30T12:16:11","date_gmt":"2025-12-30T09:16:11","guid":{"rendered":"https:\/\/roveyayinevi.com.tr\/index.php\/urun\/gecenin-icindeki-mucize\/"},"modified":"2026-04-15T03:44:39","modified_gmt":"2026-04-15T00:44:39","slug":"gecenin-icindeki-mucize","status":"publish","type":"product","link":"https:\/\/roveyayinevi.com.tr\/index.php\/urun\/gecenin-icindeki-mucize\/","title":{"rendered":"Gecenin \u0130\u00e7indeki Mucize"},"content":{"rendered":"<p>Geceleri f\u0131s\u0131lt\u0131larla anlat\u0131lan, sonra sayfalara s\u0131\u011fmay\u0131p b\u00fcy\u00fcyen bu hik\u00e2ye; her \u00e7ocu\u011fun i\u00e7inde sakl\u0131 duran cesareti, her annenin i\u00e7indeki s\u0131n\u0131rs\u0131z sevgiyi ve \u2018farkl\u0131\u2019 olan\u0131n asl\u0131nda ne kadar \u00f6zel olabilece\u011fini hat\u0131rlatmak i\u00e7in yaz\u0131ld\u0131. Sat\u0131r aralar\u0131na k\u00fc\u00e7\u00fck k\u0131z\u0131m Denef\u2019in parmak u\u00e7lar\u0131ndaki sihirler sakland\u0131. Bu kitap; bir farkl\u0131l\u0131\u011f\u0131n, sevgiyle b\u00fcy\u00fct\u00fclen bir cesaretin ve anne kalbinin t\u00fckenmez g\u00fcc\u00fcn\u00fcn eseridir. Yavru kurt Gece\u2019nin kendi yolunu bulurken \u0131\u015f\u0131\u011f\u0131n\u0131 hi\u00e7 kaybetmemesini isteyen bir annenin ve onu her haliyle mucize g\u00f6ren \u00e7ocuklar\u0131n\u0131n masal\u0131d\u0131r. K\u00fc\u00e7\u00fck bir emek; umutla yo\u011frulmu\u015f, sevgiyle saklanm\u0131\u015f ve bir aile masal\u0131ndan do\u011fup ger\u00e7ek bir kitaba d\u00f6n\u00fc\u015fm\u00fc\u015f bir mucizedir.   <\/p>\n","protected":false},"excerpt":{"rendered":"<p>Geceleri f\u0131s\u0131lt\u0131larla anlat\u0131lan, sonra sayfalara s\u0131\u011fmay\u0131p b\u00fcy\u00fcyen bu hik\u00e2ye; her \u00e7ocu\u011fun i\u00e7inde sakl\u0131 duran cesareti, her annenin i\u00e7indeki s\u0131n\u0131rs\u0131z sevgiyi ve \u2018farkl\u0131\u2019 olan\u0131n asl\u0131nda ne kadar<span class=\"excerpt-hellip\"> [\u2026]<\/span><\/p>\n","protected":false},"featured_media":0,"template":"","meta":{"_monsterinsights_skip_tracking":false,"_monsterinsights_sitenote_active":false,"_monsterinsights_sitenote_note":"","_monsterinsights_sitenote_category":0},"product_brand":[],"product_cat":[12274,12284],"product_tag":[],"class_list":{"0":"post-779909","1":"product","2":"type-product","3":"status-publish","5":"product_cat-cocuk-ve-genclik-kitaplari","6":"product_cat-hikayeler","7":"pa_cilt-ciltsiz","8":"pa_tur-kitap","9":"pa_yayinevi-zizi-cocuk","10":"pa_yazar-aysegul-tuguz","12":"first","13":"instock","14":"sale","15":"shipping-taxable","16":"purchasable","17":"product-type-simple"},"_links":{"self":[{"href":"https:\/\/roveyayinevi.com.tr\/index.php\/wp-json\/wp\/v2\/product\/779909","targetHints":{"allow":["GET"]}}],"collection":[{"href":"https:\/\/roveyayinevi.com.tr\/index.php\/wp-json\/wp\/v2\/product"}],"about":[{"href":"https:\/\/roveyayinevi.com.tr\/index.php\/wp-json\/wp\/v2\/types\/product"}],"wp:attachment":[{"href":"https:\/\/roveyayinevi.com.tr\/index.php\/wp-json\/wp\/v2\/media?parent=779909"}],"wp:term":[{"taxonomy":"product_brand","embeddable":true,"href":"https:\/\/roveyayinevi.com.tr\/index.php\/wp-json\/wp\/v2\/product_brand?post=779909"},{"taxonomy":"product_cat","embeddable":true,"href":"https:\/\/roveyayinevi.com.tr\/index.php\/wp-json\/wp\/v2\/product_cat?post=779909"},{"taxonomy":"product_tag","embeddable":true,"href":"https:\/\/roveyayinevi.com.tr\/index.php\/wp-json\/wp\/v2\/product_tag?post=779909"}],"curies":[{"name":"wp","href":"https:\/\/api.w.org\/{rel}","templated":true}]}}